{"id":18060,"date":"2024-05-04T09:38:01","date_gmt":"2024-05-04T06:38:01","guid":{"rendered":"https:\/\/toolhouse.fi\/?page_id=18060"},"modified":"2024-05-04T10:02:16","modified_gmt":"2024-05-04T07:02:16","slug":"tietosuojaseloste","status":"publish","type":"page","link":"https:\/\/toolhouse.fi\/fi\/tietosuojaseloste\/","title":{"rendered":"Tietosuojaseloste"},"content":{"rendered":"\t\t<div data-elementor-type=\"wp-page\" data-elementor-id=\"18060\" class=\"elementor elementor-18060\" data-elementor-post-type=\"page\">\n\t\t\t\t<div class=\"e-con-top elementor-element elementor-element-433123a tietosuoja e-flex e-con-boxed e-con e-parent\" data-id=\"433123a\" data-element_type=\"container\" data-e-type=\"container\" id=\"tietosuoja\">\n\t\t\t\t\t<div class=\"e-con-inner\">\n\t\t\t\t<div class=\"elementor-element elementor-element-65ea73d elementor-widget__width-inherit elementor-widget elementor-widget-table-of-contents\" data-id=\"65ea73d\" data-element_type=\"widget\" data-e-type=\"widget\" data-settings=\"{&quot;headings_by_tags&quot;:[&quot;h2&quot;,&quot;h3&quot;],&quot;container&quot;:&quot;#tietosuoja&quot;,&quot;exclude_headings_by_selector&quot;:[],&quot;marker_view&quot;:&quot;numbers&quot;,&quot;no_headings_message&quot;:&quot;No headings were found on this page.&quot;,&quot;hierarchical_view&quot;:&quot;yes&quot;,&quot;min_height&quot;:{&quot;unit&quot;:&quot;px&quot;,&quot;size&quot;:&quot;&quot;,&quot;sizes&quot;:[]},&quot;min_height_tablet_extra&quot;:{&quot;unit&quot;:&quot;px&quot;,&quot;size&quot;:&quot;&quot;,&quot;sizes&quot;:[]},&quot;min_height_tablet&quot;:{&quot;unit&quot;:&quot;px&quot;,&quot;size&quot;:&quot;&quot;,&quot;sizes&quot;:[]},&quot;min_height_mobile&quot;:{&quot;unit&quot;:&quot;px&quot;,&quot;size&quot;:&quot;&quot;,&quot;sizes&quot;:[]}}\" data-widget_type=\"table-of-contents.default\">\n\t\t\t\t<div class=\"elementor-widget-container\">\n\t\t\t\t\t\t\t\t\t<div class=\"elementor-toc__header\">\n\t\t\t\t\t\t<div class=\"elementor-toc__header-title\">\n\t\t\t\tSis\u00e4llysluettelo\t\t\t<\/div>\n\t\t\t\t\t\t\t\t<\/div>\n\t\t\t\t<div id=\"elementor-toc__65ea73d\" class=\"elementor-toc__body\">\n\t\t\t<div class=\"elementor-toc__spinner-container\">\n\t\t\t\t<i class=\"elementor-toc__spinner eicon-animation-spin eicon-loading\" aria-hidden=\"true\"><\/i>\t\t\t<\/div>\n\t\t<\/div>\n\t\t\t\t\t\t<\/div>\n\t\t\t\t<\/div>\n\t\t\t\t<div class=\"elementor-element elementor-element-98b2e17 elementor-widget elementor-widget-heading\" data-id=\"98b2e17\" data-element_type=\"widget\" data-e-type=\"widget\" data-widget_type=\"heading.default\">\n\t\t\t\t<div class=\"elementor-widget-container\">\n\t\t\t\t\t<h1 class=\"elementor-heading-title elementor-size-default\">Tietosuojaseloste<\/h1>\t\t\t\t<\/div>\n\t\t\t\t<\/div>\n\t\t\t\t<div class=\"elementor-element elementor-element-b3b9b24 elementor-widget elementor-widget-heading\" data-id=\"b3b9b24\" data-element_type=\"widget\" data-e-type=\"widget\" data-widget_type=\"heading.default\">\n\t\t\t\t<div class=\"elementor-widget-container\">\n\t\t\t\t\t<h2 class=\"elementor-heading-title elementor-size-default\">Rekisterinpit\u00e4j\u00e4<\/h2>\t\t\t\t<\/div>\n\t\t\t\t<\/div>\n\t\t\t\t<div class=\"elementor-element elementor-element-f786609 elementor-widget elementor-widget-text-editor\" data-id=\"f786609\" data-element_type=\"widget\" data-e-type=\"widget\" data-widget_type=\"text-editor.default\">\n\t\t\t\t<div class=\"elementor-widget-container\">\n\t\t\t\t\t\t\t\t\t<p>Toolhouse Oy<\/p><p>Y-Tunnus 0894077-7<\/p><p>Osoite: Lotlaxintie 396, 66600 V\u00f6yri, Suomi<\/p><p>Puhelin: 040 1970208<\/p><p>S\u00e4hk\u00f6posti: info@toolhouse.fi<\/p>\t\t\t\t\t\t\t\t<\/div>\n\t\t\t\t<\/div>\n\t\t\t\t<div class=\"elementor-element elementor-element-980e57b elementor-widget elementor-widget-heading\" data-id=\"980e57b\" data-element_type=\"widget\" data-e-type=\"widget\" data-widget_type=\"heading.default\">\n\t\t\t\t<div class=\"elementor-widget-container\">\n\t\t\t\t\t<h2 class=\"elementor-heading-title elementor-size-default\">Rekisterin nimi<\/h2>\t\t\t\t<\/div>\n\t\t\t\t<\/div>\n\t\t\t\t<div class=\"elementor-element elementor-element-f69c473 elementor-widget elementor-widget-text-editor\" data-id=\"f69c473\" data-element_type=\"widget\" data-e-type=\"widget\" data-widget_type=\"text-editor.default\">\n\t\t\t\t<div class=\"elementor-widget-container\">\n\t\t\t\t\t\t\t\t\t<p>Toolhouse Oy:n asiakas- ja suoramarkkinointirekisteri<\/p>\t\t\t\t\t\t\t\t<\/div>\n\t\t\t\t<\/div>\n\t\t\t\t<div class=\"elementor-element elementor-element-655ff01 elementor-widget elementor-widget-heading\" data-id=\"655ff01\" data-element_type=\"widget\" data-e-type=\"widget\" data-widget_type=\"heading.default\">\n\t\t\t\t<div class=\"elementor-widget-container\">\n\t\t\t\t\t<h2 class=\"elementor-heading-title elementor-size-default\">Mit\u00e4 henkil\u00f6tietoja k\u00e4sittelemme?<\/h2>\t\t\t\t<\/div>\n\t\t\t\t<\/div>\n\t\t\t\t<div class=\"elementor-element elementor-element-518f678 elementor-widget elementor-widget-text-editor\" data-id=\"518f678\" data-element_type=\"widget\" data-e-type=\"widget\" data-widget_type=\"text-editor.default\">\n\t\t\t\t<div class=\"elementor-widget-container\">\n\t\t\t\t\t\t\t\t\t<p>Ker\u00e4\u00e4mme henkil\u00f6tietoja, jotka l\u00e4het\u00e4t meille, kun esimerkiksi rekister\u00f6idyt verkkokauppamme asiakkaaksi, tilaat tuotteita, tilaat uutiskirjeen, otat yhteytt\u00e4 asiakaspalveluumme, kirjoitat tuotekommentin. Kun teet tilauksen toiselle henkil\u00f6lle, my\u00f6s h\u00e4nen tietonsa tallennetaan. Tiedot, joita k\u00e4sittelemme ovat nimi, mahdollinen ty\u00f6paikka, henkil\u00f6tunnus, kotiosoite, toimitusosoite tai ty\u00f6paikan osoite, postinumero ja -toimipaikka, s\u00e4hk\u00f6postiosoite, puhelinnumero, tilaushistoria, tekniset tiedot (k\u00e4ytt\u00e4j\u00e4n IP-osoite ja k\u00e4ytett\u00e4v\u00e4 selain) sek\u00e4 ev\u00e4stetiedot. Lis\u00e4ksi voimme ker\u00e4t\u00e4 tiettyj\u00e4 henkil\u00f6tietoja, kuten luottotietoja ja osoitteenmuutoksia, ulkoisista l\u00e4hteist\u00e4.<\/p><p>Tietoja voidaan p\u00e4ivitt\u00e4\u00e4 my\u00f6s viranomaisl\u00e4hteist\u00e4 sek\u00e4 muilta yrityksilt\u00e4 lain sallimissa rajoissa.<\/p>\t\t\t\t\t\t\t\t<\/div>\n\t\t\t\t<\/div>\n\t\t\t\t<div class=\"elementor-element elementor-element-078f946 elementor-widget elementor-widget-heading\" data-id=\"078f946\" data-element_type=\"widget\" data-e-type=\"widget\" data-widget_type=\"heading.default\">\n\t\t\t\t<div class=\"elementor-widget-container\">\n\t\t\t\t\t<h2 class=\"elementor-heading-title elementor-size-default\">Miten k\u00e4yt\u00e4mme henkil\u00f6tietojasi?<\/h2>\t\t\t\t<\/div>\n\t\t\t\t<\/div>\n\t\t\t\t<div class=\"elementor-element elementor-element-7ca0525 elementor-widget elementor-widget-text-editor\" data-id=\"7ca0525\" data-element_type=\"widget\" data-e-type=\"widget\" data-widget_type=\"text-editor.default\">\n\t\t\t\t<div class=\"elementor-widget-container\">\n\t\t\t\t\t\t\t\t\t<p>Tietoja voidaan k\u00e4ytt\u00e4\u00e4 asiakkuutesi ja tilaustesi hallinnointiin, tunnistautumiseen, suoramarkkinointiin, asiakastutkimuksiin, uutiskirjeisiin, analyysi- ja profilointitarkoituksiin sek\u00e4 tilastointiin. Tietoja voidaan k\u00e4ytt\u00e4\u00e4 my\u00f6s markkinointimateriaalin l\u00e4hett\u00e4miseen postilla, tekstiviesteill\u00e4 ja s\u00e4hk\u00f6postilla sek\u00e4 yhteydenottoihin puhelimitse ja automaattisilla puheluilla, ellet ole itse kielt\u00e4nyt t\u00e4t\u00e4. Tietoja voidaan k\u00e4ytt\u00e4\u00e4 my\u00f6s sinulle merkityksellisen tiedon v\u00e4litt\u00e4miseen ja markkinoinnin kohdentamiseen sek\u00e4 palveluidemme parantamiseen. Voit lopettaa uutiskirjeemme tilauksen uutiskirjeess\u00e4 olevan linkin kautta.<\/p><p>Toolhouse Oy voi k\u00e4ytt\u00e4\u00e4 alihankkijoita tai palveluntarjoajia palvelujen yll\u00e4pitoon, paino- ja jakeluteht\u00e4viin, asiakaspalveluun, maksunv\u00e4litykseen ja luotonanto ja -maksupalveluihin, k\u00e4ytt\u00e4j\u00e4tietojen hallinnointiin ja analysointiin, tutkimuksiin, asiakasviestint\u00e4\u00e4n sek\u00e4 kampanjoiden toteuttamiseen. Toolhouse Oy:n alihankkijat ja palveluntarjoajat voivat k\u00e4ytt\u00e4\u00e4 henkil\u00f6tietojasi vain tarkoituksiin, jotka on m\u00e4\u00e4ritelty t\u00e4ss\u00e4 tietosuojaselosteessa.<\/p><p>Yll\u00e4 mainitut kolmannet osapuolet eiv\u00e4t voi k\u00e4ytt\u00e4\u00e4 tietojasi muuhun, kuin t\u00e4ss\u00e4 selosteessa mainittuihin tarkoituksiin sek\u00e4 Toolhouse Oy m\u00e4\u00e4rittelemiin tarkoituksiin. Toolhouse Oy velvoittaa kolmansia osapuolia pit\u00e4m\u00e4\u00e4n tietosi salassa ja varmistamaan riitt\u00e4v\u00e4n tietosuojan tason, jotta tietosi ovat turvassa.<\/p><p>Tietojen siirto EU\/ETA \u2013alueen ulkopuolelle<\/p><p>Tietoja ei luovuteta EU \/ ETA maiden ulkopuolelle, ellei se ole Toolhouse Oy:n tai yhteisty\u00f6kumppanin palvelun teknisen toteutuksen vuoksi tarpeellista. T\u00e4ll\u00f6in Toolhouse Oy huolehtii riitt\u00e4v\u00e4sti tietosuojan tasosta.<\/p><p>Henkil\u00f6tietojasi voidaan luovuttaa viranomaisille n\u00e4in vaadittaessa tai laissa m\u00e4\u00e4riteltyihin tarkoituksiin.<\/p>\t\t\t\t\t\t\t\t<\/div>\n\t\t\t\t<\/div>\n\t\t\t\t<div class=\"elementor-element elementor-element-790b4c0 elementor-widget elementor-widget-heading\" data-id=\"790b4c0\" data-element_type=\"widget\" data-e-type=\"widget\" data-widget_type=\"heading.default\">\n\t\t\t\t<div class=\"elementor-widget-container\">\n\t\t\t\t\t<h2 class=\"elementor-heading-title elementor-size-default\">Miten suojaamme henkil\u00f6tietosi?<\/h2>\t\t\t\t<\/div>\n\t\t\t\t<\/div>\n\t\t\t\t<div class=\"elementor-element elementor-element-54d46ea elementor-widget elementor-widget-text-editor\" data-id=\"54d46ea\" data-element_type=\"widget\" data-e-type=\"widget\" data-widget_type=\"text-editor.default\">\n\t\t\t\t<div class=\"elementor-widget-container\">\n\t\t\t\t\t\t\t\t\t<p>Toolhouse Oy pit\u00e4\u00e4 rekister\u00f6ityjen tietojen huolellista suojaamista eritt\u00e4in t\u00e4rke\u00e4n\u00e4. Tiedot tallennetaan s\u00e4hk\u00f6iseen j\u00e4rjestelm\u00e4\u00e4n, jota suojaavat palomuurit, salasanat ja muut tarvittavat tekniset ratkaisut. Vain m\u00e4\u00e4ritetyill\u00e4 Toolhouse Oy palveluksessa olevilla henkil\u00f6ill\u00e4 sek\u00e4 henkil\u00f6ill\u00e4, jotka tarvitsevat tietoja teht\u00e4viens\u00e4 hoitoon, on p\u00e4\u00e4sy rekisterin tietoihin. Kaikkia, jotka k\u00e4ytt\u00e4v\u00e4t rekisterin tietoja, koskee salassapitovelvollisuus.<\/p>\t\t\t\t\t\t\t\t<\/div>\n\t\t\t\t<\/div>\n\t\t\t\t<div class=\"elementor-element elementor-element-a947ab0 elementor-widget elementor-widget-heading\" data-id=\"a947ab0\" data-element_type=\"widget\" data-e-type=\"widget\" data-widget_type=\"heading.default\">\n\t\t\t\t<div class=\"elementor-widget-container\">\n\t\t\t\t\t<h2 class=\"elementor-heading-title elementor-size-default\">Miten pitk\u00e4\u00e4n henkil\u00f6tietojani s\u00e4\u00e4stet\u00e4\u00e4n?<\/h2>\t\t\t\t<\/div>\n\t\t\t\t<\/div>\n\t\t\t\t<div class=\"elementor-element elementor-element-57da315 elementor-widget elementor-widget-text-editor\" data-id=\"57da315\" data-element_type=\"widget\" data-e-type=\"widget\" data-widget_type=\"text-editor.default\">\n\t\t\t\t<div class=\"elementor-widget-container\">\n\t\t\t\t\t\t\t\t\t<p>Henkil\u00f6tietojasi pidet\u00e4\u00e4n rekisteriss\u00e4 vain niin pitk\u00e4\u00e4n kuin se on v\u00e4ltt\u00e4m\u00e4t\u00f6nt\u00e4, ett\u00e4 t\u00e4ss\u00e4 selosteessa m\u00e4\u00e4ritelty k\u00e4ytt\u00f6tarkoitus on t\u00e4ytetty ja mit\u00e4 laki m\u00e4\u00e4r\u00e4\u00e4 tietojen s\u00e4ilytt\u00e4misest\u00e4. Lain m\u00e4\u00e4r\u00e4\u00e4m\u00e4n velvoitteen mukaisesti Toolhouse Oy voi joutua s\u00e4ilytt\u00e4m\u00e4\u00e4n tietoja pidemp\u00e4\u00e4n kuin edell\u00e4 mainittu ajanjakso edellytt\u00e4\u00e4.<\/p><p>Vanhentuneet ja tarpeettomat tiedot tuhotaan asianmukaisella tavalla. Henkil\u00f6tiedot vied\u00e4\u00e4n rekisteriin siin\u00e4 muodossa, miss\u00e4 rekister\u00f6it\u00e4v\u00e4 on antanut ne ja p\u00e4ivityksen voi tehd\u00e4 joko rekister\u00f6ity itse tai Toolhouse Oy rekister\u00f6idyn tekem\u00e4n pyynn\u00f6n perusteella.<\/p>\t\t\t\t\t\t\t\t<\/div>\n\t\t\t\t<\/div>\n\t\t\t\t<div class=\"elementor-element elementor-element-18bff7c elementor-widget elementor-widget-heading\" data-id=\"18bff7c\" data-element_type=\"widget\" data-e-type=\"widget\" data-widget_type=\"heading.default\">\n\t\t\t\t<div class=\"elementor-widget-container\">\n\t\t\t\t\t<h2 class=\"elementor-heading-title elementor-size-default\">Henkil\u00f6tietojesi tarkastaminen, p\u00e4ivitys, korjaaminen ja poistaminen<\/h2>\t\t\t\t<\/div>\n\t\t\t\t<\/div>\n\t\t\t\t<div class=\"elementor-element elementor-element-4fb78c0 elementor-widget elementor-widget-text-editor\" data-id=\"4fb78c0\" data-element_type=\"widget\" data-e-type=\"widget\" data-widget_type=\"text-editor.default\">\n\t\t\t\t<div class=\"elementor-widget-container\">\n\t\t\t\t\t\t\t\t\t<p>Asiakkaana sinulla on oikeus tarkistaa, mit\u00e4 tietoja sinusta on tallennettu<\/p><p>Toolhouse Oy:n asiakas- ja suoramarkkinointirekisteriin. Tarkastusoikeus voidaan ev\u00e4t\u00e4 laissa s\u00e4\u00e4detyin perustein. Tarkastusoikeuden k\u00e4ytt\u00e4minen on l\u00e4ht\u00f6kohtaisesti maksutonta. Sinulla on oikeus koska tahansa vastustaa tietojesi k\u00e4sittely\u00e4, mik\u00e4li koet, ett\u00e4 Toolhouse Oy on k\u00e4sitellyt tietoja lainvastaisesti tai ett\u00e4 Toolhouse Oy ei ole oikeutta k\u00e4sitell\u00e4 rekister\u00f6idyn tietoja. Vastustamisoikeus ei koske sellaista tietojen k\u00e4sittely\u00e4, johon laki velvoittaa Toolhouse Oy.<\/p><p>Sinulla on oikeus saada virheelliset tiedot oikaistuiksi tai puutteelliset tiedot t\u00e4ydennetyiksi sek\u00e4 oikeus vaatia tietojesi poistamista asiakas- ja suoramarkkinointirekisterist\u00e4mme. Voit my\u00f6s itse poistaa profiilisi toolhouse.fi -verkkokaupasta ja p\u00e4ivitt\u00e4\u00e4 siell\u00e4 olevat tietosi. Poisto-oikeutta ei kuitenkaan ole silt\u00e4 osin kuin tietojen k\u00e4sittely ja s\u00e4ilytt\u00e4minen rekisteriss\u00e4 on v\u00e4ltt\u00e4m\u00e4t\u00f6nt\u00e4 Toolhouse Oy:n koskevan lakis\u00e4\u00e4teisen velvoitteen noudattamiseksi tai muun laissa s\u00e4\u00e4detyn perusteen johdosta.<\/p><p>Silt\u00e4 osin kun olet itse toimittanut asiakas- ja suoramarkkinointirekisteriimme tietoja, joita k\u00e4sitell\u00e4\u00e4n antamasi suostumuksen tai toimeksiannon nojalla, sinulla on oikeus saada t\u00e4llaiset tiedot p\u00e4\u00e4s\u00e4\u00e4nt\u00f6isesti koneluettavassa muodossa ja oikeus siirt\u00e4\u00e4 n\u00e4m\u00e4 tiedot toiselle rekisterinpit\u00e4j\u00e4lle.<\/p><p>Sinulla on oikeus milloin tahansa vastustaa tietojesi k\u00e4sittely\u00e4 suoramarkkinointitarkoituksiin. Voit my\u00f6s poistaa profiilisi toolhouse.fi -verkkokaupasta, p\u00e4ivitt\u00e4\u00e4 tietosi ja kielt\u00e4\u00e4 sinulle kohdistetun markkinointiviestinn\u00e4n. Sinulla on oikeus ottaa meihin yhteytt\u00e4 ja vaatia Toolhouse Oy sek\u00e4 kaikkia kolmansia osapuolia poistamaan ker\u00e4tyt, sinulle kuuluvat henkil\u00f6tiedot.<\/p><p>Mik\u00e4li tietojasi k\u00e4sitell\u00e4\u00e4n suostumukseesi perustuen, sinulla on oikeus peruuttaa suostumus ilmoittamalla t\u00e4st\u00e4 meille t\u00e4m\u00e4n tietosuojaselosteen mukaisesti.<\/p><p>Sinun tulee l\u00e4hett\u00e4\u00e4 oikeuksiasi koskevat pyynn\u00f6t kirjallisena tai s\u00e4hk\u00f6postitse kohdassa 1 mainittuun osoitteeseen. Toolhouse Oy voi pyyt\u00e4\u00e4 rekister\u00f6ity\u00e4 tarkentamaan pyynt\u00f6\u00e4\u00e4n ja varmentamaan henkil\u00f6llisyyden ennen pyynn\u00f6n k\u00e4sittelemist\u00e4. Toolhouse Oy voi kielt\u00e4yty\u00e4 pyynn\u00f6n toteuttamisesta sovellettavassa laissa s\u00e4\u00e4detyll\u00e4 perusteella. Toolhouse Oy vastaa pyynt\u00f6ihin yhden (1) kuukauden sis\u00e4ll\u00e4 pyynn\u00f6n esitt\u00e4misest\u00e4, ellei ole erityisi\u00e4 syit\u00e4 pident\u00e4\u00e4 vastaamisaikaa.<\/p><p>Sinulla on oikeus valittaa viranomaiselle, mik\u00e4li Toolhouse Oy ei ole noudattanut tietosuojalains\u00e4\u00e4d\u00e4nt\u00f6\u00e4.<\/p>\t\t\t\t\t\t\t\t<\/div>\n\t\t\t\t<\/div>\n\t\t\t\t<div class=\"elementor-element elementor-element-0d01c8b elementor-widget elementor-widget-heading\" data-id=\"0d01c8b\" data-element_type=\"widget\" data-e-type=\"widget\" data-widget_type=\"heading.default\">\n\t\t\t\t<div class=\"elementor-widget-container\">\n\t\t\t\t\t<h2 class=\"elementor-heading-title elementor-size-default\">Tilin poistaminen<\/h2>\t\t\t\t<\/div>\n\t\t\t\t<\/div>\n\t\t\t\t<div class=\"elementor-element elementor-element-6675524 elementor-widget elementor-widget-text-editor\" data-id=\"6675524\" data-element_type=\"widget\" data-e-type=\"widget\" data-widget_type=\"text-editor.default\">\n\t\t\t\t<div class=\"elementor-widget-container\">\n\t\t\t\t\t\t\t\t\t<p>Olethan s\u00e4hk\u00f6postitse yhteydess\u00e4 asiakaspalveluumme, mik\u00e4li haluat poistaa Toolhouse-tilisi. Yhteystiedot l\u00f6yd\u00e4t verkkosivultamme.<\/p>\t\t\t\t\t\t\t\t<\/div>\n\t\t\t\t<\/div>\n\t\t\t\t<div class=\"elementor-element elementor-element-8e0d3dc elementor-widget elementor-widget-heading\" data-id=\"8e0d3dc\" data-element_type=\"widget\" data-e-type=\"widget\" data-widget_type=\"heading.default\">\n\t\t\t\t<div class=\"elementor-widget-container\">\n\t\t\t\t\t<h2 class=\"elementor-heading-title elementor-size-default\">Sosiaalinen media<\/h2>\t\t\t\t<\/div>\n\t\t\t\t<\/div>\n\t\t\t\t<div class=\"elementor-element elementor-element-fda47e2 elementor-widget elementor-widget-text-editor\" data-id=\"fda47e2\" data-element_type=\"widget\" data-e-type=\"widget\" data-widget_type=\"text-editor.default\">\n\t\t\t\t<div class=\"elementor-widget-container\">\n\t\t\t\t\t\t\t\t\t<p>K\u00e4ytt\u00e4ess\u00e4si verkkosivujamme, sinun on mahdollista jakaa tietoa sosiaalisessa mediassa, kuten Facebookissa ja Instagramissa, sosiaalisen median liit\u00e4nn\u00e4isten avulla (esimerkiksi jakamalla mainoksemme toisille k\u00e4ytt\u00e4jille sosiaalisten medioiden kautta). Mik\u00e4li jaat tietoa sosiaalisen median liit\u00e4nn\u00e4isten avulla, selaimesi v\u00e4litt\u00e4\u00e4 seuraavat tiedot:<\/p><ul><li>vierailusi p\u00e4iv\u00e4m\u00e4\u00e4r\u00e4n ja kellonajan<\/li><li>Internet-\/URL-osoitteen, jossa parhaillaan olet<\/li><li>IP-osoitteesi<\/li><li>tiedon k\u00e4ytt\u00e4m\u00e4st\u00e4si selaimesta<\/li><li>tiedon k\u00e4ytt\u00f6j\u00e4rjestelm\u00e4st\u00e4si<\/li><li>k\u00e4ytt\u00e4j\u00e4nimesi, mik\u00e4li olet rekister\u00f6itynyt k\u00e4ytt\u00e4j\u00e4 kyseisess\u00e4 sosiaalisen median kanavassa, sek\u00e4 tarvittaessa etu- ja sukunimesi, ja tiedon siit\u00e4 sis\u00e4ll\u00f6st\u00e4, jonka haluat jakaa sosiaalisen median liit\u00e4nn\u00e4isen avulla (esimerkiksi henkil\u00f6tiedot, kun henkil\u00f6 kutsutaan mukaan ryhm\u00e4tilaukseen).<\/li><\/ul><p>T\u00e4llaisten tietojen osalta noudatamme kyseess\u00e4 olevan sosiaalisen median toimijan ehtoja. Kehotamme sinua ottamaan selv\u00e4\u00e4 millaista tietoa ja mihin tarkoitukseen tietoa ker\u00e4t\u00e4\u00e4n liit\u00e4nn\u00e4isten avulla. Voit est\u00e4\u00e4 sosiaalisen median liit\u00e4nn\u00e4iset selaimesi asetuksista.<\/p>\t\t\t\t\t\t\t\t<\/div>\n\t\t\t\t<\/div>\n\t\t\t\t<div class=\"elementor-element elementor-element-5654404 elementor-widget elementor-widget-heading\" data-id=\"5654404\" data-element_type=\"widget\" data-e-type=\"widget\" data-widget_type=\"heading.default\">\n\t\t\t\t<div class=\"elementor-widget-container\">\n\t\t\t\t\t<h2 class=\"elementor-heading-title elementor-size-default\">Linkit<\/h2>\t\t\t\t<\/div>\n\t\t\t\t<\/div>\n\t\t\t\t<div class=\"elementor-element elementor-element-2ee09f0 elementor-widget elementor-widget-text-editor\" data-id=\"2ee09f0\" data-element_type=\"widget\" data-e-type=\"widget\" data-widget_type=\"text-editor.default\">\n\t\t\t\t<div class=\"elementor-widget-container\">\n\t\t\t\t\t\t\t\t\t<p>Verkkokauppamme toolhouse.fi voi sis\u00e4lt\u00e4\u00e4 linkkej\u00e4 muihin verkko-osoitteisiin. T\u00e4m\u00e4 tietosuojaseloste koskee vain toolhouse.fi -verkkokauppaa. Kun siirryt toiseen verkko-osoitteeseen, kehotamme sinua lukemaan kyseist\u00e4 sivustoa koskevan tietosuojaselosteen. Huomioithan, ett\u00e4 Toolhouse Oy ei vastaa siit\u00e4, miten muut verkkopalvelut k\u00e4sittelev\u00e4t henkil\u00f6tietojasi.<\/p>\t\t\t\t\t\t\t\t<\/div>\n\t\t\t\t<\/div>\n\t\t\t\t<div class=\"elementor-element elementor-element-610aba3 elementor-widget elementor-widget-heading\" data-id=\"610aba3\" data-element_type=\"widget\" data-e-type=\"widget\" data-widget_type=\"heading.default\">\n\t\t\t\t<div class=\"elementor-widget-container\">\n\t\t\t\t\t<h2 class=\"elementor-heading-title elementor-size-default\">Ev\u00e4steet<\/h2>\t\t\t\t<\/div>\n\t\t\t\t<\/div>\n\t\t\t\t<div class=\"elementor-element elementor-element-d757cd3 elementor-widget elementor-widget-text-editor\" data-id=\"d757cd3\" data-element_type=\"widget\" data-e-type=\"widget\" data-widget_type=\"text-editor.default\">\n\t\t\t\t<div class=\"elementor-widget-container\">\n\t\t\t\t\t\t\t\t\t<p>Toolhouse Oy verkkosivuilla k\u00e4ytet\u00e4\u00e4n ev\u00e4steit\u00e4(cookies). Jotta verkkosivut toimisivat parhaalla mahdollisella tavalla, sinun on sallittava verkkoselaimesi ev\u00e4steiden k\u00e4ytt\u00f6. Ev\u00e4steill\u00e4 ker\u00e4t\u00e4\u00e4n teknist\u00e4 tietoa ja tietoa sivujen k\u00e4ytt\u00f6tavoista. N\u00e4iden tietojen avulla verkkosivuja kehitet\u00e4\u00e4n vastaamaan asiakkaiden tarpeisiin entist\u00e4 paremmin. Voit tarvittaessa poistaa ev\u00e4steet k\u00e4yt\u00f6st\u00e4 selaimen asetuksista. Jos toiminto otetaan pois k\u00e4yt\u00f6st\u00e4, voi osa verkkosivujen toiminnoista hidastua tai p\u00e4\u00e4sy joihinkin osioihin estet\u00e4\u00e4n kokonaan.<\/p>\t\t\t\t\t\t\t\t<\/div>\n\t\t\t\t<\/div>\n\t\t\t\t<div class=\"elementor-element elementor-element-2277452 elementor-widget elementor-widget-heading\" data-id=\"2277452\" data-element_type=\"widget\" data-e-type=\"widget\" data-widget_type=\"heading.default\">\n\t\t\t\t<div class=\"elementor-widget-container\">\n\t\t\t\t\t<h2 class=\"elementor-heading-title elementor-size-default\">Tietosuojaselosteen muutokset<\/h2>\t\t\t\t<\/div>\n\t\t\t\t<\/div>\n\t\t\t\t<div class=\"elementor-element elementor-element-b4015c8 elementor-widget elementor-widget-text-editor\" data-id=\"b4015c8\" data-element_type=\"widget\" data-e-type=\"widget\" data-widget_type=\"text-editor.default\">\n\t\t\t\t<div class=\"elementor-widget-container\">\n\t\t\t\t\t\t\t\t\t<p>Toolhouse Oy kehitt\u00e4\u00e4 toimintaansa jatkuvasti ja pid\u00e4tt\u00e4\u00e4 siksi oikeuden muuttaa tietosuojaselostetta ilmoittamalla siit\u00e4 verkkosivuillaan. Muutokset voivat perustua my\u00f6s muutoksiin lains\u00e4\u00e4d\u00e4nn\u00f6ss\u00e4. Suosittelemme, ett\u00e4 tutustut s\u00e4\u00e4nn\u00f6llisesti tietosuojaselosteen sis\u00e4lt\u00f6\u00f6n.<\/p>\t\t\t\t\t\t\t\t<\/div>\n\t\t\t\t<\/div>\n\t\t\t\t\t<\/div>\n\t\t\t\t<\/div>\n\t\t\t\t<\/div>\n\t\t","protected":false},"excerpt":{"rendered":"<p>Sis\u00e4llysluettelo Tietosuojaseloste Rekisterinpit\u00e4j\u00e4 Toolhouse Oy Y-Tunnus 0894077-7 Osoite: Lotlaxintie 396, 66600 V\u00f6yri, Suomi Puhelin: 040 1970208 S\u00e4hk\u00f6posti: info@toolhouse.fi Rekisterin nimi Toolhouse Oy:n asiakas- ja suoramarkkinointirekisteri Mit\u00e4 henkil\u00f6tietoja k\u00e4sittelemme? Ker\u00e4\u00e4mme henkil\u00f6tietoja, jotka l\u00e4het\u00e4t meille, kun esimerkiksi rekister\u00f6idyt verkkokauppamme asiakkaaksi, tilaat tuotteita, tilaat uutiskirjeen, otat yhteytt\u00e4 asiakaspalveluumme, kirjoitat tuotekommentin. Kun teet tilauksen toiselle henkil\u00f6lle, my\u00f6s h\u00e4nen tietonsa [&hellip;]<\/p>\n","protected":false},"author":1,"featured_media":0,"parent":0,"menu_order":0,"comment_status":"closed","ping_status":"closed","template":"","meta":{"_acf_changed":false,"_seopress_robots_primary_cat":"","_seopress_titles_title":"","_seopress_titles_desc":"","_seopress_robots_index":"","footnotes":""},"class_list":["post-18060","page","type-page","status-publish","hentry"],"acf":[],"_links":{"self":[{"href":"https:\/\/toolhouse.fi\/fi\/wp-json\/wp\/v2\/pages\/18060","targetHints":{"allow":["GET"]}}],"collection":[{"href":"https:\/\/toolhouse.fi\/fi\/wp-json\/wp\/v2\/pages"}],"about":[{"href":"https:\/\/toolhouse.fi\/fi\/wp-json\/wp\/v2\/types\/page"}],"author":[{"embeddable":true,"href":"https:\/\/toolhouse.fi\/fi\/wp-json\/wp\/v2\/users\/1"}],"replies":[{"embeddable":true,"href":"https:\/\/toolhouse.fi\/fi\/wp-json\/wp\/v2\/comments?post=18060"}],"version-history":[{"count":5,"href":"https:\/\/toolhouse.fi\/fi\/wp-json\/wp\/v2\/pages\/18060\/revisions"}],"predecessor-version":[{"id":18090,"href":"https:\/\/toolhouse.fi\/fi\/wp-json\/wp\/v2\/pages\/18060\/revisions\/18090"}],"wp:attachment":[{"href":"https:\/\/toolhouse.fi\/fi\/wp-json\/wp\/v2\/media?parent=18060"}],"curies":[{"name":"wp","href":"https:\/\/api.w.org\/{rel}","templated":true}]}}