{"id":18125,"date":"2024-05-17T12:29:34","date_gmt":"2024-05-17T09:29:34","guid":{"rendered":"https:\/\/toolhouse.fi\/?page_id=18125"},"modified":"2025-09-01T15:43:49","modified_gmt":"2025-09-01T12:43:49","slug":"usein-kysytyt-kysymykset","status":"publish","type":"page","link":"https:\/\/toolhouse.fi\/fi\/usein-kysytyt-kysymykset\/","title":{"rendered":"Usein kysytyt kysymykset"},"content":{"rendered":"\t\t<div data-elementor-type=\"wp-page\" data-elementor-id=\"18125\" class=\"elementor elementor-18125\" data-elementor-post-type=\"page\">\n\t\t\t\t<div class=\"e-con-top elementor-element elementor-element-7f0be72 content e-flex e-con-boxed e-con e-parent\" data-id=\"7f0be72\" data-element_type=\"container\" data-e-type=\"container\">\n\t\t\t\t\t<div class=\"e-con-inner\">\n\t\t\t\t<div class=\"elementor-element elementor-element-6e6d910 elementor-widget elementor-widget-heading\" data-id=\"6e6d910\" data-element_type=\"widget\" data-e-type=\"widget\" data-widget_type=\"heading.default\">\n\t\t\t\t<div class=\"elementor-widget-container\">\n\t\t\t\t\t<h2 class=\"elementor-heading-title elementor-size-default\">Usein kysytyt kysymykset<\/h2>\t\t\t\t<\/div>\n\t\t\t\t<\/div>\n\t\t\t\t<div class=\"elementor-element elementor-element-c10772f elementor-widget elementor-widget-n-accordion\" data-id=\"c10772f\" data-element_type=\"widget\" data-e-type=\"widget\" data-settings=\"{&quot;n_accordion_animation_duration&quot;:{&quot;unit&quot;:&quot;ms&quot;,&quot;size&quot;:200,&quot;sizes&quot;:[]},&quot;default_state&quot;:&quot;all_collapsed&quot;,&quot;max_items_expended&quot;:&quot;one&quot;}\" data-widget_type=\"nested-accordion.default\">\n\t\t\t\t<div class=\"elementor-widget-container\">\n\t\t\t\t\t\t\t<div class=\"e-n-accordion\" aria-label=\"Accordion. Open links with Enter or Space, close with Escape, and navigate with Arrow Keys\">\n\t\t\t\t\t\t<details id=\"e-n-accordion-item-2020\" class=\"e-n-accordion-item\" >\n\t\t\t\t<summary class=\"e-n-accordion-item-title\" data-accordion-index=\"1\" tabindex=\"0\" aria-expanded=\"false\" aria-controls=\"e-n-accordion-item-2020\" >\n\t\t\t\t\t<span class='e-n-accordion-item-title-header'><h2 class=\"e-n-accordion-item-title-text\"> Mik\u00e4 on toimitusaika? <\/h2><\/span>\n\t\t\t\t\t\t\t<span class='e-n-accordion-item-title-icon'>\n\t\t\t<span class='e-opened' ><i aria-hidden=\"true\" class=\"fas fa-minus\"><\/i><\/span>\n\t\t\t<span class='e-closed'><i aria-hidden=\"true\" class=\"fas fa-plus\"><\/i><\/span>\n\t\t<\/span>\n\n\t\t\t\t\t\t<\/summary>\n\t\t\t\t<div role=\"region\" aria-labelledby=\"e-n-accordion-item-2020\" class=\"elementor-element elementor-element-375c584 e-con-full e-flex e-con e-child\" data-id=\"375c584\" data-element_type=\"container\" data-e-type=\"container\">\n\t\t\t\t<div class=\"elementor-element elementor-element-a39bb44 elementor-widget elementor-widget-text-editor\" data-id=\"a39bb44\" data-element_type=\"widget\" data-e-type=\"widget\" data-widget_type=\"text-editor.default\">\n\t\t\t\t<div class=\"elementor-widget-container\">\n\t\t\t\t\t\t\t\t\t<p>Varastomme sijaitsee V\u00f6yrill\u00e4, Suomessa. K\u00e4sittelemme tilauksesi v\u00e4litt\u00f6m\u00e4sti ja tuotteet l\u00e4hetet\u00e4\u00e4n yleens\u00e4 jo samana p\u00e4iv\u00e4n\u00e4. Kaikki verkkokaupassamme saatavilla olevat tuotteet ovat omassa varastossamme. Koska koneet ovat varastossamme, ylim\u00e4\u00e4r\u00e4ist\u00e4 odotusaikaa ei ole. Toimitus tapahtuu yleens\u00e4 1\u20133 arkip\u00e4iv\u00e4ss\u00e4, poikkeustapauksissa toimitusaika saattaa olla hieman pidempi, esimerkiksi toimitukset Pohjois-Suomeen ja Ahvenanmaalle.<\/p>\t\t\t\t\t\t\t\t<\/div>\n\t\t\t\t<\/div>\n\t\t\t\t<\/div>\n\t\t\t\t\t<\/details>\n\t\t\t\t\t\t<details id=\"e-n-accordion-item-2021\" class=\"e-n-accordion-item\" >\n\t\t\t\t<summary class=\"e-n-accordion-item-title\" data-accordion-index=\"2\" tabindex=\"-1\" aria-expanded=\"false\" aria-controls=\"e-n-accordion-item-2021\" >\n\t\t\t\t\t<span class='e-n-accordion-item-title-header'><h2 class=\"e-n-accordion-item-title-text\"> Miten tilaukseni toimitetaan? <\/h2><\/span>\n\t\t\t\t\t\t\t<span class='e-n-accordion-item-title-icon'>\n\t\t\t<span class='e-opened' ><i aria-hidden=\"true\" class=\"fas fa-minus\"><\/i><\/span>\n\t\t\t<span class='e-closed'><i aria-hidden=\"true\" class=\"fas fa-plus\"><\/i><\/span>\n\t\t<\/span>\n\n\t\t\t\t\t\t<\/summary>\n\t\t\t\t<div role=\"region\" aria-labelledby=\"e-n-accordion-item-2021\" class=\"elementor-element elementor-element-846ba0e e-con-full e-flex e-con e-child\" data-id=\"846ba0e\" data-element_type=\"container\" data-e-type=\"container\">\n\t\t\t\t<div class=\"elementor-element elementor-element-54360be elementor-widget elementor-widget-text-editor\" data-id=\"54360be\" data-element_type=\"widget\" data-e-type=\"widget\" data-widget_type=\"text-editor.default\">\n\t\t\t\t<div class=\"elementor-widget-container\">\n\t\t\t\t\t\t\t\t\t<p>Kun tilaat verkkokaupastamme, valitset sopivan toimitustavan kassalla. Paketit l\u00e4hetet\u00e4\u00e4n Postin tai Matkahuollon kautta. Paketit toimitetaan l\u00e4himp\u00e4\u00e4n noutopisteeseen tai kotipakettina valintasi mukaan. Suuremmat l\u00e4hetykset l\u00e4hetet\u00e4\u00e4n rahtina esimerkiksi Postin kautta.<\/p>\t\t\t\t\t\t\t\t<\/div>\n\t\t\t\t<\/div>\n\t\t\t\t<\/div>\n\t\t\t\t\t<\/details>\n\t\t\t\t\t\t<details id=\"e-n-accordion-item-2022\" class=\"e-n-accordion-item\" >\n\t\t\t\t<summary class=\"e-n-accordion-item-title\" data-accordion-index=\"3\" tabindex=\"-1\" aria-expanded=\"false\" aria-controls=\"e-n-accordion-item-2022\" >\n\t\t\t\t\t<span class='e-n-accordion-item-title-header'><h2 class=\"e-n-accordion-item-title-text\"> Miten teen tilauksen? <\/h2><\/span>\n\t\t\t\t\t\t\t<span class='e-n-accordion-item-title-icon'>\n\t\t\t<span class='e-opened' ><i aria-hidden=\"true\" class=\"fas fa-minus\"><\/i><\/span>\n\t\t\t<span class='e-closed'><i aria-hidden=\"true\" class=\"fas fa-plus\"><\/i><\/span>\n\t\t<\/span>\n\n\t\t\t\t\t\t<\/summary>\n\t\t\t\t<div role=\"region\" aria-labelledby=\"e-n-accordion-item-2022\" class=\"elementor-element elementor-element-e3ac0ea e-con-full e-flex e-con e-child\" data-id=\"e3ac0ea\" data-element_type=\"container\" data-e-type=\"container\">\n\t\t\t\t<div class=\"elementor-element elementor-element-54bc1f4 elementor-widget elementor-widget-text-editor\" data-id=\"54bc1f4\" data-element_type=\"widget\" data-e-type=\"widget\" data-widget_type=\"text-editor.default\">\n\t\t\t\t<div class=\"elementor-widget-container\">\n\t\t\t\t\t\t\t\t\t<p>Tilaaminen on helpointa verkkokaupastamme, vaihtoehtoisesti puhelimitse tai s\u00e4hk\u00f6postitse. Tarjoamme henkil\u00f6kohtaista palvelua sek\u00e4 myynniss\u00e4 ett\u00e4 teknisess\u00e4 tuessa.<\/p>\t\t\t\t\t\t\t\t<\/div>\n\t\t\t\t<\/div>\n\t\t\t\t<\/div>\n\t\t\t\t\t<\/details>\n\t\t\t\t\t\t<details id=\"e-n-accordion-item-2023\" class=\"e-n-accordion-item\" >\n\t\t\t\t<summary class=\"e-n-accordion-item-title\" data-accordion-index=\"4\" tabindex=\"-1\" aria-expanded=\"false\" aria-controls=\"e-n-accordion-item-2023\" >\n\t\t\t\t\t<span class='e-n-accordion-item-title-header'><h2 class=\"e-n-accordion-item-title-text\"> Miss\u00e4 pakettini on? <\/h2><\/span>\n\t\t\t\t\t\t\t<span class='e-n-accordion-item-title-icon'>\n\t\t\t<span class='e-opened' ><i aria-hidden=\"true\" class=\"fas fa-minus\"><\/i><\/span>\n\t\t\t<span class='e-closed'><i aria-hidden=\"true\" class=\"fas fa-plus\"><\/i><\/span>\n\t\t<\/span>\n\n\t\t\t\t\t\t<\/summary>\n\t\t\t\t<div role=\"region\" aria-labelledby=\"e-n-accordion-item-2023\" class=\"elementor-element elementor-element-ab78640 e-con-full e-flex e-con e-child\" data-id=\"ab78640\" data-element_type=\"container\" data-e-type=\"container\">\n\t\t\t\t<div class=\"elementor-element elementor-element-0398025 elementor-widget elementor-widget-text-editor\" data-id=\"0398025\" data-element_type=\"widget\" data-e-type=\"widget\" data-widget_type=\"text-editor.default\">\n\t\t\t\t<div class=\"elementor-widget-container\">\n\t\t\t\t\t\t\t\t\t<p>Saat linkin l\u00e4hetyksen seurantaan s\u00e4hk\u00f6postitse, kun paketti on l\u00e4hetetty. Jos et ole saanut s\u00e4hk\u00f6postia, tarkista ensin roskapostikansio sek\u00e4 ett\u00e4 olet ilmoittanut oikean s\u00e4hk\u00f6postiosoitteen tilauksessasi. Muussa tapauksessa ota yhteytt\u00e4 asiakaspalveluumme.<\/p>\t\t\t\t\t\t\t\t<\/div>\n\t\t\t\t<\/div>\n\t\t\t\t<\/div>\n\t\t\t\t\t<\/details>\n\t\t\t\t\t\t<details id=\"e-n-accordion-item-2024\" class=\"e-n-accordion-item\" >\n\t\t\t\t<summary class=\"e-n-accordion-item-title\" data-accordion-index=\"5\" tabindex=\"-1\" aria-expanded=\"false\" aria-controls=\"e-n-accordion-item-2024\" >\n\t\t\t\t\t<span class='e-n-accordion-item-title-header'><h2 class=\"e-n-accordion-item-title-text\"> Tarvitaanko trukkia autonostimen purkamiseen? <\/h2><\/span>\n\t\t\t\t\t\t\t<span class='e-n-accordion-item-title-icon'>\n\t\t\t<span class='e-opened' ><i aria-hidden=\"true\" class=\"fas fa-minus\"><\/i><\/span>\n\t\t\t<span class='e-closed'><i aria-hidden=\"true\" class=\"fas fa-plus\"><\/i><\/span>\n\t\t<\/span>\n\n\t\t\t\t\t\t<\/summary>\n\t\t\t\t<div role=\"region\" aria-labelledby=\"e-n-accordion-item-2024\" class=\"elementor-element elementor-element-cb95401 e-con-full e-flex e-con e-child\" data-id=\"cb95401\" data-element_type=\"container\" data-e-type=\"container\">\n\t\t\t\t<div class=\"elementor-element elementor-element-7955cfc elementor-widget elementor-widget-text-editor\" data-id=\"7955cfc\" data-element_type=\"widget\" data-e-type=\"widget\" data-widget_type=\"text-editor.default\">\n\t\t\t\t<div class=\"elementor-widget-container\">\n\t\t\t\t\t\t\t\t\t<p>Kahden pilarin, nelj\u00e4n pilarin ja yhden pilarin nostimien toimituksessa tarvitaan esimerkiksi trukin apua purkamiseen, koska pituus on yli 240 cm. Jos sinulla ei ole mahdollisuutta purkaa trukilla, voit tilata toimituksen nosturilla. Ota yhteytt\u00e4 saadaksesi tiedon toimituskustannuksista omaan osoitteeseesi. Saksinostimet toimitetaan kuorma-autolla takanostimella, joten ylim\u00e4\u00e4r\u00e4ist\u00e4 nostoapua ei tarvita.<\/p>\t\t\t\t\t\t\t\t<\/div>\n\t\t\t\t<\/div>\n\t\t\t\t<\/div>\n\t\t\t\t\t<\/details>\n\t\t\t\t\t\t<details id=\"e-n-accordion-item-2025\" class=\"e-n-accordion-item\" >\n\t\t\t\t<summary class=\"e-n-accordion-item-title\" data-accordion-index=\"6\" tabindex=\"-1\" aria-expanded=\"false\" aria-controls=\"e-n-accordion-item-2025\" >\n\t\t\t\t\t<span class='e-n-accordion-item-title-header'><h2 class=\"e-n-accordion-item-title-text\"> Onko tilaukset Ahvenanmaalle alv-vapaita? <\/h2><\/span>\n\t\t\t\t\t\t\t<span class='e-n-accordion-item-title-icon'>\n\t\t\t<span class='e-opened' ><i aria-hidden=\"true\" class=\"fas fa-minus\"><\/i><\/span>\n\t\t\t<span class='e-closed'><i aria-hidden=\"true\" class=\"fas fa-plus\"><\/i><\/span>\n\t\t<\/span>\n\n\t\t\t\t\t\t<\/summary>\n\t\t\t\t<div role=\"region\" aria-labelledby=\"e-n-accordion-item-2025\" class=\"elementor-element elementor-element-220ddfc e-con-full e-flex e-con e-child\" data-id=\"220ddfc\" data-element_type=\"container\" data-e-type=\"container\">\n\t\t\t\t<div class=\"elementor-element elementor-element-a9993d9 elementor-widget elementor-widget-text-editor\" data-id=\"a9993d9\" data-element_type=\"widget\" data-e-type=\"widget\" data-widget_type=\"text-editor.default\">\n\t\t\t\t<div class=\"elementor-widget-container\">\n\t\t\t\t\t\t\t\t\t<p>Verkkokaupastamme voi ostaa alv-vapaasti Ahvenanmaalle. Rahtitoimitukset toimitetaan terminaaliin Maarianhaminaan.<\/p>\t\t\t\t\t\t\t\t<\/div>\n\t\t\t\t<\/div>\n\t\t\t\t<\/div>\n\t\t\t\t\t<\/details>\n\t\t\t\t\t\t<details id=\"e-n-accordion-item-2026\" class=\"e-n-accordion-item\" >\n\t\t\t\t<summary class=\"e-n-accordion-item-title\" data-accordion-index=\"7\" tabindex=\"-1\" aria-expanded=\"false\" aria-controls=\"e-n-accordion-item-2026\" >\n\t\t\t\t\t<span class='e-n-accordion-item-title-header'><h2 class=\"e-n-accordion-item-title-text\"> Onko liikett\u00e4, jossa voin testata koneita? <\/h2><\/span>\n\t\t\t\t\t\t\t<span class='e-n-accordion-item-title-icon'>\n\t\t\t<span class='e-opened' ><i aria-hidden=\"true\" class=\"fas fa-minus\"><\/i><\/span>\n\t\t\t<span class='e-closed'><i aria-hidden=\"true\" class=\"fas fa-plus\"><\/i><\/span>\n\t\t<\/span>\n\n\t\t\t\t\t\t<\/summary>\n\t\t\t\t<div role=\"region\" aria-labelledby=\"e-n-accordion-item-2026\" class=\"elementor-element elementor-element-6fb437c e-con-full e-flex e-con e-child\" data-id=\"6fb437c\" data-element_type=\"container\" data-e-type=\"container\">\n\t\t\t\t<div class=\"elementor-element elementor-element-05eca1b elementor-widget elementor-widget-text-editor\" data-id=\"05eca1b\" data-element_type=\"widget\" data-e-type=\"widget\" data-widget_type=\"text-editor.default\">\n\t\t\t\t<div class=\"elementor-widget-container\">\n\t\t\t\t\t\t\t\t\t<p>Liikkeemme sijaitsee V\u00f6yrill\u00e4. Meill\u00e4 on laaja tuotevalikoima ja eri koneita voi vertailla ja testata paikan p\u00e4\u00e4ll\u00e4, esimerkiksi rengaskoneita. Olemme avoinna torstaisin klo 10\u201319, muina aikoina ota yhteytt\u00e4 ennen vierailua, jotta olemme varmasti paikalla.<\/p>\t\t\t\t\t\t\t\t<\/div>\n\t\t\t\t<\/div>\n\t\t\t\t<\/div>\n\t\t\t\t\t<\/details>\n\t\t\t\t\t\t<details id=\"e-n-accordion-item-2027\" class=\"e-n-accordion-item\" >\n\t\t\t\t<summary class=\"e-n-accordion-item-title\" data-accordion-index=\"8\" tabindex=\"-1\" aria-expanded=\"false\" aria-controls=\"e-n-accordion-item-2027\" >\n\t\t\t\t\t<span class='e-n-accordion-item-title-header'><h2 class=\"e-n-accordion-item-title-text\"> Kuka on koneiden maahantuoja? <\/h2><\/span>\n\t\t\t\t\t\t\t<span class='e-n-accordion-item-title-icon'>\n\t\t\t<span class='e-opened' ><i aria-hidden=\"true\" class=\"fas fa-minus\"><\/i><\/span>\n\t\t\t<span class='e-closed'><i aria-hidden=\"true\" class=\"fas fa-plus\"><\/i><\/span>\n\t\t<\/span>\n\n\t\t\t\t\t\t<\/summary>\n\t\t\t\t<div role=\"region\" aria-labelledby=\"e-n-accordion-item-2027\" class=\"elementor-element elementor-element-1c9ad2b e-con-full e-flex e-con e-child\" data-id=\"1c9ad2b\" data-element_type=\"container\" data-e-type=\"container\">\n\t\t\t\t<div class=\"elementor-element elementor-element-bf2c779 elementor-widget elementor-widget-text-editor\" data-id=\"bf2c779\" data-element_type=\"widget\" data-e-type=\"widget\" data-widget_type=\"text-editor.default\">\n\t\t\t\t<div class=\"elementor-widget-container\">\n\t\t\t\t\t\t\t\t\t<p>Maahantuomme koneet suoraan valmistajilta ilman v\u00e4lik\u00e4si\u00e4 ja aina suurissa eriss\u00e4, mik\u00e4 est\u00e4\u00e4 tarpeettomia kustannuksia ja mahdollistaa eritt\u00e4in hyv\u00e4t hinnat asiakkaillemme. Meill\u00e4 on tiivis yhteisty\u00f6 toimittajiemme kanssa, mik\u00e4 takaa tuotteiden korkean laadun ja teknisen tuen, varaosat jne. hoidetaan nopeasti ja sujuvasti.<\/p>\t\t\t\t\t\t\t\t<\/div>\n\t\t\t\t<\/div>\n\t\t\t\t<\/div>\n\t\t\t\t\t<\/details>\n\t\t\t\t\t\t<details id=\"e-n-accordion-item-2028\" class=\"e-n-accordion-item\" >\n\t\t\t\t<summary class=\"e-n-accordion-item-title\" data-accordion-index=\"9\" tabindex=\"-1\" aria-expanded=\"false\" aria-controls=\"e-n-accordion-item-2028\" >\n\t\t\t\t\t<span class='e-n-accordion-item-title-header'><h2 class=\"e-n-accordion-item-title-text\"> Onko tukea suomeksi? <\/h2><\/span>\n\t\t\t\t\t\t\t<span class='e-n-accordion-item-title-icon'>\n\t\t\t<span class='e-opened' ><i aria-hidden=\"true\" class=\"fas fa-minus\"><\/i><\/span>\n\t\t\t<span class='e-closed'><i aria-hidden=\"true\" class=\"fas fa-plus\"><\/i><\/span>\n\t\t<\/span>\n\n\t\t\t\t\t\t<\/summary>\n\t\t\t\t<div role=\"region\" aria-labelledby=\"e-n-accordion-item-2028\" class=\"elementor-element elementor-element-4c974ae e-con-full e-flex e-con e-child\" data-id=\"4c974ae\" data-element_type=\"container\" data-e-type=\"container\">\n\t\t\t\t<div class=\"elementor-element elementor-element-9531718 elementor-widget elementor-widget-text-editor\" data-id=\"9531718\" data-element_type=\"widget\" data-e-type=\"widget\" data-widget_type=\"text-editor.default\">\n\t\t\t\t<div class=\"elementor-widget-container\">\n\t\t\t\t\t\t\t\t\t<p>Tarjoamme puhelin- ja s\u00e4hk\u00f6postitukea ruotsiksi, suomeksi ja englanniksi.<\/p>\t\t\t\t\t\t\t\t<\/div>\n\t\t\t\t<\/div>\n\t\t\t\t<\/div>\n\t\t\t\t\t<\/details>\n\t\t\t\t\t\t<details id=\"e-n-accordion-item-2029\" class=\"e-n-accordion-item\" >\n\t\t\t\t<summary class=\"e-n-accordion-item-title\" data-accordion-index=\"10\" tabindex=\"-1\" aria-expanded=\"false\" aria-controls=\"e-n-accordion-item-2029\" >\n\t\t\t\t\t<span class='e-n-accordion-item-title-header'><h2 class=\"e-n-accordion-item-title-text\"> Takuu <\/h2><\/span>\n\t\t\t\t\t\t\t<span class='e-n-accordion-item-title-icon'>\n\t\t\t<span class='e-opened' ><i aria-hidden=\"true\" class=\"fas fa-minus\"><\/i><\/span>\n\t\t\t<span class='e-closed'><i aria-hidden=\"true\" class=\"fas fa-plus\"><\/i><\/span>\n\t\t<\/span>\n\n\t\t\t\t\t\t<\/summary>\n\t\t\t\t<div role=\"region\" aria-labelledby=\"e-n-accordion-item-2029\" class=\"elementor-element elementor-element-eedd8b7 e-con-full e-flex e-con e-child\" data-id=\"eedd8b7\" data-element_type=\"container\" data-e-type=\"container\">\n\t\t\t\t<div class=\"elementor-element elementor-element-be47933 elementor-widget elementor-widget-text-editor\" data-id=\"be47933\" data-element_type=\"widget\" data-e-type=\"widget\" data-widget_type=\"text-editor.default\">\n\t\t\t\t<div class=\"elementor-widget-container\">\n\t\t\t\t\t\t\t\t\t<p>Takuuaika on 1 vuosi, ellei tuotesivulla toisin mainita.<\/p>\t\t\t\t\t\t\t\t<\/div>\n\t\t\t\t<\/div>\n\t\t\t\t<\/div>\n\t\t\t\t\t<\/details>\n\t\t\t\t\t\t<details id=\"e-n-accordion-item-20210\" class=\"e-n-accordion-item\" >\n\t\t\t\t<summary class=\"e-n-accordion-item-title\" data-accordion-index=\"11\" tabindex=\"-1\" aria-expanded=\"false\" aria-controls=\"e-n-accordion-item-20210\" >\n\t\t\t\t\t<span class='e-n-accordion-item-title-header'><h2 class=\"e-n-accordion-item-title-text\"> Palautukset <\/h2><\/span>\n\t\t\t\t\t\t\t<span class='e-n-accordion-item-title-icon'>\n\t\t\t<span class='e-opened' ><i aria-hidden=\"true\" class=\"fas fa-minus\"><\/i><\/span>\n\t\t\t<span class='e-closed'><i aria-hidden=\"true\" class=\"fas fa-plus\"><\/i><\/span>\n\t\t<\/span>\n\n\t\t\t\t\t\t<\/summary>\n\t\t\t\t<div role=\"region\" aria-labelledby=\"e-n-accordion-item-20210\" class=\"elementor-element elementor-element-b4e4206 e-con-full e-flex e-con e-child\" data-id=\"b4e4206\" data-element_type=\"container\" data-e-type=\"container\">\n\t\t\t\t<div class=\"elementor-element elementor-element-6d47d51 elementor-widget elementor-widget-text-editor\" data-id=\"6d47d51\" data-element_type=\"widget\" data-e-type=\"widget\" data-widget_type=\"text-editor.default\">\n\t\t\t\t<div class=\"elementor-widget-container\">\n\t\t\t\t\t\t\t\t\t<p>Tuotteilla on 14 vuorokauden palautusoikeus ostop\u00e4iv\u00e4st\u00e4 alkaen.<\/p>\t\t\t\t\t\t\t\t<\/div>\n\t\t\t\t<\/div>\n\t\t\t\t<\/div>\n\t\t\t\t\t<\/details>\n\t\t\t\t\t<\/div>\n\t\t\t\t\t<script type=\"application\/ld+json\">{\"@context\":\"https:\\\/\\\/schema.org\",\"@type\":\"FAQPage\",\"mainEntity\":[{\"@type\":\"Question\",\"name\":\"Mik\\u00e4 on toimitusaika?\",\"acceptedAnswer\":{\"@type\":\"Answer\",\"text\":\"Varastomme sijaitsee V\\u00f6yrill\\u00e4, Suomessa. K\\u00e4sittelemme tilauksesi v\\u00e4litt\\u00f6m\\u00e4sti ja tuotteet l\\u00e4hetet\\u00e4\\u00e4n yleens\\u00e4 jo samana p\\u00e4iv\\u00e4n\\u00e4. Kaikki verkkokaupassamme saatavilla olevat tuotteet ovat omassa varastossamme. Koska koneet ovat varastossamme, ylim\\u00e4\\u00e4r\\u00e4ist\\u00e4 odotusaikaa ei ole. Toimitus tapahtuu yleens\\u00e4 1\\u20133 arkip\\u00e4iv\\u00e4ss\\u00e4, poikkeustapauksissa toimitusaika saattaa olla hieman pidempi, esimerkiksi toimitukset Pohjois-Suomeen ja Ahvenanmaalle.\"}},{\"@type\":\"Question\",\"name\":\"Miten tilaukseni toimitetaan?\",\"acceptedAnswer\":{\"@type\":\"Answer\",\"text\":\"Kun tilaat verkkokaupastamme, valitset sopivan toimitustavan kassalla. Paketit l\\u00e4hetet\\u00e4\\u00e4n Postin tai Matkahuollon kautta. Paketit toimitetaan l\\u00e4himp\\u00e4\\u00e4n noutopisteeseen tai kotipakettina valintasi mukaan. Suuremmat l\\u00e4hetykset l\\u00e4hetet\\u00e4\\u00e4n rahtina esimerkiksi Postin kautta.\"}},{\"@type\":\"Question\",\"name\":\"Miten teen tilauksen?\",\"acceptedAnswer\":{\"@type\":\"Answer\",\"text\":\"Tilaaminen on helpointa verkkokaupastamme, vaihtoehtoisesti puhelimitse tai s\\u00e4hk\\u00f6postitse. Tarjoamme henkil\\u00f6kohtaista palvelua sek\\u00e4 myynniss\\u00e4 ett\\u00e4 teknisess\\u00e4 tuessa.\"}},{\"@type\":\"Question\",\"name\":\"Miss\\u00e4 pakettini on?\",\"acceptedAnswer\":{\"@type\":\"Answer\",\"text\":\"Saat linkin l\\u00e4hetyksen seurantaan s\\u00e4hk\\u00f6postitse, kun paketti on l\\u00e4hetetty. Jos et ole saanut s\\u00e4hk\\u00f6postia, tarkista ensin roskapostikansio sek\\u00e4 ett\\u00e4 olet ilmoittanut oikean s\\u00e4hk\\u00f6postiosoitteen tilauksessasi. Muussa tapauksessa ota yhteytt\\u00e4 asiakaspalveluumme.\"}},{\"@type\":\"Question\",\"name\":\"Tarvitaanko trukkia autonostimen purkamiseen?\",\"acceptedAnswer\":{\"@type\":\"Answer\",\"text\":\"Kahden pilarin, nelj\\u00e4n pilarin ja yhden pilarin nostimien toimituksessa tarvitaan esimerkiksi trukin apua purkamiseen, koska pituus on yli 240 cm. Jos sinulla ei ole mahdollisuutta purkaa trukilla, voit tilata toimituksen nosturilla. Ota yhteytt\\u00e4 saadaksesi tiedon toimituskustannuksista omaan osoitteeseesi. Saksinostimet toimitetaan kuorma-autolla takanostimella, joten ylim\\u00e4\\u00e4r\\u00e4ist\\u00e4 nostoapua ei tarvita.\"}},{\"@type\":\"Question\",\"name\":\"Onko tilaukset Ahvenanmaalle alv-vapaita?\",\"acceptedAnswer\":{\"@type\":\"Answer\",\"text\":\"Verkkokaupastamme voi ostaa alv-vapaasti Ahvenanmaalle. Rahtitoimitukset toimitetaan terminaaliin Maarianhaminaan.\"}},{\"@type\":\"Question\",\"name\":\"Onko liikett\\u00e4, jossa voin testata koneita?\",\"acceptedAnswer\":{\"@type\":\"Answer\",\"text\":\"Liikkeemme sijaitsee V\\u00f6yrill\\u00e4. Meill\\u00e4 on laaja tuotevalikoima ja eri koneita voi vertailla ja testata paikan p\\u00e4\\u00e4ll\\u00e4, esimerkiksi rengaskoneita. Olemme avoinna torstaisin klo 10\\u201319, muina aikoina ota yhteytt\\u00e4 ennen vierailua, jotta olemme varmasti paikalla.\"}},{\"@type\":\"Question\",\"name\":\"Kuka on koneiden maahantuoja?\",\"acceptedAnswer\":{\"@type\":\"Answer\",\"text\":\"Maahantuomme koneet suoraan valmistajilta ilman v\\u00e4lik\\u00e4si\\u00e4 ja aina suurissa eriss\\u00e4, mik\\u00e4 est\\u00e4\\u00e4 tarpeettomia kustannuksia ja mahdollistaa eritt\\u00e4in hyv\\u00e4t hinnat asiakkaillemme. Meill\\u00e4 on tiivis yhteisty\\u00f6 toimittajiemme kanssa, mik\\u00e4 takaa tuotteiden korkean laadun ja teknisen tuen, varaosat jne. hoidetaan nopeasti ja sujuvasti.\"}},{\"@type\":\"Question\",\"name\":\"Onko tukea suomeksi?\",\"acceptedAnswer\":{\"@type\":\"Answer\",\"text\":\"Tarjoamme puhelin- ja s\\u00e4hk\\u00f6postitukea ruotsiksi, suomeksi ja englanniksi.\"}},{\"@type\":\"Question\",\"name\":\"Takuu\",\"acceptedAnswer\":{\"@type\":\"Answer\",\"text\":\"Takuuaika on 1 vuosi, ellei tuotesivulla toisin mainita.\"}},{\"@type\":\"Question\",\"name\":\"Palautukset\",\"acceptedAnswer\":{\"@type\":\"Answer\",\"text\":\"Tuotteilla on 14 vuorokauden palautusoikeus ostop\\u00e4iv\\u00e4st\\u00e4 alkaen.\"}}]}<\/script>\n\t\t\t\t\t\t\t<\/div>\n\t\t\t\t<\/div>\n\t\t\t\t<div class=\"elementor-element elementor-element-eb64905 elementor-cta--skin-cover elementor-widget elementor-widget-call-to-action\" data-id=\"eb64905\" data-element_type=\"widget\" data-e-type=\"widget\" data-widget_type=\"call-to-action.default\">\n\t\t\t\t<div class=\"elementor-widget-container\">\n\t\t\t\t\t\t\t<div class=\"elementor-cta\">\n\t\t\t\t\t<div class=\"elementor-cta__bg-wrapper\">\n\t\t\t\t<div class=\"elementor-cta__bg elementor-bg\" style=\"background-image: url();\" role=\"img\" aria-label=\"\"><\/div>\n\t\t\t\t<div class=\"elementor-cta__bg-overlay\"><\/div>\n\t\t\t<\/div>\n\t\t\t\t\t\t\t<div class=\"elementor-cta__content\">\n\t\t\t\t\n\t\t\t\t\t\t\t\t\t<h3 class=\"elementor-cta__title elementor-cta__content-item elementor-content-item\">\n\t\t\t\t\t\tEtk\u00f6 l\u00f6yt\u00e4nyt vastausta kysymykseesi?\t\t\t\t\t<\/h3>\n\t\t\t\t\n\t\t\t\t\t\t\t\t\t<span class=\"elementor-cta__description elementor-cta__content-item elementor-content-item\">\n\t\t\t\t\t\tOta rohkeasti yhteytt\u00e4 asiakaspalveluumme!\t\t\t\t\t<\/span>\n\t\t\t\t\n\t\t\t\t\t\t\t\t\t<div class=\"elementor-cta__button-wrapper elementor-cta__content-item elementor-content-item \">\n\t\t\t\t\t<a class=\"elementor-cta__button elementor-button elementor-size-\" href=\"https:\/\/toolhouse.fi\/ota-yhteytta\/\">\n\t\t\t\t\t\tOta yhteytt\u00e4\t\t\t\t\t<\/a>\n\t\t\t\t\t<\/div>\n\t\t\t\t\t\t\t<\/div>\n\t\t\t\t\t\t<\/div>\n\t\t\t\t\t\t<\/div>\n\t\t\t\t<\/div>\n\t\t\t\t\t<\/div>\n\t\t\t\t<\/div>\n\t\t\t\t<\/div>\n\t\t","protected":false},"excerpt":{"rendered":"<p>Usein kysytyt kysymykset Mik\u00e4 on toimitusaika? Varastomme sijaitsee V\u00f6yrill\u00e4, Suomessa. K\u00e4sittelemme tilauksesi v\u00e4litt\u00f6m\u00e4sti ja tuotteet l\u00e4hetet\u00e4\u00e4n yleens\u00e4 jo samana p\u00e4iv\u00e4n\u00e4. Kaikki verkkokaupassamme saatavilla olevat tuotteet ovat omassa varastossamme. Koska koneet ovat varastossamme, ylim\u00e4\u00e4r\u00e4ist\u00e4 odotusaikaa ei ole. Toimitus tapahtuu yleens\u00e4 1\u20133 arkip\u00e4iv\u00e4ss\u00e4, poikkeustapauksissa toimitusaika saattaa olla hieman pidempi, esimerkiksi toimitukset Pohjois-Suomeen ja Ahvenanmaalle. Miten tilaukseni toimitetaan? [&hellip;]<\/p>\n","protected":false},"author":1,"featured_media":0,"parent":0,"menu_order":0,"comment_status":"closed","ping_status":"closed","template":"","meta":{"_acf_changed":false,"_seopress_robots_primary_cat":"","_seopress_titles_title":"","_seopress_titles_desc":"","_seopress_robots_index":"","footnotes":""},"class_list":["post-18125","page","type-page","status-publish","hentry"],"acf":[],"_links":{"self":[{"href":"https:\/\/toolhouse.fi\/fi\/wp-json\/wp\/v2\/pages\/18125","targetHints":{"allow":["GET"]}}],"collection":[{"href":"https:\/\/toolhouse.fi\/fi\/wp-json\/wp\/v2\/pages"}],"about":[{"href":"https:\/\/toolhouse.fi\/fi\/wp-json\/wp\/v2\/types\/page"}],"author":[{"embeddable":true,"href":"https:\/\/toolhouse.fi\/fi\/wp-json\/wp\/v2\/users\/1"}],"replies":[{"embeddable":true,"href":"https:\/\/toolhouse.fi\/fi\/wp-json\/wp\/v2\/comments?post=18125"}],"version-history":[{"count":5,"href":"https:\/\/toolhouse.fi\/fi\/wp-json\/wp\/v2\/pages\/18125\/revisions"}],"predecessor-version":[{"id":28294,"href":"https:\/\/toolhouse.fi\/fi\/wp-json\/wp\/v2\/pages\/18125\/revisions\/28294"}],"wp:attachment":[{"href":"https:\/\/toolhouse.fi\/fi\/wp-json\/wp\/v2\/media?parent=18125"}],"curies":[{"name":"wp","href":"https:\/\/api.w.org\/{rel}","templated":true}]}}