{"id":20437,"date":"2024-10-15T12:17:22","date_gmt":"2024-10-15T09:17:22","guid":{"rendered":"https:\/\/toolhouse.fi\/?page_id=20437"},"modified":"2024-10-15T14:07:13","modified_gmt":"2024-10-15T11:07:13","slug":"tietoa-toolhousesta","status":"publish","type":"page","link":"https:\/\/toolhouse.fi\/fi\/tietoa-toolhousesta\/","title":{"rendered":"Tietoa Toolhousesta"},"content":{"rendered":"\t\t<div data-elementor-type=\"wp-page\" data-elementor-id=\"20437\" class=\"elementor elementor-20437\" data-elementor-post-type=\"page\">\n\t\t\t\t<section class=\"e-con-top elementor-element elementor-element-7a24130 rey-section-stretched e-flex e-con-boxed e-con e-parent\" data-id=\"7a24130\" data-element_type=\"container\" data-e-type=\"container\" data-settings=\"{&quot;background_background&quot;:&quot;classic&quot;}\">\n\t\t\t\t\t<div class=\"e-con-inner\">\n\t\t<div class=\"elementor-element elementor-element-21437b2 e-con-full e-flex e-con e-child\" data-id=\"21437b2\" data-element_type=\"container\" data-e-type=\"container\" data-settings=\"{&quot;background_background&quot;:&quot;classic&quot;}\">\n\t\t\t\t<div class=\"elementor-element elementor-element-17c016b elementor-widget elementor-widget-heading\" data-id=\"17c016b\" data-element_type=\"widget\" data-e-type=\"widget\" data-widget_type=\"heading.default\">\n\t\t\t\t<div class=\"elementor-widget-container\">\n\t\t\t\t\t<h2 class=\"elementor-heading-title elementor-size-default\">Toolhouse Oy<\/h2>\t\t\t\t<\/div>\n\t\t\t\t<\/div>\n\t\t\t\t<div class=\"elementor-element elementor-element-5d259eb elementor-widget elementor-widget-heading\" data-id=\"5d259eb\" data-element_type=\"widget\" data-e-type=\"widget\" data-widget_type=\"heading.default\">\n\t\t\t\t<div class=\"elementor-widget-container\">\n\t\t\t\t\t<h2 class=\"elementor-heading-title elementor-size-default\">Suomalainen perheyritys perustettu 1992<\/h2>\t\t\t\t<\/div>\n\t\t\t\t<\/div>\n\t\t\t\t<div class=\"elementor-element elementor-element-67d9796 elementor-drop-cap-yes elementor-drop-cap-view-default elementor-widget elementor-widget-text-editor\" data-id=\"67d9796\" data-element_type=\"widget\" data-e-type=\"widget\" data-settings=\"{&quot;drop_cap&quot;:&quot;yes&quot;}\" data-widget_type=\"text-editor.default\">\n\t\t\t\t<div class=\"elementor-widget-container\">\n\t\t\t\t\t\t\t\t\t<p>Toolhouse Oy on perheyritys, joka perustettiin vuonna 1992 ja on yksi johtavista toimijoista korjaamolaitteiden alalla. Pitk\u00e4n kokemuksemme ansiosta tarjoamme luotettavia tuotteita, jotka t\u00e4ytt\u00e4v\u00e4t sek\u00e4 korjaamoiden ett\u00e4 harrastemekaanikoiden tarpeet.<\/p><p>Varastoimme laajan valikoiman tuotteita, mukaan lukien korjaamolaitteita, k\u00e4sity\u00f6kaluja, autonostureita ja paljon muuta. Kaikki myym\u00e4mme tuotteet l\u00f6ytyv\u00e4t omasta varastostamme V\u00f6yrill\u00e4, mik\u00e4 mahdollistaa nopeat toimitukset ja varmistaa, ett\u00e4 asiakkaamme saavat tarvitsemansa tuotteet ajoissa. Meill\u00e4 on laaja kokemus korjaamoalalta ja syv\u00e4llinen tieto myymist\u00e4mme koneista ja ty\u00f6kaluista. Vahva sitoutumisemme tuotteisiin tarkoittaa, ett\u00e4 pyrimme aina tarjoamaan parhaan mahdollisen neuvonnan ja tuen asiakkaillemme.<\/p><p>Teemme yhteisty\u00f6t\u00e4 arvostettujen toimittajien kanssa varmistaaksemme, ett\u00e4 kaikki tuotteemme ovat korkealaatuisia ja luotettavia. Olemme ylpeit\u00e4 voidessamme tarjota asiakkaillemme asiantuntemusta ja teknist\u00e4 tukea, jotta heid\u00e4n tuottavuutensa ja tehokkuutensa maksimoituu.<\/p><p>Me Toolhousessa pyrimme rakentamaan pitk\u00e4aikaisia suhteita asiakkaidemme kanssa. Kuuntelemalla heid\u00e4n tarpeitaan ja mukauttamalla ratkaisuja autamme heit\u00e4 saavuttamaan tavoitteensa. Sitoutunut henkil\u00f6kuntamme on aina valmis tarjoamaan neuvoja ja ohjausta varmistaakseen, ett\u00e4 jokainen asiakas saa parasta mahdollista palvelua.<\/p><p>Tervetuloa Toolhouse Oy:lle \u2013 kumppanisi laadukkaiden ty\u00f6kalujen ja koneratkaisujen alalla!<\/p>\t\t\t\t\t\t\t\t<\/div>\n\t\t\t\t<\/div>\n\t\t\t\t<div class=\"elementor-element elementor-element-9621d99 --icon-style-soh elementor-align-left elementor-widget elementor-widget-button\" data-id=\"9621d99\" data-element_type=\"widget\" data-e-type=\"widget\" data-widget_type=\"button.default\">\n\t\t\t\t<div class=\"elementor-widget-container\">\n\t\t\t\t\t\t\t\t\t<div class=\"elementor-button-wrapper\">\n\t\t\t\t\t<a class=\"elementor-button elementor-button-link elementor-size-sm\" href=\"https:\/\/toolhouse.fi\/ota-yhteytta\/\">\n\t\t\t\t\t\t<span class=\"elementor-button-content-wrapper\">\n\t\t\t\t\t\t<span class=\"--align-icon-right elementor-button-icon\">\n\t\t\t\t<i aria-hidden=\"true\" class=\"fas fa-long-arrow-alt-right\"><\/i>\t\t\t<\/span>\n\t\t\t\t\t\t\t\t\t<span class=\"elementor-button-text\">Ota meihin yhteytt\u00e4<\/span>\n\t\t\t\t\t<\/span>\n\t\t\t\t\t<\/a>\n\t\t\t\t<\/div>\n\t\t\t\t\t\t\t\t<\/div>\n\t\t\t\t<\/div>\n\t\t\t\t<\/div>\n\t\t\t\t\t<\/div>\n\t\t\t\t<\/section>\n\t\t\t\t<\/div>\n\t\t","protected":false},"excerpt":{"rendered":"<p>Toolhouse Oy Suomalainen perheyritys perustettu 1992 Toolhouse Oy on perheyritys, joka perustettiin vuonna 1992 ja on yksi johtavista toimijoista korjaamolaitteiden alalla. Pitk\u00e4n kokemuksemme ansiosta tarjoamme luotettavia tuotteita, jotka t\u00e4ytt\u00e4v\u00e4t sek\u00e4 korjaamoiden ett\u00e4 harrastemekaanikoiden tarpeet. Varastoimme laajan valikoiman tuotteita, mukaan lukien korjaamolaitteita, k\u00e4sity\u00f6kaluja, autonostureita ja paljon muuta. Kaikki myym\u00e4mme tuotteet l\u00f6ytyv\u00e4t omasta varastostamme V\u00f6yrill\u00e4, mik\u00e4 mahdollistaa [&hellip;]<\/p>\n","protected":false},"author":1,"featured_media":0,"parent":0,"menu_order":0,"comment_status":"closed","ping_status":"closed","template":"","meta":{"_acf_changed":false,"_seopress_robots_primary_cat":"","_seopress_titles_title":"","_seopress_titles_desc":"","_seopress_robots_index":"","footnotes":""},"class_list":["post-20437","page","type-page","status-publish","hentry"],"acf":[],"_links":{"self":[{"href":"https:\/\/toolhouse.fi\/fi\/wp-json\/wp\/v2\/pages\/20437","targetHints":{"allow":["GET"]}}],"collection":[{"href":"https:\/\/toolhouse.fi\/fi\/wp-json\/wp\/v2\/pages"}],"about":[{"href":"https:\/\/toolhouse.fi\/fi\/wp-json\/wp\/v2\/types\/page"}],"author":[{"embeddable":true,"href":"https:\/\/toolhouse.fi\/fi\/wp-json\/wp\/v2\/users\/1"}],"replies":[{"embeddable":true,"href":"https:\/\/toolhouse.fi\/fi\/wp-json\/wp\/v2\/comments?post=20437"}],"version-history":[{"count":0,"href":"https:\/\/toolhouse.fi\/fi\/wp-json\/wp\/v2\/pages\/20437\/revisions"}],"wp:attachment":[{"href":"https:\/\/toolhouse.fi\/fi\/wp-json\/wp\/v2\/media?parent=20437"}],"curies":[{"name":"wp","href":"https:\/\/api.w.org\/{rel}","templated":true}]}}