{"id":10098,"date":"2022-10-07T21:16:34","date_gmt":"2022-10-07T18:16:34","guid":{"rendered":"https:\/\/toolhouse.fi\/produkt\/p1-3500kg-2\/"},"modified":"2026-03-17T11:53:48","modified_gmt":"2026-03-17T09:53:48","slug":"p1-3500kg-2","status":"publish","type":"product","link":"https:\/\/toolhouse.fi\/fi\/tuote\/p1-3500kg-2\/","title":{"rendered":"P1-3500KG."},"content":{"rendered":"<table border=\"0\" width=\"423\" cellspacing=\"0\" cellpadding=\"2\">\n<tbody>\n<tr>\n<td width=\"322\"><strong><span style=\"color: #333333;\">Malli:<\/span><\/strong><\/p>\n<p><strong><span style=\"color: #333333;\">Nostokapasiteetti:<\/span><\/strong><\/td>\n<td width=\"93\"><strong><span style=\"color: #333333;\">P1-3500<\/span><\/strong><\/p>\n<p><strong><span style=\"color: #333333;\">3500 kg<\/span><\/strong><\/td>\n<\/tr>\n<tr>\n<td bgcolor=\"#f1f1f1\" width=\"322\"><strong><span style=\"color: #333333;\">Nostokorkeus:<\/span><\/strong><\/td>\n<td bgcolor=\"#f1f1f1\" width=\"93\"><strong><span style=\"color: #333333;\">95 \u2013 1900 mm<\/span><\/strong><\/td>\n<\/tr>\n<tr>\n<td width=\"322\"><strong><span style=\"color: #333333;\">Kauko-ohjaus<\/span><\/strong><\/td>\n<td width=\"93\"><strong><span style=\"color: #333333;\">Kyll\u00e4<\/span><\/strong><\/td>\n<\/tr>\n<tr>\n<td bgcolor=\"#f1f1f1\" width=\"322\"><strong><span style=\"color: #333333;\">S\u00e4hk\u00f6hydraulinen :<\/span><\/strong><\/td>\n<td bgcolor=\"#f1f1f1\" width=\"93\"><strong><span style=\"color: #333333;\">Kyll\u00e4<\/span><\/strong><\/td>\n<\/tr>\n<tr>\n<td width=\"322\"><strong><span style=\"color: #333333;\">Nostoaika :<\/span><\/strong><\/td>\n<td width=\"93\"><strong><span style=\"color: #333333;\">30 sek<\/span><\/strong><\/td>\n<\/tr>\n<tr>\n<td bgcolor=\"#f1f1f1\" width=\"322\"><strong><span style=\"color: #333333;\">Pitk\u00e4t symmetriset nostovarret:<\/span><\/strong><\/td>\n<td bgcolor=\"#f1f1f1\" width=\"93\"><strong><span style=\"color: #333333;\">Kyll\u00e4<\/span><\/strong><\/td>\n<\/tr>\n<tr>\n<td width=\"322\"><strong><span style=\"color: #333333;\">Teho:<\/span><\/strong><\/td>\n<td width=\"93\"><strong><span style=\"color: #333333;\">2,2kW<\/span><\/strong><\/td>\n<\/tr>\n<tr>\n<td bgcolor=\"#f1f1f1\" width=\"322\"><strong><span style=\"color: #333333;\">Korkeus:<\/span><\/strong><\/td>\n<td bgcolor=\"#f1f1f1\" width=\"93\"><strong><span style=\"color: #333333;\">2760 mm<\/span><\/strong><\/td>\n<\/tr>\n<tr>\n<td width=\"322\"><strong><span style=\"color: #333333;\">Leveys:<\/span><\/strong><\/p>\n<p><strong>Pituus:<\/strong><\/td>\n<td width=\"93\"><strong><span style=\"color: #333333;\">1530 mm<\/span><\/strong><\/p>\n<p><strong>2325 mm<\/strong><\/td>\n<\/tr>\n<tr>\n<td bgcolor=\"#f1f1f1\" width=\"322\"><strong><span style=\"color: #333333;\">J\u00e4nnite:<\/span><\/strong><\/td>\n<td bgcolor=\"#f1f1f1\" width=\"93\"><strong><span style=\"color: #333333;\">230V<\/span><\/strong><\/td>\n<\/tr>\n<tr>\n<td width=\"322\"><strong>Ohjausj\u00e4nnite:<\/strong><\/td>\n<td width=\"93\"><strong>24V<\/strong><\/td>\n<\/tr>\n<tr>\n<td bgcolor=\"#f1f1f1\" width=\"322\"><strong><span style=\"color: #333333;\">CE-hyv\u00e4ksytty:<\/span><\/strong><\/td>\n<td bgcolor=\"#f1f1f1\" width=\"93\"><strong><span style=\"color: #333333;\">Kyll\u00e4<\/span><\/strong><\/td>\n<\/tr>\n<tr>\n<td width=\"322\"><strong><span style=\"color: #333333;\">Takuu:<\/span><\/strong><\/td>\n<td width=\"93\"><strong><span style=\"color: #333333;\">1 vuosi<\/span><\/strong><\/td>\n<\/tr>\n<tr>\n<td bgcolor=\"#f1f1f1\" width=\"322\"><\/td>\n<td bgcolor=\"#f1f1f1\" width=\"93\"><\/td>\n<\/tr>\n<tr>\n<td width=\"322\"><strong><span style=\"color: #333333;\">Rajakytkin:<\/span><\/strong><\/td>\n<td width=\"93\"><strong><span style=\"color: #333333;\">Suojaa maksimaalisen nostokorkeuden ylitt\u00e4miseksi<\/span><\/strong><\/td>\n<\/tr>\n<\/tbody>\n<\/table>\n","protected":false},"excerpt":{"rendered":"<ul>\n<li>Nostokyky 3500kg<\/li>\n<li>Nostokorkeus 1900mm<\/li>\n<li>Yliajokorkeus 95mm<\/li>\n<li>Hydraulinen<\/li>\n<li>230V<\/li>\n<li>Siirrett\u00e4v\u00e4<\/li>\n<li>Kaukos\u00e4\u00e4din<\/li>\n<li>Automaattinen lukitus ja manuaalinen vapautus.<\/li>\n<li tabindex=\"0\" role=\"label\">230V pistorasia<\/li>\n<li tabindex=\"0\" role=\"label\"><span style=\"color: #333333;\">Korotuspalat sis\u00e4ltyy.<\/span><\/li>\n<li>Omapaino 1200kg<\/li>\n<\/ul>\n<p>&nbsp;<\/p>\n<p><strong>Nostokyky 3500kg<\/strong><\/p>\n<p>P1-3500 on markkinoiden suurin siirrett\u00e4v\u00e4 1-pilarinostin.<\/p>\n<p>Nostimen omapaino on 1200 kg ja nostokapasiteetti 3500 kg, joten se pystyy nostamaan suurempia ja pidempi\u00e4 ajoneuvoja, kuten pakettiautoja.<\/p>\n<p>&nbsp;<\/p>\n<p><strong>S\u00e4\u00e4dett\u00e4vyys<\/strong><\/p>\n<p>Pitk\u00e4t teleskooppiset nostovarret, joissa on suuri s\u00e4\u00e4t\u00f6vara. Helpottaa kun nostat pidempi\u00e4 ajoneuvoja.<\/p>\n<p><span style=\"color: #333333;\">Nostotallat ovat s\u00e4\u00e4dett\u00e4viss\u00e4 ja korotuspalat on vakiovaruste.<\/span><\/p>\n<div id=\"ts-body\">\n<div class=\"css-52 ts-pivot-container\">\n<div id=\"ContentContainer\">\n<div role=\"tabpanel\" aria-labelledby=\"Pivot1-Tab0\">\n<div class=\"ts-lookup-pivot\">\n<div id=\"Lookup\" class=\"ts-pivot-lookup-component\">\n<div class=\"ms-Grid ts-grid\">\n<div class=\"ms-Grid-row\">\n<div tabindex=\"0\" role=\"label\">\n<p><strong>Siirrett\u00e4v\u00e4<\/strong><\/p>\n<p>P1-3500 toimii pitk\u00e4lt\u00e4 kuin pumppuk\u00e4rry, eli voit siirt\u00e4\u00e4 sen minne haluat, tarvitset vain nostaa ja vet\u00e4\u00e4.<\/p>\n<p>P1-3500 ei tarvitse kiinnitt\u00e4\u00e4 lattiaan, vaan voit k\u00e4ytt\u00e4\u00e4 sit\u00e4 miss\u00e4 haluat, lattian tulee olla tasainen ja tukeva betonilattia.<\/p>\n<p>&nbsp;<\/p>\n<\/div>\n<p><strong>Kaukos\u00e4\u00e4din <\/strong><\/p>\n<div id=\"ts-body\">\n<div class=\"css-52 ts-pivot-container\">\n<div id=\"ContentContainer\">\n<div>\n<div>\n<div role=\"tabpanel\" aria-labelledby=\"Pivot1-Tab0\">\n<div class=\"ts-lookup-pivot\">\n<div id=\"Lookup\" class=\"ts-pivot-lookup-component\">\n<div class=\"ms-Grid ts-grid\">\n<div class=\"ms-Grid-row\">\n<div class=\"ts-textfield-container \" lang=\"fi\">\n<div class=\"ts-alignment-view-container\">\n<div id=\"ts-alignment-view-idtgt\" class=\"ts-alignment-view ms-font-m ts-alignment-view-tgt ts-ltr-left-zero\" tabindex=\"0\" aria-hidden=\"false\">\n<div tabindex=\"0\" role=\"label\">Vakiona k\u00e4tev\u00e4 kaukos\u00e4\u00e4din pitk\u00e4ll\u00e4 kaapelilla.<img alt=\"\" decoding=\"async\" class=\"wp-image-10123 aligncenter\" src=\"http:\/\/toolhouse.fi\/wp-content\/uploads\/2022\/10\/c9e9f737-1e33-48cc-b8d9-6e5858ccab44-removebg-preview-300x300.png\" alt=\"\" width=\"215\" height=\"215\" srcset=\"https:\/\/toolhouse.fi\/wp-content\/uploads\/2022\/10\/c9e9f737-1e33-48cc-b8d9-6e5858ccab44-removebg-preview-300x300.png 300w, https:\/\/toolhouse.fi\/wp-content\/uploads\/2022\/10\/c9e9f737-1e33-48cc-b8d9-6e5858ccab44-removebg-preview-100x100.png 100w, https:\/\/toolhouse.fi\/wp-content\/uploads\/2022\/10\/c9e9f737-1e33-48cc-b8d9-6e5858ccab44-removebg-preview-150x150.png 150w, https:\/\/toolhouse.fi\/wp-content\/uploads\/2022\/10\/c9e9f737-1e33-48cc-b8d9-6e5858ccab44-removebg-preview.png 500w\" sizes=\"(max-width: 215px) 100vw, 215px\" \/><\/div>\n<\/div>\n<div tabindex=\"0\" role=\"label\"><\/div>\n<\/div>\n<div tabindex=\"0\" role=\"label\"><\/div>\n<\/div>\n<div tabindex=\"0\" role=\"label\"><\/div>\n<div class=\"ts-textfield-container \" lang=\"fi\">\n<div class=\"ts-alignment-view-container\">\n<div tabindex=\"0\" role=\"label\">\n<p><strong>Korkea turvallisuus<\/strong><\/p>\n<p>P1:ss\u00e4 lukitusj\u00e4rjestelm\u00e4 aktivoituu automaattisesti kun autoa nostetaan.<\/p>\n<p>Lis\u00e4ksi nostoprosessi pys\u00e4htyy kun auto saavuttaa maksimikorkeuden.<\/p>\n<p>Vakiovarusteena oven kolhusuoja, \u00e4\u00e4nimerkki laskettaessa ja\u00a0h\u00e4t\u00e4pys\u00e4ytys.<\/p>\n<\/div>\n<\/div>\n<\/div>\n<\/div>\n<\/div>\n<\/div>\n<\/div>\n<\/div>\n<\/div>\n<\/div>\n<\/div>\n<\/div>\n<\/div>\n<div tabindex=\"0\" role=\"label\">\n<p>&nbsp;<\/p>\n<\/div>\n<\/div>\n<p><strong>Valmiina koottu?<\/strong><\/p>\n<p>T\u00e4m\u00e4 nostin on saatavana valmiiksi koottuna, k\u00e4ytt\u00f6valmis.<\/p>\n<p>Asennuksen hinta sis\u00e4lt\u00e4\u00e4: asennus, hydrauli\u00f6ljyn, s\u00e4hk\u00f6asennuksen ja koeajon.<\/p>\n<p>Kuljetus voidaan j\u00e4rjest\u00e4\u00e4 edullisesti noin 100 km:n sis\u00e4ll\u00e4 (ota yhteytt\u00e4 hintaan) tai noutaa itsesi varastostamme.<\/p>\n<p><strong>Asennuksen ja kuljetuksen hinta: ota yhteytt\u00e4.<\/strong><\/p>\n<p>Kuljetusmitat: korkeus 276 cm, leveys 153 cm, pituus 233 cm, paino 1200 kg.<\/p>\n<\/div>\n<\/div>\n<\/div>\n<\/div>\n<\/div>\n<\/div>\n<\/div>\n","protected":false},"featured_media":25465,"template":"","meta":{"_acf_changed":false,"_seopress_robots_primary_cat":"none","_seopress_titles_title":"","_seopress_titles_desc":"","_seopress_robots_index":""},"product_cat":[284,455,37],"product_tag":[],"class_list":{"0":"post-10098","1":"product","2":"type-product","3":"status-publish","4":"has-post-thumbnail","6":"product_cat-1-pilarinostimet","7":"product_cat-ajoneuvonostimet","8":"product_cat-autonostimet","9":"product_shipping_class-frakt195e-fi","11":"first","12":"outofstock","13":"taxable","14":"shipping-taxable","15":"purchasable","16":"product-type-simple","swatches":"rey-swatches","show_selected":""},"acf":[],"_links":{"self":[{"href":"https:\/\/toolhouse.fi\/fi\/wp-json\/wp\/v2\/product\/10098","targetHints":{"allow":["GET"]}}],"collection":[{"href":"https:\/\/toolhouse.fi\/fi\/wp-json\/wp\/v2\/product"}],"about":[{"href":"https:\/\/toolhouse.fi\/fi\/wp-json\/wp\/v2\/types\/product"}],"version-history":[{"count":0,"href":"https:\/\/toolhouse.fi\/fi\/wp-json\/wp\/v2\/product\/10098\/revisions"}],"wp:featuredmedia":[{"embeddable":true,"href":"https:\/\/toolhouse.fi\/fi\/wp-json\/wp\/v2\/media\/25465"}],"wp:attachment":[{"href":"https:\/\/toolhouse.fi\/fi\/wp-json\/wp\/v2\/media?parent=10098"}],"wp:term":[{"taxonomy":"product_cat","embeddable":true,"href":"https:\/\/toolhouse.fi\/fi\/wp-json\/wp\/v2\/product_cat?post=10098"},{"taxonomy":"product_tag","embeddable":true,"href":"https:\/\/toolhouse.fi\/fi\/wp-json\/wp\/v2\/product_tag?post=10098"}],"curies":[{"name":"wp","href":"https:\/\/api.w.org\/{rel}","templated":true}]}}