{"id":1035,"date":"2020-08-31T15:56:41","date_gmt":"2020-08-31T12:56:41","guid":{"rendered":"https:\/\/toolhouse.fi\/produkt\/vaihteistonostin-500-kg\/"},"modified":"2025-10-05T14:39:23","modified_gmt":"2025-10-05T11:39:23","slug":"vaihteistonostin-500-kg","status":"publish","type":"product","link":"https:\/\/toolhouse.fi\/fi\/tuote\/vaihteistonostin-500-kg\/","title":{"rendered":"Vaihteistonostin 500 kg."},"content":{"rendered":"<p>&nbsp;<\/p>\n<table class=\"n54117_dictionary\">\n<tbody>\n<tr>\n<td class=\"n54117_item_a1\"><span class=\"n67256colon\">Kapasiteetti:<\/span><\/td>\n<td class=\"n54117_item_b1\">\n<div class=\"n54117_item_b_sub\">500 kg<\/div>\n<\/td>\n<\/tr>\n<tr>\n<td class=\"n54117_item_a2\"><\/td>\n<td class=\"n54117_item_b2\">\n<div class=\"n54117_item_b_sub\"><\/div>\n<\/td>\n<\/tr>\n<tr>\n<td class=\"n54117_item_a1\">Ylin korkeus:<\/td>\n<td class=\"n54117_item_b1\"><span class=\"n67256colon\">1050 mm<\/span><\/td>\n<\/tr>\n<tr>\n<td class=\"n54117_item_a2\">H\u00f6gsta h\u00f6jd:<\/td>\n<td class=\"n54117_item_b2\">\n<div class=\"n54117_item_b_sub\">1820 mm<\/div>\n<\/td>\n<\/tr>\n<tr>\n<td class=\"n54117_item_a1\">Iskunpituus:<\/td>\n<td class=\"n54117_item_b1\">\n<div class=\"n54117_item_b_sub\">770 mm<\/div>\n<\/td>\n<\/tr>\n<tr>\n<td class=\"n54117_item_a2\">Paino:<\/td>\n<td class=\"n54117_item_b2\">\n<div class=\"n54117_item_b_sub\">23,5 kg<\/div>\n<\/td>\n<\/tr>\n<tr>\n<td class=\"n54117_item_a1\"><\/td>\n<td class=\"n54117_item_b1\">\n<div class=\"n54117_item_b_sub\"><\/div>\n<\/td>\n<\/tr>\n<tr>\n<td class=\"n54117_item_a2\">Ce-hyv\u00e4ksytty:<\/td>\n<td class=\"n54117_item_b2\">\n<div class=\"n54117_item_b_sub\">Kyll\u00e4<\/div>\n<\/td>\n<\/tr>\n<tr>\n<td class=\"n54117_item_a1\"><\/td>\n<td class=\"n54117_item_b1\">\n<div class=\"n54117_item_b_sub\"><\/div>\n<\/td>\n<\/tr>\n<tr>\n<td class=\"n54117_item_a2\"><\/td>\n<td class=\"n54117_item_b2\">\n<div class=\"n54117_item_b_sub\"><\/div>\n<\/td>\n<\/tr>\n<tr>\n<td class=\"n54117_item_a1\">Takuu:<\/td>\n<td class=\"n54117_item_b1\">1 vuosi<\/td>\n<\/tr>\n<tr>\n<td class=\"n54117_item_a2\">Valmistaja:<\/td>\n<td class=\"n54117_item_b2\">\n<div class=\"n54117_item_b_sub\">Geko<\/div>\n<\/td>\n<\/tr>\n<\/tbody>\n<\/table>\n","protected":false},"excerpt":{"rendered":"<p data-start=\"0\" data-end=\"83\">Vankka hydraulinen vaihteistonnostin laakeroiduilla ja k\u00e4\u00e4ntyvill\u00e4 py\u00f6rill\u00e4.<\/p>\n<p data-start=\"85\" data-end=\"192\">Sopii erinomaisesti vaihteistojen, pakoputkistojen\u00a0ja jousituksen asennus- ja huoltot\u00f6ihin.<\/p>\n<p data-start=\"194\" data-end=\"257\" data-is-last-node=\"\" data-is-only-node=\"\">Helppo nostaa jalkapolkimella ja k\u00e4sik\u00e4ytt\u00f6inen laskuventtiili mahdollistaa tarkan kuorman laskemisen.<\/p>\n","protected":false},"featured_media":24849,"template":"","meta":{"_acf_changed":false,"_seopress_robots_primary_cat":"none","_seopress_titles_title":"","_seopress_titles_desc":"","_seopress_robots_index":""},"product_cat":[455,288,457],"product_tag":[],"class_list":{"0":"post-1035","1":"product","2":"type-product","3":"status-publish","4":"has-post-thumbnail","6":"product_cat-ajoneuvonostimet","7":"product_cat-moottori-ja-vaihdelaatikkonostimet","8":"product_cat-vaihdelaatikkonostimet","9":"product_shipping_class-k-160-1090e","11":"first","12":"instock","13":"taxable","14":"shipping-taxable","15":"purchasable","16":"product-type-simple","swatches":"rey-swatches","show_selected":""},"acf":[],"_links":{"self":[{"href":"https:\/\/toolhouse.fi\/fi\/wp-json\/wp\/v2\/product\/1035","targetHints":{"allow":["GET"]}}],"collection":[{"href":"https:\/\/toolhouse.fi\/fi\/wp-json\/wp\/v2\/product"}],"about":[{"href":"https:\/\/toolhouse.fi\/fi\/wp-json\/wp\/v2\/types\/product"}],"version-history":[{"count":0,"href":"https:\/\/toolhouse.fi\/fi\/wp-json\/wp\/v2\/product\/1035\/revisions"}],"wp:featuredmedia":[{"embeddable":true,"href":"https:\/\/toolhouse.fi\/fi\/wp-json\/wp\/v2\/media\/24849"}],"wp:attachment":[{"href":"https:\/\/toolhouse.fi\/fi\/wp-json\/wp\/v2\/media?parent=1035"}],"wp:term":[{"taxonomy":"product_cat","embeddable":true,"href":"https:\/\/toolhouse.fi\/fi\/wp-json\/wp\/v2\/product_cat?post=1035"},{"taxonomy":"product_tag","embeddable":true,"href":"https:\/\/toolhouse.fi\/fi\/wp-json\/wp\/v2\/product_tag?post=1035"}],"curies":[{"name":"wp","href":"https:\/\/api.w.org\/{rel}","templated":true}]}}