{"id":1066,"date":"2020-09-01T11:28:13","date_gmt":"2020-09-01T08:28:13","guid":{"rendered":"https:\/\/toolhouse.fi\/produkt\/moottorinostin-2t-redats-h-120\/"},"modified":"2025-05-14T09:53:08","modified_gmt":"2025-05-14T06:53:08","slug":"moottorinostin-2t","status":"publish","type":"product","link":"https:\/\/toolhouse.fi\/fi\/tuote\/moottorinostin-2t\/","title":{"rendered":"Moottorinostin 2T"},"content":{"rendered":"<table class=\"n54117_dictionary\">\n<tbody>\n<tr>\n<td class=\"n54117_item_a1\">Ylin nostokorkeus\u00a0\u00a0<span class=\"n67256colon\">:<\/span><\/td>\n<td class=\"n54117_item_b1\">\n<div class=\"n54117_item_b_sub\">2360mm<\/div>\n<\/td>\n<\/tr>\n<tr>\n<td class=\"n54117_item_a2\">S\u00e4\u00e4dett\u00e4v\u00e4 nostopuomi\u00a0<span class=\"n67256colon\">:<\/span><\/td>\n<td class=\"n54117_item_b2\">\n<div class=\"n54117_item_b_sub\">500 kg, 1 ton, 1.5 ton, 2 ton<\/div>\n<\/td>\n<\/tr>\n<tr>\n<td class=\"n54117_item_a1\">S\u00e4\u00e4dett\u00e4v\u00e4 nostopuomi\u00a0<span class=\"n67256colon\">:<\/span><\/td>\n<td class=\"n54117_item_b1\"><span class=\"n67256colon\">1050-1590mm<\/span><\/td>\n<\/tr>\n<tr>\n<td class=\"n54117_item_a2\"><span class=\"n67256colon\">Pituus:<\/span><\/td>\n<td class=\"n54117_item_b2\">\n<div class=\"n54117_item_b_sub\">1640 mm<\/div>\n<\/td>\n<\/tr>\n<tr>\n<td class=\"n54117_item_a1\"><span class=\"n67256colon\">Leveys:<\/span><\/td>\n<td class=\"n54117_item_b1\">\n<div class=\"n54117_item_b_sub\">1020 mm<\/div>\n<\/td>\n<\/tr>\n<tr>\n<td class=\"n54117_item_a2\">Korkeus alin\u00a0<span class=\"n67256colon\">:<\/span><\/td>\n<td class=\"n54117_item_b2\">\n<div class=\"n54117_item_b_sub\">1480 mm<\/div>\n<\/td>\n<\/tr>\n<tr>\n<td class=\"n54117_item_a1\"><span class=\"n67256colon\">Py\u00f6r\u00e4t:<\/span><\/td>\n<td class=\"n54117_item_b1\">\n<div class=\"n54117_item_b_sub\">6 kpl<\/div>\n<\/td>\n<\/tr>\n<tr>\n<td class=\"n54117_item_a2\">Ce-hyv\u00e4ksytty:<\/td>\n<td class=\"n54117_item_b2\">\n<div class=\"n54117_item_b_sub\">Kyll\u00e4<\/div>\n<\/td>\n<\/tr>\n<tr>\n<td class=\"n54117_item_a1\">Taitettava<\/td>\n<td class=\"n54117_item_b1\">\n<div class=\"n54117_item_b_sub\"><span class=\"n54117_name_sub\">Kyll\u00e4<\/span><\/div>\n<\/td>\n<\/tr>\n<tr>\n<td class=\"n54117_item_a2\">Paino:<\/td>\n<td class=\"n54117_item_b2\">\n<div class=\"n54117_item_b_sub\">76 kg<\/div>\n<\/td>\n<\/tr>\n<tr>\n<td class=\"n54117_item_a1\"><span class=\"n67256colon\">Nostokapasiteetti:<\/span><\/td>\n<td class=\"n54117_item_b1\">\n<div class=\"n54117_item_b_sub\">2000kg<\/div>\n<\/td>\n<\/tr>\n<tr>\n<td class=\"n54117_item_a2\">Takuu\u00a0<span class=\"n67256colon\">:<\/span>&nbsp;<\/p>\n<p>Valmistaja:<\/td>\n<td class=\"n54117_item_b2\">\n<div class=\"n54117_item_b_sub\">1 vuosi<\/div>\n<div>Geko<\/div>\n<\/td>\n<\/tr>\n<\/tbody>\n<\/table>\n","protected":false},"excerpt":{"rendered":"<p class=\"product_title entry-title\"><strong>Geko kokoontaittuva moottorinostin 2000kg<\/strong><\/p>\n<ul>\n<li><span class=\"n67256colon\">Nostokyky 2000kg.<\/span><\/li>\n<li>S\u00e4\u00e4dett\u00e4v\u00e4 nostopuomi, nelj\u00e4 eri pituutta.<\/li>\n<li>Kovakromattu sylinteri ja pumpun m\u00e4nt\u00e4 takaa pitk\u00e4n k\u00e4ytt\u00f6i\u00e4n.<\/li>\n<li>Sis\u00e4\u00e4nrakennettu ylikuormasuoja<\/li>\n<li>Kest\u00e4v\u00e4t 360 \u00b0 k\u00e4\u00e4nnett\u00e4v\u00e4t py\u00f6r\u00e4t helpottavat nostimen liikuttelua my\u00f6s t\u00e4dell\u00e4 kuormalla.<\/li>\n<li>Taitettava.<\/li>\n<\/ul>\n","protected":false},"featured_media":24837,"template":"","meta":{"_acf_changed":false,"_seopress_robots_primary_cat":"none","_seopress_titles_title":"","_seopress_titles_desc":"","_seopress_robots_index":""},"product_cat":[455,288,456],"product_tag":[],"class_list":{"0":"post-1066","1":"product","2":"type-product","3":"status-publish","4":"has-post-thumbnail","6":"product_cat-ajoneuvonostimet","7":"product_cat-moottori-ja-vaihdelaatikkonostimet","8":"product_cat-moottorinostimet","9":"product_shipping_class-frakt49e-fi","11":"first","12":"instock","13":"sale","14":"taxable","15":"shipping-taxable","16":"purchasable","17":"product-type-simple","swatches":"rey-swatches","show_selected":""},"acf":[],"_links":{"self":[{"href":"https:\/\/toolhouse.fi\/fi\/wp-json\/wp\/v2\/product\/1066","targetHints":{"allow":["GET"]}}],"collection":[{"href":"https:\/\/toolhouse.fi\/fi\/wp-json\/wp\/v2\/product"}],"about":[{"href":"https:\/\/toolhouse.fi\/fi\/wp-json\/wp\/v2\/types\/product"}],"version-history":[{"count":2,"href":"https:\/\/toolhouse.fi\/fi\/wp-json\/wp\/v2\/product\/1066\/revisions"}],"predecessor-version":[{"id":24835,"href":"https:\/\/toolhouse.fi\/fi\/wp-json\/wp\/v2\/product\/1066\/revisions\/24835"}],"wp:featuredmedia":[{"embeddable":true,"href":"https:\/\/toolhouse.fi\/fi\/wp-json\/wp\/v2\/media\/24837"}],"wp:attachment":[{"href":"https:\/\/toolhouse.fi\/fi\/wp-json\/wp\/v2\/media?parent=1066"}],"wp:term":[{"taxonomy":"product_cat","embeddable":true,"href":"https:\/\/toolhouse.fi\/fi\/wp-json\/wp\/v2\/product_cat?post=1066"},{"taxonomy":"product_tag","embeddable":true,"href":"https:\/\/toolhouse.fi\/fi\/wp-json\/wp\/v2\/product_tag?post=1066"}],"curies":[{"name":"wp","href":"https:\/\/api.w.org\/{rel}","templated":true}]}}