{"id":11007,"date":"2022-11-27T14:44:55","date_gmt":"2022-11-27T12:44:55","guid":{"rendered":"https:\/\/toolhouse.fi\/?post_type=product&#038;p=11007"},"modified":"2025-11-16T18:08:08","modified_gmt":"2025-11-16T16:08:08","slug":"walter-vgk-420-22-90a-valurauta-kompressori","status":"publish","type":"product","link":"https:\/\/toolhouse.fi\/fi\/tuote\/walter-vgk-420-22-90a-valurauta-kompressori\/","title":{"rendered":"Walter VGK 420-2,2\/90A Valurauta kompressori"},"content":{"rendered":"<table>\n<tbody>\n<tr>\n<td><span style=\"color: #333333;\"><strong><span class=\"\">Valmistaja<\/span><\/strong><\/span><\/td>\n<td><span style=\"color: #333333;\"><strong>Walter kompressortechnik<\/strong><\/span><\/td>\n<\/tr>\n<tr>\n<td><span style=\"color: #333333;\"><strong>Malli<\/strong><\/span><\/td>\n<td><span style=\"color: #333333;\"><strong>VGK 420-2,2 \/ 90 A<\/strong><\/span><\/td>\n<\/tr>\n<tr>\n<td><span style=\"color: #333333;\"><strong>Imutuotto (L\/Min)<\/strong><\/span><\/td>\n<td><span style=\"color: #333333;\"><strong>420<\/strong><\/span><\/td>\n<\/tr>\n<tr>\n<td><span style=\"color: #333333;\"><strong>Painetuotto (L\/Min)<\/strong><\/span><\/td>\n<td><span style=\"color: #333333;\"><strong>340<\/strong><\/span><\/td>\n<\/tr>\n<tr>\n<td><span style=\"color: #333333;\"><strong>Paine (bar)<\/strong><\/span><\/td>\n<td><span style=\"color: #333333;\"><strong>10<\/strong><\/span><\/td>\n<\/tr>\n<tr>\n<td><span style=\"color: #333333;\"><strong>Teho (kW\/HP)<\/strong><\/span><\/td>\n<td><span style=\"color: #333333;\"><strong>2,2 \/ 3,0<\/strong><\/span><\/td>\n<\/tr>\n<tr>\n<td><span style=\"color: #333333;\"><strong>S\u00e4ili\u00f6n Tilavuus (L)<\/strong><\/span><\/td>\n<td><span style=\"color: #333333;\"><strong>90<\/strong><\/span><\/td>\n<\/tr>\n<tr>\n<td><span style=\"color: #333333;\"><strong>Sylinteri m\u00e4\u00e4r\u00e4<\/strong><\/span><\/td>\n<td><span style=\"color: #333333;\"><strong>2 kpl<\/strong><\/span><\/td>\n<\/tr>\n<tr>\n<td><span style=\"color: #333333;\"><strong>Py\u00f6rimisnopeus (rpm)<\/strong><\/span><\/td>\n<td><span style=\"color: #333333;\"><strong>1430<\/strong><\/span><\/td>\n<\/tr>\n<tr>\n<td><span style=\"color: #333333;\"><strong>Leveys (mm)<\/strong><\/span><\/td>\n<td><span style=\"color: #333333;\"><strong>510(py\u00f6rien kohdalta) , 630(kompressoriosan leveys)\u00a0<\/strong><\/span><\/td>\n<\/tr>\n<tr>\n<td><span style=\"color: #333333;\"><strong>Korkeus (mm)<\/strong><\/span><\/td>\n<td><span style=\"color: #333333;\"><strong>1150<\/strong><\/span><\/td>\n<\/tr>\n<tr>\n<td><span style=\"color: #333333;\"><strong>Pituus (mm)<\/strong><\/span><\/td>\n<td><span style=\"color: #333333;\"><strong><span class=\"goog-text-highlight\">780 (pituus kahvojen kanssa)<\/span><\/strong><\/span><\/td>\n<\/tr>\n<\/tbody>\n<\/table>\n<table>\n<tbody>\n<tr>\n<td><span style=\"color: #333333;\"><strong>Paino (kg)<\/strong><\/span><\/p>\n<p><span style=\"color: #333333;\"><strong>Melutaso (dB)\u00a0 \u00a0 \u00a0 \u00a0 \u00a0 \u00a0 \u00a0 \u00a0 \u00a0 \u00a0 \u00a0<\/strong><\/span><\/td>\n<td><span style=\"color: #333333;\"><strong>100\u00a0 \u00a0 \u00a0<\/strong><\/span><\/p>\n<p><span style=\"color: #333333;\"><strong>80\u00a0 \u00a0 \u00a0 \u00a0 \u00a0 \u00a0 \u00a0 \u00a0 \u00a0 \u00a0 \u00a0 \u00a0 \u00a0 \u00a0 \u00a0 .<\/strong><\/span><\/td>\n<\/tr>\n<tr>\n<td><span style=\"color: #333333;\"><strong>J\u00e4nnite (V)<\/strong><\/span><\/td>\n<td><span style=\"color: #333333;\"><strong>230<\/strong><\/span><\/td>\n<\/tr>\n<tr>\n<td><span style=\"color: #333333;\"><strong>Valmistusmaa<\/strong><\/span><\/td>\n<td><span style=\"color: #333333;\"><strong>Puola<\/strong><\/span><\/td>\n<\/tr>\n<tr>\n<td><span style=\"color: #333333;\"><strong>CE-hyv\u00e4ksytty<\/strong><\/span><\/td>\n<td><span style=\"color: #333333;\"><strong>Kyll\u00e4<\/strong><\/span><\/td>\n<\/tr>\n<tr>\n<td><span style=\"color: #333333;\"><strong>Takuu<\/strong><\/span><\/td>\n<td><span style=\"color: #333333;\"><strong>1 vuosi<\/strong><\/span><\/td>\n<\/tr>\n<\/tbody>\n<\/table>\n","protected":false},"excerpt":{"rendered":"<p><strong>Walter VGK 420-2,2 \/ 90 A<\/strong> Tehokas ammattik\u00e4ytt\u00f6\u00f6n sopiva pystykompressori, joka vie v\u00e4h\u00e4n lattiatilaa.<\/p>\n<p>&nbsp;<\/p>\n<p>Walter on varmatoiminen ja laadukkaista osista valmistettu kompressori pitk\u00e4aikaiseen k\u00e4ytt\u00f6\u00f6n.<\/p>\n<ul>\n<li>Valurauta kompressori<\/li>\n<li>2,2 kW \/ 3,0 hv<\/li>\n<li>Ilmas\u00e4ili\u00f6 90 L<\/li>\n<li>Painetuotto 340 L<\/li>\n<li>Imutuotto 420 L<\/li>\n<li>10 Bar<\/li>\n<li>2 sylinterinen<\/li>\n<li>80 dB<\/li>\n<li>Isot 250 mm py\u00f6r\u00e4t<\/li>\n<li>230 V<\/li>\n<\/ul>\n<p>Toimintavarma ja laadukkaista osista valmistettu Walter kompressori pitk\u00e4aikaiseen k\u00e4ytt\u00f6\u00f6n, tehokas 2,2 kW moottori ja <strong>painetuotto<\/strong> 340 l\/min.<\/p>\n<p>Helppo siirt\u00e4\u00e4 suurien kumipy\u00f6rien ansiosta.<\/p>\n<p>Walterissa on valurautaiset pumppulohkot, sylinterit ja sylinterinkannet, mik\u00e4 takaa alhaiset melutasot, paremman j\u00e4\u00e4hdytyksen ja pitk\u00e4n k\u00e4ytt\u00f6i\u00e4n.<\/p>\n<p><em><a href=\"https:\/\/walterpolska.pl\/home-pl-pl.html\" target=\"_blank\" rel=\"noopener\">Walter Kompressortechnik\u00a0<\/a><\/em>on yksi Euroopan johtavista kompressoreiden valmistajista,<\/p>\n<p>VGK 420-2,2 \/ 90 A on matalakierroksinen ja kest\u00e4v\u00e4 kompressori soveltuu ammattik\u00e4ytt\u00f6\u00f6n.<\/p>\n<p>&nbsp;<\/p>\n","protected":false},"featured_media":11467,"template":"","meta":{"_acf_changed":false,"_seopress_robots_primary_cat":"none","_seopress_titles_title":"","_seopress_titles_desc":"","_seopress_robots_index":""},"product_cat":[217,322],"product_tag":[],"class_list":{"0":"post-11007","1":"product","2":"type-product","3":"status-publish","4":"has-post-thumbnail","6":"product_cat-kompressori-ja-paineilma","7":"product_cat-kompressorit","8":"product_shipping_class-m-201-94e","10":"first","11":"instock","12":"taxable","13":"shipping-taxable","14":"purchasable","15":"product-type-simple","swatches":"rey-swatches","show_selected":""},"acf":[],"_links":{"self":[{"href":"https:\/\/toolhouse.fi\/fi\/wp-json\/wp\/v2\/product\/11007","targetHints":{"allow":["GET"]}}],"collection":[{"href":"https:\/\/toolhouse.fi\/fi\/wp-json\/wp\/v2\/product"}],"about":[{"href":"https:\/\/toolhouse.fi\/fi\/wp-json\/wp\/v2\/types\/product"}],"version-history":[{"count":2,"href":"https:\/\/toolhouse.fi\/fi\/wp-json\/wp\/v2\/product\/11007\/revisions"}],"predecessor-version":[{"id":22640,"href":"https:\/\/toolhouse.fi\/fi\/wp-json\/wp\/v2\/product\/11007\/revisions\/22640"}],"wp:featuredmedia":[{"embeddable":true,"href":"https:\/\/toolhouse.fi\/fi\/wp-json\/wp\/v2\/media\/11467"}],"wp:attachment":[{"href":"https:\/\/toolhouse.fi\/fi\/wp-json\/wp\/v2\/media?parent=11007"}],"wp:term":[{"taxonomy":"product_cat","embeddable":true,"href":"https:\/\/toolhouse.fi\/fi\/wp-json\/wp\/v2\/product_cat?post=11007"},{"taxonomy":"product_tag","embeddable":true,"href":"https:\/\/toolhouse.fi\/fi\/wp-json\/wp\/v2\/product_tag?post=11007"}],"curies":[{"name":"wp","href":"https:\/\/api.w.org\/{rel}","templated":true}]}}