{"id":11168,"date":"2022-12-11T10:48:45","date_gmt":"2022-12-11T08:48:45","guid":{"rendered":"https:\/\/toolhouse.fi\/?post_type=product&#038;p=11168"},"modified":"2025-10-02T18:13:25","modified_gmt":"2025-10-02T15:13:25","slug":"paineilmatunkki-p-4000-4t","status":"publish","type":"product","link":"https:\/\/toolhouse.fi\/fi\/tuote\/paineilmatunkki-p-4000-4t\/","title":{"rendered":"Paineilmatunkki P-4000 4T"},"content":{"rendered":"<table width=\"641\">\n<tbody>\n<tr>\n<td width=\"317\"><strong>Malli:<\/strong><\/td>\n<td width=\"325\">P-4000<\/td>\n<\/tr>\n<tr>\n<td width=\"317\"><strong>Nostokorkeus:<\/strong><\/td>\n<td width=\"325\">400 mm<\/td>\n<\/tr>\n<tr>\n<td width=\"317\"><strong>Alin korkeus:<\/strong><\/td>\n<td width=\"325\">135 mm<\/td>\n<\/tr>\n<tr>\n<td width=\"317\"><strong>Nostokyky:<\/strong><\/td>\n<td width=\"325\">4000 kg<\/td>\n<\/tr>\n<tr>\n<td width=\"317\"><strong>Ilmapussin halk:<\/strong><\/td>\n<td width=\"325\">285 mm<\/td>\n<\/tr>\n<tr>\n<td width=\"317\"><strong>Ty\u00f6paine:<\/strong><\/td>\n<td width=\"325\">6 &#8211; 8 bar<\/td>\n<\/tr>\n<tr>\n<td width=\"317\"><strong>Ylipaineventiili:<\/strong><\/td>\n<td width=\"325\">Kyll\u00e4<\/td>\n<\/tr>\n<tr>\n<td width=\"317\"><strong>Kahvan pituus:<\/strong><\/td>\n<td width=\"325\">840 mm<\/td>\n<\/tr>\n<tr>\n<td width=\"317\"><b>Paino:<\/b><\/td>\n<td width=\"325\">21 kg<\/td>\n<\/tr>\n<tr>\n<td width=\"317\"><b>CE-hyv\u00e4ksytty:<\/b><\/td>\n<td width=\"325\">Kyll\u00e4<\/td>\n<\/tr>\n<tr>\n<td width=\"317\"><strong>Takuu:<\/strong><\/td>\n<td width=\"325\">1 vuosi<\/td>\n<\/tr>\n<tr>\n<td width=\"317\"><\/td>\n<td width=\"325\"><\/td>\n<\/tr>\n<\/tbody>\n<\/table>\n","protected":false},"excerpt":{"rendered":"<p>&nbsp;<\/p>\n<p>P-4000 on nopea, k\u00e4tev\u00e4 ja turvallinen paineilmatunkki joka nostaa 4000 kg.<\/p>\n<p>3 asentoon s\u00e4\u00e4dett\u00e4v\u00e4 kahva ja nostokorkeus 400 mm.<\/p>\n<p>&nbsp;<\/p>\n<p>P-4000 nostaa ajoneuvon tasaisesti ilmaan, kovankin kuormituksen alla. Tunkki on paineilmak\u00e4ytt\u00f6inen ja sen alin korkeus on vain 135 mm, eli sit\u00e4 voidaan k\u00e4ytt\u00e4\u00e4 suurimmalle osalle ajoneuvoista.<\/p>\n<p>&nbsp;<\/p>\n<p>Paljetunkin sis\u00e4ll\u00e4 on metallinen teleskooppisylinteri, mik\u00e4 vakauttaa noston sivu- ja pystysuunnassa. Kaksi vahvaa py\u00f6r\u00e4\u00e4 ja tukeva pitk\u00e4 k\u00e4sikahva takaavat hyv\u00e4n liikkuvuuden.<\/p>\n<p>Kaksi venttiili\u00e4, tulo- ja poistoaukot varmistavat j\u00e4rjestelm\u00e4n tiiviyden, vaikka irrotat paineilmaletkun kokonaan. Tunkki ei putoa vaikka paineilmaletku irrotettaisi.<\/p>\n<p>&nbsp;<\/p>\n","protected":false},"featured_media":11189,"template":"","meta":{"_acf_changed":false,"_seopress_robots_primary_cat":"","_seopress_titles_title":"","_seopress_titles_desc":"","_seopress_robots_index":""},"product_cat":[455,217,287],"product_tag":[],"class_list":{"0":"post-11168","1":"product","2":"type-product","3":"status-publish","4":"has-post-thumbnail","6":"product_cat-ajoneuvonostimet","7":"product_cat-kompressori-ja-paineilma","8":"product_cat-tunkit-pukit","9":"product_shipping_class-k-160-1090e","11":"first","12":"instock","13":"sale","14":"taxable","15":"shipping-taxable","16":"purchasable","17":"product-type-simple","swatches":"rey-swatches","show_selected":""},"acf":[],"_links":{"self":[{"href":"https:\/\/toolhouse.fi\/fi\/wp-json\/wp\/v2\/product\/11168","targetHints":{"allow":["GET"]}}],"collection":[{"href":"https:\/\/toolhouse.fi\/fi\/wp-json\/wp\/v2\/product"}],"about":[{"href":"https:\/\/toolhouse.fi\/fi\/wp-json\/wp\/v2\/types\/product"}],"version-history":[{"count":0,"href":"https:\/\/toolhouse.fi\/fi\/wp-json\/wp\/v2\/product\/11168\/revisions"}],"wp:featuredmedia":[{"embeddable":true,"href":"https:\/\/toolhouse.fi\/fi\/wp-json\/wp\/v2\/media\/11189"}],"wp:attachment":[{"href":"https:\/\/toolhouse.fi\/fi\/wp-json\/wp\/v2\/media?parent=11168"}],"wp:term":[{"taxonomy":"product_cat","embeddable":true,"href":"https:\/\/toolhouse.fi\/fi\/wp-json\/wp\/v2\/product_cat?post=11168"},{"taxonomy":"product_tag","embeddable":true,"href":"https:\/\/toolhouse.fi\/fi\/wp-json\/wp\/v2\/product_tag?post=11168"}],"curies":[{"name":"wp","href":"https:\/\/api.w.org\/{rel}","templated":true}]}}