{"id":11418,"date":"2023-01-03T19:19:40","date_gmt":"2023-01-03T17:19:40","guid":{"rendered":"https:\/\/toolhouse.fi\/produkt\/voimahylsysarja-1\/"},"modified":"2025-09-03T20:48:49","modified_gmt":"2025-09-03T17:48:49","slug":"voimahylsysarja-1","status":"publish","type":"product","link":"https:\/\/toolhouse.fi\/fi\/tuote\/voimahylsysarja-1\/","title":{"rendered":"Voimahylsysarja 1&#8243;"},"content":{"rendered":"","protected":false},"excerpt":{"rendered":"<p>&nbsp;<\/p>\n<p>Geko konehylsysarja sis\u00e4lt\u00e4\u00e4: 8 kpl hylsyj\u00e4 1&#8243; karalle.<\/p>\n<p>Hylsyjen koot:<\/p>\n<ul>\n<li value=\"1\">19 mm<\/li>\n<li value=\"1\">21 mm<\/li>\n<li value=\"2\">24 mm<\/li>\n<li value=\"3\">27 mm<\/li>\n<li value=\"4\">30 mm<\/li>\n<li value=\"5\">32 mm<\/li>\n<li value=\"7\">36 mm<\/li>\n<li value=\"8\">41 mm<\/li>\n<\/ul>\n<p>&nbsp;<\/p>\n<ul>\n<li>Pituus 78 mm<\/li>\n<li>CRV ter\u00e4s<\/li>\n<li>S\u00e4ilytysrasia<\/li>\n<li>1&#8243; v\u00e4\u00e4nti\u00f6<\/li>\n<li>6 kulmaiset hylsyt<\/li>\n<li>Valmistaja: Geko<\/li>\n<\/ul>\n<p>&nbsp;<\/p>\n","protected":false},"featured_media":23955,"template":"","meta":{"_acf_changed":false,"_seopress_robots_primary_cat":"none","_seopress_titles_title":"","_seopress_titles_desc":"","_seopress_robots_index":""},"product_cat":[487,323,337,40],"product_tag":[],"class_list":{"0":"post-11418","1":"product","2":"type-product","3":"status-publish","4":"has-post-thumbnail","6":"product_cat-hylsytyokalut-vaantotyokalut","7":"product_cat-mutterinvaantimet","8":"product_cat-tyokalut","9":"product_cat-korjaamolaitteet","10":"product_shipping_class-tillbehor-590e","12":"first","13":"instock","14":"taxable","15":"shipping-taxable","16":"purchasable","17":"product-type-simple","swatches":"rey-swatches","show_selected":""},"acf":[],"_links":{"self":[{"href":"https:\/\/toolhouse.fi\/fi\/wp-json\/wp\/v2\/product\/11418","targetHints":{"allow":["GET"]}}],"collection":[{"href":"https:\/\/toolhouse.fi\/fi\/wp-json\/wp\/v2\/product"}],"about":[{"href":"https:\/\/toolhouse.fi\/fi\/wp-json\/wp\/v2\/types\/product"}],"version-history":[{"count":1,"href":"https:\/\/toolhouse.fi\/fi\/wp-json\/wp\/v2\/product\/11418\/revisions"}],"predecessor-version":[{"id":23963,"href":"https:\/\/toolhouse.fi\/fi\/wp-json\/wp\/v2\/product\/11418\/revisions\/23963"}],"wp:featuredmedia":[{"embeddable":true,"href":"https:\/\/toolhouse.fi\/fi\/wp-json\/wp\/v2\/media\/23955"}],"wp:attachment":[{"href":"https:\/\/toolhouse.fi\/fi\/wp-json\/wp\/v2\/media?parent=11418"}],"wp:term":[{"taxonomy":"product_cat","embeddable":true,"href":"https:\/\/toolhouse.fi\/fi\/wp-json\/wp\/v2\/product_cat?post=11418"},{"taxonomy":"product_tag","embeddable":true,"href":"https:\/\/toolhouse.fi\/fi\/wp-json\/wp\/v2\/product_tag?post=11418"}],"curies":[{"name":"wp","href":"https:\/\/api.w.org\/{rel}","templated":true}]}}