{"id":11598,"date":"2023-01-10T17:52:50","date_gmt":"2023-01-10T15:52:50","guid":{"rendered":"https:\/\/toolhouse.fi\/produkt\/automaattinen-asennuspaa\/"},"modified":"2023-01-11T12:06:09","modified_gmt":"2023-01-11T10:06:09","slug":"automaattinen-asennuspaa","status":"publish","type":"product","link":"https:\/\/toolhouse.fi\/fi\/tuote\/automaattinen-asennuspaa\/","title":{"rendered":"Automaattinen asennusp\u00e4\u00e4"},"content":{"rendered":"<table class=\"n54117_dictionary\">\n<tbody>\n<tr>\n<td class=\"n54117_item_a1\"><span class=\"n67256colon\">Valmistaja:<\/span><\/td>\n<td class=\"n54117_item_b1\">\n<div class=\"n54117_item_b_sub\"><span class=\"n54117_name_sub\">Redats<\/span><\/div>\n<\/td>\n<\/tr>\n<tr>\n<td class=\"n54117_item_a2\"><span class=\"n67256colon\">Malli:<\/span><\/td>\n<td class=\"n54117_item_b2\">\n<div class=\"n54117_item_b_sub\">Leverless<\/div>\n<\/td>\n<\/tr>\n<tr>\n<td class=\"n54117_item_a1\">Tyypi:<\/td>\n<td class=\"n54117_item_b1\">\n<div class=\"n54117_item_b_sub\">Automaattinen asennusp\u00e4\u00e4<\/div>\n<\/td>\n<\/tr>\n<tr>\n<td class=\"n54117_item_a2\">K\u00e4ytt\u00f6:<\/td>\n<td class=\"n54117_item_b2\">Pneumaattinen<\/td>\n<\/tr>\n<tr>\n<td class=\"n54117_item_a1\">CE-hyv\u00e4ksytty:<\/td>\n<td class=\"n54117_item_b1\">\n<div class=\"n54117_item_b_sub\">Kyll\u00e4<\/div>\n<\/td>\n<\/tr>\n<tr>\n<td class=\"n54117_item_a2\">Takuu:<\/td>\n<td class=\"n54117_item_b2\">12 kuukautta<\/td>\n<\/tr>\n<tr>\n<td class=\"n54117_item_a1\"><\/td>\n<td class=\"n54117_item_b1\"><\/td>\n<\/tr>\n<\/tbody>\n<\/table>\n","protected":false},"excerpt":{"rendered":"<p>&nbsp;<\/p>\n<h1 class=\"product_name__name m-0\"><\/h1>\n<p>Redatsin automaattinen asennusp\u00e4\u00e4 &#8221;Leverless&#8221; tekee rengasraudan k\u00e4yt\u00f6n tarpeettomaksi ja helpottaa j\u00e4ykkien matalaprofiilirenkaiden irrotusta.<\/p>\n<p>Sopii Redats:<\/p>\n<ul>\n<li>M-201<\/li>\n<li>M-205<\/li>\n<li>M-211<\/li>\n<li>M-221<\/li>\n<li>M-221-3D<\/li>\n<li>M-250<\/li>\n<li>M-250-3D<\/li>\n<li>Muut merkit 29mm kiinnikkeell\u00e4<\/li>\n<\/ul>\n<p>Sarja sis\u00e4lt\u00e4\u00e4 j\u00e4ykemm\u00e4n jousen ja kiinnitystarvikkeet.<\/p>\n<h4>\u00a0 <a href=\"https:\/\/www.youtube.com\/watch?v=quTpDjhrRjs\">Linkki tuotevideoon<\/a><\/h4>\n<h4><a href=\"https:\/\/www.youtube.com\/watch?v=ozddI50W_0I\">\u00a0 Linkki asennusvideoon<\/a><\/h4>\n","protected":false},"featured_media":11593,"template":"","meta":{"_acf_changed":false,"_seopress_robots_primary_cat":"","_seopress_titles_title":"","_seopress_titles_desc":"","_seopress_robots_index":"","_seopress_analysis_target_kw":""},"product_cat":[475,188],"product_tag":[],"class_list":{"0":"post-11598","1":"product","2":"type-product","3":"status-publish","4":"has-post-thumbnail","6":"product_cat-lisavarusteet-ja-varaosat","7":"product_cat-rengaskoneet","8":"product_shipping_class-tillbehor-790e","10":"first","11":"instock","12":"taxable","13":"shipping-taxable","14":"purchasable","15":"product-type-simple","swatches":"rey-swatches","show_selected":""},"acf":[],"_links":{"self":[{"href":"https:\/\/toolhouse.fi\/fi\/wp-json\/wp\/v2\/product\/11598","targetHints":{"allow":["GET"]}}],"collection":[{"href":"https:\/\/toolhouse.fi\/fi\/wp-json\/wp\/v2\/product"}],"about":[{"href":"https:\/\/toolhouse.fi\/fi\/wp-json\/wp\/v2\/types\/product"}],"version-history":[{"count":0,"href":"https:\/\/toolhouse.fi\/fi\/wp-json\/wp\/v2\/product\/11598\/revisions"}],"wp:featuredmedia":[{"embeddable":true,"href":"https:\/\/toolhouse.fi\/fi\/wp-json\/wp\/v2\/media\/11593"}],"wp:attachment":[{"href":"https:\/\/toolhouse.fi\/fi\/wp-json\/wp\/v2\/media?parent=11598"}],"wp:term":[{"taxonomy":"product_cat","embeddable":true,"href":"https:\/\/toolhouse.fi\/fi\/wp-json\/wp\/v2\/product_cat?post=11598"},{"taxonomy":"product_tag","embeddable":true,"href":"https:\/\/toolhouse.fi\/fi\/wp-json\/wp\/v2\/product_tag?post=11598"}],"curies":[{"name":"wp","href":"https:\/\/api.w.org\/{rel}","templated":true}]}}