{"id":11608,"date":"2023-01-11T13:16:06","date_gmt":"2023-01-11T11:16:06","guid":{"rendered":"https:\/\/toolhouse.fi\/produkt\/automaattinen-asennuspaa-30mm\/"},"modified":"2025-12-12T15:15:54","modified_gmt":"2025-12-12T13:15:54","slug":"automaattinen-asennuspaa-30mm","status":"publish","type":"product","link":"https:\/\/toolhouse.fi\/fi\/tuote\/automaattinen-asennuspaa-30mm\/","title":{"rendered":"Automaattinen asennusp\u00e4\u00e4 30mm"},"content":{"rendered":"","protected":false},"excerpt":{"rendered":"<p>Automaattinen asennusp\u00e4\u00e4 tekee rengasraudan k\u00e4yt\u00f6n tarpeettomaksi ja helpottaa j\u00e4ykkien matalaprofiilirenkaiden irrotusta.<\/p>\n<p>&nbsp;<\/p>\n<p>Sopii rengaskoneille, joissa on 30 mm kiinnitysreik\u00e4, esim MK-250E 3R.<\/p>\n","protected":false},"featured_media":11605,"template":"","meta":{"_acf_changed":false,"_seopress_robots_primary_cat":"none","_seopress_titles_title":"","_seopress_titles_desc":"","_seopress_robots_index":"","_seopress_analysis_target_kw":""},"product_cat":[475,188],"product_tag":[],"class_list":{"0":"post-11608","1":"product","2":"type-product","3":"status-publish","4":"has-post-thumbnail","6":"product_cat-lisavarusteet-ja-varaosat","7":"product_cat-rengaskoneet","8":"product_shipping_class-tillbehor-790e","10":"first","11":"outofstock","12":"taxable","13":"shipping-taxable","14":"purchasable","15":"product-type-simple","swatches":"rey-swatches","show_selected":""},"acf":[],"_links":{"self":[{"href":"https:\/\/toolhouse.fi\/fi\/wp-json\/wp\/v2\/product\/11608","targetHints":{"allow":["GET"]}}],"collection":[{"href":"https:\/\/toolhouse.fi\/fi\/wp-json\/wp\/v2\/product"}],"about":[{"href":"https:\/\/toolhouse.fi\/fi\/wp-json\/wp\/v2\/types\/product"}],"version-history":[{"count":0,"href":"https:\/\/toolhouse.fi\/fi\/wp-json\/wp\/v2\/product\/11608\/revisions"}],"wp:featuredmedia":[{"embeddable":true,"href":"https:\/\/toolhouse.fi\/fi\/wp-json\/wp\/v2\/media\/11605"}],"wp:attachment":[{"href":"https:\/\/toolhouse.fi\/fi\/wp-json\/wp\/v2\/media?parent=11608"}],"wp:term":[{"taxonomy":"product_cat","embeddable":true,"href":"https:\/\/toolhouse.fi\/fi\/wp-json\/wp\/v2\/product_cat?post=11608"},{"taxonomy":"product_tag","embeddable":true,"href":"https:\/\/toolhouse.fi\/fi\/wp-json\/wp\/v2\/product_tag?post=11608"}],"curies":[{"name":"wp","href":"https:\/\/api.w.org\/{rel}","templated":true}]}}