{"id":1187,"date":"2020-09-27T08:46:46","date_gmt":"2020-09-27T05:46:46","guid":{"rendered":"https:\/\/toolhouse.fi\/produkt\/saadettava-nostosatula-h-220-vaihteistonostimeen\/"},"modified":"2025-11-20T20:53:02","modified_gmt":"2025-11-20T18:53:02","slug":"saadettava-nostosatula-vaihteistonostimeen","status":"publish","type":"product","link":"https:\/\/toolhouse.fi\/fi\/tuote\/saadettava-nostosatula-vaihteistonostimeen\/","title":{"rendered":"S\u00e4\u00e4dett\u00e4v\u00e4 nostosatula vaihteistonostimeen"},"content":{"rendered":"","protected":false},"excerpt":{"rendered":"<p>S\u00e4\u00e4dett\u00e4v\u00e4 nostosatula vaihteistonostimelle, jossa monipuoliset s\u00e4\u00e4t\u00f6mahdollisuudet.<\/p>\n<p data-start=\"79\" data-end=\"132\">K\u00e4yt\u00e4nn\u00f6llinen esimerkiksi vaihdelaatikon vaihtoon.<\/p>\n<p data-start=\"134\" data-end=\"167\" data-is-last-node=\"\" data-is-only-node=\"\">Kiinnitysrei\u00e4n halkaisija: 28 mm.<\/p>\n<p>&nbsp;<\/p>\n","protected":false},"featured_media":24890,"template":"","meta":{"_acf_changed":false,"_seopress_robots_primary_cat":"none","_seopress_titles_title":"","_seopress_titles_desc":"","_seopress_robots_index":""},"product_cat":[455,288,457],"product_tag":[],"class_list":{"0":"post-1187","1":"product","2":"type-product","3":"status-publish","4":"has-post-thumbnail","6":"product_cat-ajoneuvonostimet","7":"product_cat-moottori-ja-vaihdelaatikkonostimet","8":"product_cat-vaihdelaatikkonostimet","9":"product_shipping_class-tillbehor-790e","11":"first","12":"instock","13":"taxable","14":"shipping-taxable","15":"purchasable","16":"product-type-simple","swatches":"rey-swatches","show_selected":""},"acf":[],"_links":{"self":[{"href":"https:\/\/toolhouse.fi\/fi\/wp-json\/wp\/v2\/product\/1187","targetHints":{"allow":["GET"]}}],"collection":[{"href":"https:\/\/toolhouse.fi\/fi\/wp-json\/wp\/v2\/product"}],"about":[{"href":"https:\/\/toolhouse.fi\/fi\/wp-json\/wp\/v2\/types\/product"}],"version-history":[{"count":0,"href":"https:\/\/toolhouse.fi\/fi\/wp-json\/wp\/v2\/product\/1187\/revisions"}],"wp:featuredmedia":[{"embeddable":true,"href":"https:\/\/toolhouse.fi\/fi\/wp-json\/wp\/v2\/media\/24890"}],"wp:attachment":[{"href":"https:\/\/toolhouse.fi\/fi\/wp-json\/wp\/v2\/media?parent=1187"}],"wp:term":[{"taxonomy":"product_cat","embeddable":true,"href":"https:\/\/toolhouse.fi\/fi\/wp-json\/wp\/v2\/product_cat?post=1187"},{"taxonomy":"product_tag","embeddable":true,"href":"https:\/\/toolhouse.fi\/fi\/wp-json\/wp\/v2\/product_tag?post=1187"}],"curies":[{"name":"wp","href":"https:\/\/api.w.org\/{rel}","templated":true}]}}