{"id":11980,"date":"2023-02-11T18:46:38","date_gmt":"2023-02-11T16:46:38","guid":{"rendered":"https:\/\/toolhouse.fi\/produkt\/icarsoft-jp-v3-0-japanilaisiin-ja-korealaisiin-autoihin\/"},"modified":"2026-01-13T09:25:02","modified_gmt":"2026-01-13T07:25:02","slug":"icarsoft-jp-v3-0","status":"publish","type":"product","link":"https:\/\/toolhouse.fi\/fi\/tuote\/icarsoft-jp-v3-0\/","title":{"rendered":"iCarsoft JP V3.0 Japanilaisiin ja Korealaisiin autoihin"},"content":{"rendered":"<ul>\n<li>N\u00e4ytt\u00f6: 4,3\u2033 TFT LCD<img alt=\"\" fetchpriority=\"high\" decoding=\"async\" class=\" wp-image-12058 alignright\" src=\"http:\/\/toolhouse.fi\/wp-content\/uploads\/2023\/02\/iCarsoft-JP-V3.0-1.jpg\" alt=\"\" width=\"517\" height=\"842\" srcset=\"https:\/\/toolhouse.fi\/wp-content\/uploads\/2023\/02\/iCarsoft-JP-V3.0-1.jpg 669w, https:\/\/toolhouse.fi\/wp-content\/uploads\/2023\/02\/iCarsoft-JP-V3.0-1-300x488.jpg 300w, https:\/\/toolhouse.fi\/wp-content\/uploads\/2023\/02\/iCarsoft-JP-V3.0-1-510x830.jpg 510w, https:\/\/toolhouse.fi\/wp-content\/uploads\/2023\/02\/iCarsoft-JP-V3.0-1-184x300.jpg 184w, https:\/\/toolhouse.fi\/wp-content\/uploads\/2023\/02\/iCarsoft-JP-V3.0-1-629x1024.jpg 629w\" sizes=\"(max-width: 517px) 100vw, 517px\" \/><\/li>\n<li>Resoluutio: 800&#215;480<\/li>\n<li>K\u00e4ytt\u00f6l\u00e4mp\u00f6tila: 0 \u2013 50 c<\/li>\n<li>K\u00e4ytt\u00f6j\u00e4nnite: 9 \u2013 18V<\/li>\n<li>Koko: 206 x 104,1 x 32,6 mm<\/li>\n<li>Kielet: Englanti, Suomi, Ruotsi, Saksa, Ranska,<\/li>\n<\/ul>\n<p>&nbsp;<\/p>\n<p><strong>Sis\u00e4lt\u00f6<\/strong><\/p>\n<ul>\n<li>iCarsoft JP V3.0<\/li>\n<li>OBD2-kaapeli<\/li>\n<li>USB-kaapeli<\/li>\n<li>K\u00e4ytt\u00f6ohje<\/li>\n<li>Laukku<\/li>\n<\/ul>\n","protected":false},"excerpt":{"rendered":"<h3><strong>ICarsoft JP V3.0 vikakoodinlukija japanilaisille ja korealaisille automerkeille<\/strong><\/h3>\n<p><strong>Tuetut automerkit<\/strong><\/p>\n<table>\n<tbody>\n<tr>\n<td width=\"201\">\n<ul>\n<li><strong>TOYOTA\u00a0 <\/strong><\/li>\n<li><strong>KIA<\/strong><\/li>\n<li><strong>HYUNDAI<\/strong><\/li>\n<li><strong>NISSAN<\/strong><\/li>\n<li><strong>HONDA<\/strong><\/li>\n<\/ul>\n<\/td>\n<td width=\"201\">\n<ul>\n<li><strong>MAZDA<\/strong><\/li>\n<li><strong>SUZUKI<\/strong><\/li>\n<li><strong>MITSUBISHI<\/strong><\/li>\n<li><strong>SUBARU<\/strong><\/li>\n<li><strong>ISUZU<\/strong><\/li>\n<\/ul>\n<\/td>\n<td width=\"201\">\n<ul>\n<li><strong>DAEWOO<\/strong><\/li>\n<li><strong>LEXUS<\/strong><\/li>\n<li><strong>INFINITY<\/strong><\/li>\n<li><strong>SCION<\/strong><\/li>\n<li><strong>ACURA<\/strong><\/li>\n<\/ul>\n<\/td>\n<\/tr>\n<\/tbody>\n<\/table>\n<p>Kattava diagnoosity\u00f6kalu,p\u00e4\u00e4sy ajoneuvon kaikkiin j\u00e4rjestelmiin, tukee my\u00f6s sopeutus ja koodaus toimintoja.<\/p>\n<p>&nbsp;<\/p>\n<p><b>Huoltotoiminnot:<\/b><\/p>\n<ul>\n<li>P\u00e4\u00e4sy ajoneuvon kaikkiin j\u00e4rjestelmiin<\/li>\n<li>K\u00e4ytt\u00f6testit\/komponenttien testaus (Actuation Test \/ Bi-directory Test)<\/li>\n<li>Huoltov\u00e4lien\/-valojen nollaus \u00a0(Oil reset)<\/li>\n<li>S\u00e4hk\u00f6isen k\u00e4sijarrun auki- ja kiinniajo(EPB)<\/li>\n<li>Akun koodaus (BMS)<\/li>\n<li>Hiukkassuodattimen pakkopoltto (DPF)<\/li>\n<li>Kaasul\u00e4p\u00e4n sopeutus (ETC)<\/li>\n<li>Ohjauskulma-anturin kalibrointi (SAS)<\/li>\n<li>ABS-jarrujen ilmaus (ABS bleeding)<\/li>\n<li>Suuttimien koodaus (Injector coding)<\/li>\n<li>Anturiarvojen reaaliaikainen seuranta<\/li>\n<li>Ajovalojen kalibrointi (Headlamp)<\/li>\n<li>Rengaspaine anturien koodaus (TPMS)<\/li>\n<li>Ilmajousitus (Air Suspension)<\/li>\n<li>BCM (Body stability)<\/li>\n<li>TCM (Trans adaption)<\/li>\n<li>ACS (Air Conditioner)<\/li>\n<li>Akkutesti (Battery test)<\/li>\n<li>(Seat)<\/li>\n<li>yms.<\/li>\n<\/ul>\n<p><strong><ins>Ominaisuudet ja toiminnot EOBD\/OBDII ohjelmistolla<\/ins><\/strong><\/p>\n<ul>\n<li>Vikakoodien luku ja poisto moottorista (yleiset P0, P2, P3, U0 ja valmistajan P1, P3, U1 koodit)<\/li>\n<li>Anturiarvojen seuranta moottorista (Live data)<\/li>\n<li>J\u00e4\u00e4dytetyn kehyksen tietojen luku (Freeze frame)<\/li>\n<li>Ajoneuvon automaattinen tietojen luku (VIN)<\/li>\n<\/ul>\n<p>&nbsp;<\/p>\n<ul>\n<li>Englanninkielinen ohjelma<\/li>\n<li>Suomenkielinen ohjelma on 70 % suomeksi ja 30 % englanniksi<\/li>\n<li>Ilmaiset p\u00e4ivitykset netin kautta<\/li>\n<li>Huom (P\u00e4ivit\u00e4 vain suoraan valmistajalta icarsoft.us)<\/li>\n<li>Laitteesta l\u00f6ytyy kattava englanninkielinen vikakoodikirjasto (DTC Library)<\/li>\n<li>Toimii automalleissa, joissa on\u00a0 16-napainen OBD2 pistoke<\/li>\n<li>Huomaa, ett\u00e4 kaikki toiminnot ei ole k\u00e4yt\u00f6ssa kaikille mallille<\/li>\n<\/ul>\n<p><em><a href=\"http:\/\/toolhouse.fi\/wp-content\/uploads\/2022\/04\/Vikakoodit-suomeksi.pdf\" target=\"_blank\" rel=\"noopener\">Suomenkielinen OBD2 vikakoodilista yleisille vikakoodeille t\u00e4\u00e4lt\u00e4.<\/a><\/em><\/p>\n<p><em><a href=\"https:\/\/www.dtcdecode.com\/\" target=\"_blank\" rel=\"noopener\">Englanninkieliset OBD2 vikakoodit ja selitykset kaikkille automerkeille l\u00f6ytyy t\u00e4\u00e4lt\u00e4<\/a>\u00a0\u00a0<\/em><\/p>\n","protected":false},"featured_media":11979,"template":"","meta":{"_acf_changed":false,"_seopress_robots_primary_cat":"","_seopress_titles_title":"","_seopress_titles_desc":"","_seopress_robots_index":""},"product_cat":[452,227],"product_tag":[],"class_list":{"0":"post-11980","1":"product","2":"type-product","3":"status-publish","4":"has-post-thumbnail","6":"product_cat-henkilo-ja-pakettiautojen-vikakoodinlukijat","7":"product_cat-vikakoodinlukijat","8":"product_shipping_class-tillbehor-490e","10":"first","11":"instock","12":"taxable","13":"shipping-taxable","14":"purchasable","15":"product-type-simple","swatches":"rey-swatches","show_selected":""},"acf":[],"_links":{"self":[{"href":"https:\/\/toolhouse.fi\/fi\/wp-json\/wp\/v2\/product\/11980","targetHints":{"allow":["GET"]}}],"collection":[{"href":"https:\/\/toolhouse.fi\/fi\/wp-json\/wp\/v2\/product"}],"about":[{"href":"https:\/\/toolhouse.fi\/fi\/wp-json\/wp\/v2\/types\/product"}],"version-history":[{"count":0,"href":"https:\/\/toolhouse.fi\/fi\/wp-json\/wp\/v2\/product\/11980\/revisions"}],"wp:featuredmedia":[{"embeddable":true,"href":"https:\/\/toolhouse.fi\/fi\/wp-json\/wp\/v2\/media\/11979"}],"wp:attachment":[{"href":"https:\/\/toolhouse.fi\/fi\/wp-json\/wp\/v2\/media?parent=11980"}],"wp:term":[{"taxonomy":"product_cat","embeddable":true,"href":"https:\/\/toolhouse.fi\/fi\/wp-json\/wp\/v2\/product_cat?post=11980"},{"taxonomy":"product_tag","embeddable":true,"href":"https:\/\/toolhouse.fi\/fi\/wp-json\/wp\/v2\/product_tag?post=11980"}],"curies":[{"name":"wp","href":"https:\/\/api.w.org\/{rel}","templated":true}]}}