{"id":11996,"date":"2023-02-11T19:17:39","date_gmt":"2023-02-11T17:17:39","guid":{"rendered":"https:\/\/toolhouse.fi\/produkt\/icarsoft-hd-v3-0-raskaankaluston-vikakoodinlukija\/"},"modified":"2025-08-30T09:58:58","modified_gmt":"2025-08-30T06:58:58","slug":"icarsoft-hd-v3-0","status":"publish","type":"product","link":"https:\/\/toolhouse.fi\/fi\/tuote\/icarsoft-hd-v3-0\/","title":{"rendered":"iCarsoft HD V3.0 raskaankaluston vikakoodinlukija"},"content":{"rendered":"<p><b>Tuetut automerkit:<\/b><\/p>\n<ul>\n<li>Scania<\/li>\n<li>Volvo<\/li>\n<li>Mb<\/li>\n<li>Sisu<\/li>\n<li>Man<\/li>\n<li>Renault<\/li>\n<li>Iveco<\/li>\n<li>Daf<\/li>\n<li>Mm<\/li>\n<li>Huomaa, t<span style=\"color: #333333;\">oimii kuorma-autoille, joissa on 16-napainen OBD2 pistoke, 6 PIN tai PIN 9 DLC pistoke, muissa tapauksissa tarvitaan sovitin.<\/span><\/li>\n<\/ul>\n<p>&nbsp;<\/p>\n<p><strong>Inneh\u00e5ll<\/strong><\/p>\n<ul>\n<li>iCarsoft HD V 3.0<\/li>\n<li>OBD2-kaapeli 16 <span style=\"color: #333333;\">napainen <\/span><\/li>\n<li>6 PIN ja PIN 9 DLC adapteri<\/li>\n<li>USB-kaapeli<\/li>\n<li>K\u00e4ytt\u00f6ohje<\/li>\n<li>Laukku<\/li>\n<\/ul>\n<p>Takuu 12 kuukautta<\/p>\n<p>&nbsp;<\/p>\n","protected":false},"excerpt":{"rendered":"<p>&nbsp;<\/p>\n<h2 class=\"PageTitle\"><strong>ICarsoft HD V3.0 raskaankaluston vikakoodinlukija<\/strong><\/h2>\n<p>&nbsp;<\/p>\n<p>Vikakoodinlukija raskaalle kalustolle. Voidaan k\u00e4ytt\u00e4\u00e4 J1587, J1708 ja J1939 protokollia k\u00e4ytt\u00e4viss\u00e4 ajoneuvoissa.<\/p>\n<ul>\n<li>Moottori<\/li>\n<li>Vaihteisto<\/li>\n<li>ABS<\/li>\n<li>Vikakoodien luku ja poisto kaikista ajoneuvossa olevista j\u00e4rjestelmist\u00e4<\/li>\n<li>Anturiarvojen reaaliaikainen seuranta (Live data)<\/li>\n<li>J\u00e4\u00e4dytetyn kehyksen tietojen luku (Freeze frame)<\/li>\n<li>Akun j\u00e4nnitteen tarkistaminen, kun moottori k\u00e4ynnistet\u00e4\u00e4n (Battery test)<\/li>\n<li>O2 Sensor Test<\/li>\n<li>Vikakoodien luku ja poisto moottorista (yleiset P0, P2, P3, U0 ja valmistajan P1, P3, U1 koodit)<\/li>\n<li>Poista vikakoodit ja sammuta MIL (moottorivalo).<\/li>\n<\/ul>\n<p>&nbsp;<\/p>\n<p><strong>HD V3.0 toimii my\u00f6s henkil\u00f6- ja pakettiautoille joissa on\u00a0 16-napainen OBD2 pistoke<\/strong><\/p>\n<p>&nbsp;<\/p>\n<ul>\n<li>Toimii kuorma-autoille, joissa on 16-napainen OBD2 pistoke, 6 PIN tai PIN 9 DLC pistoke.<\/li>\n<li>Ilmaiset p\u00e4ivitykset netin kautta<\/li>\n<li>Huomaa, ett\u00e4 kaikki toiminnot ei ole k\u00e4yt\u00f6ssa kaikille mallille<\/li>\n<\/ul>\n","protected":false},"featured_media":11989,"template":"","meta":{"_acf_changed":false,"_seopress_robots_primary_cat":"","_seopress_titles_title":"","_seopress_titles_desc":"","_seopress_robots_index":""},"product_cat":[453,227],"product_tag":[],"class_list":{"0":"post-11996","1":"product","2":"type-product","3":"status-publish","4":"has-post-thumbnail","6":"product_cat-raskaan-kaluston-vikakoodinlukijat","7":"product_cat-vikakoodinlukijat","8":"product_shipping_class-tillbehor-490e","10":"first","11":"outofstock","12":"sale","13":"taxable","14":"shipping-taxable","15":"purchasable","16":"product-type-simple","swatches":"rey-swatches","show_selected":""},"acf":[],"_links":{"self":[{"href":"https:\/\/toolhouse.fi\/fi\/wp-json\/wp\/v2\/product\/11996","targetHints":{"allow":["GET"]}}],"collection":[{"href":"https:\/\/toolhouse.fi\/fi\/wp-json\/wp\/v2\/product"}],"about":[{"href":"https:\/\/toolhouse.fi\/fi\/wp-json\/wp\/v2\/types\/product"}],"version-history":[{"count":0,"href":"https:\/\/toolhouse.fi\/fi\/wp-json\/wp\/v2\/product\/11996\/revisions"}],"wp:featuredmedia":[{"embeddable":true,"href":"https:\/\/toolhouse.fi\/fi\/wp-json\/wp\/v2\/media\/11989"}],"wp:attachment":[{"href":"https:\/\/toolhouse.fi\/fi\/wp-json\/wp\/v2\/media?parent=11996"}],"wp:term":[{"taxonomy":"product_cat","embeddable":true,"href":"https:\/\/toolhouse.fi\/fi\/wp-json\/wp\/v2\/product_cat?post=11996"},{"taxonomy":"product_tag","embeddable":true,"href":"https:\/\/toolhouse.fi\/fi\/wp-json\/wp\/v2\/product_tag?post=11996"}],"curies":[{"name":"wp","href":"https:\/\/api.w.org\/{rel}","templated":true}]}}