{"id":12125,"date":"2023-02-21T10:34:15","date_gmt":"2023-02-21T08:34:15","guid":{"rendered":"https:\/\/toolhouse.fi\/?post_type=product&#038;p=12125"},"modified":"2026-01-03T11:59:45","modified_gmt":"2026-01-03T09:59:45","slug":"px-4000xu-400v","status":"publish","type":"product","link":"https:\/\/toolhouse.fi\/fi\/tuote\/px-4000xu-400v\/","title":{"rendered":"Px-4000xu 4T 1,2M 400V."},"content":{"rendered":"<table width=\"667\">\n<tbody>\n<tr>\n<td colspan=\"3\" width=\"667\"><strong>Tekniset tiedot\u00a0<\/strong><\/td>\n<\/tr>\n<tr>\n<td width=\"346\">&nbsp;<\/p>\n<p>Malli<\/td>\n<td colspan=\"2\" width=\"321\">&nbsp;<\/p>\n<p>Px-4000xu<\/td>\n<\/tr>\n<tr>\n<td width=\"346\">Nostokapasiteetti<\/td>\n<td colspan=\"2\" width=\"321\">4000kg<\/td>\n<\/tr>\n<tr>\n<td width=\"346\">Nostokorkeus<\/td>\n<td colspan=\"2\" width=\"321\">1200mm<\/td>\n<\/tr>\n<tr>\n<td width=\"346\">\u00a0Nosto \/ lasku aika<\/td>\n<td colspan=\"2\" width=\"321\">27sek<\/td>\n<\/tr>\n<tr>\n<td width=\"346\">Korkeus ala-asennossa<\/td>\n<td colspan=\"2\" width=\"321\">105mm<\/td>\n<\/tr>\n<tr>\n<td width=\"346\">Leveys<\/td>\n<td colspan=\"2\" width=\"321\">1835 mm<\/td>\n<\/tr>\n<tr>\n<td width=\"346\">Ajosillan pituus<\/p>\n<p>Ajosillan pituus rampit yl\u00e4asennossa<\/td>\n<td colspan=\"2\" width=\"321\">1570 mm<\/p>\n<p>2140 mm<\/td>\n<\/tr>\n<tr>\n<td width=\"346\">Ajosillan leveys<\/td>\n<td colspan=\"2\" width=\"321\">530 mm<\/td>\n<\/tr>\n<tr>\n<td width=\"346\">Virtal\u00e4hde<\/td>\n<td colspan=\"2\" width=\"321\">400V<\/td>\n<\/tr>\n<tr>\n<td width=\"346\">Moottoriteho<\/td>\n<td colspan=\"2\" width=\"321\">2.2KW<\/td>\n<\/tr>\n<tr>\n<td width=\"346\">Ce-hyv\u00e4ksytty<\/p>\n<p>Takuu<\/td>\n<td colspan=\"2\" width=\"321\">Kyll\u00e4<\/p>\n<p>1 vuosi<\/td>\n<\/tr>\n<tr>\n<td width=\"346\">Melutaso<\/td>\n<td colspan=\"2\" width=\"321\">\u226470 dB(A)<\/td>\n<\/tr>\n<tr>\n<td width=\"346\">Nettopaino<\/td>\n<td colspan=\"2\" width=\"321\">650g<\/td>\n<\/tr>\n<\/tbody>\n<\/table>\n","protected":false},"excerpt":{"rendered":"<h3><\/h3>\n<p><strong>Px-4000xu<\/strong><\/p>\n<p>Matalaprofiilinen siirrett\u00e4v\u00e4 matalasaksinostin,<\/p>\n<p>joka nostaa 1,2 metri\u00e4 ja 4000 kg.<\/p>\n<p>Mukana siirtopy\u00f6r\u00e4t, joiden avulla nostinta voidaan helposti siirt\u00e4\u00e4 tasaisella pinnalla.<\/p>\n<ul>\n<li>V\u00e4ri: musta\/punainen<\/li>\n<li>Automaattiset paineilmatoimiset turvalukot<\/li>\n<li tabindex=\"0\" role=\"label\">Hydraulinen<\/li>\n<li tabindex=\"0\" role=\"label\">Nostokyky 4000kg<\/li>\n<li tabindex=\"0\" role=\"label\">Nostokorkeus 1200mm<\/li>\n<li>Korkeus ala-asennossa 105 mm<\/li>\n<li tabindex=\"0\" role=\"label\">Siirrett\u00e4v\u00e4<\/li>\n<li>Siirtopy\u00f6r\u00e4sarja sis\u00e4ltyy hintaan<\/li>\n<li>Lukittavat rampit<\/li>\n<li>Toimitus sis\u00e4lt\u00e4\u00e4 4 kpl nostotyynyt.<\/li>\n<li>400V<\/li>\n<li tabindex=\"0\" role=\"label\"><span lang=\"fi-FI\">Takuu 1 vuosi<\/span><\/li>\n<li tabindex=\"0\" role=\"label\">Kaikki varaosat saatavilla<\/li>\n<li tabindex=\"0\" role=\"label\">CE-hyv\u00e4ksytty<\/li>\n<\/ul>\n<p>&nbsp;<\/p>\n<p>&nbsp;<\/p>\n<p><strong>Matala profiili<\/strong><\/p>\n<p>Px-4000xu:n nerokas geometria mahdollistaa matalan 105 mm korkeuden,\u00a0 \u00a0 \u00a0 \u00a0 \u00a0 \u00a0 \u00a0 \u00a0 \u00a0 \u00a0 \u00a0 \u00a0 \u00a0 \u00a0<img alt=\"\" fetchpriority=\"high\" decoding=\"async\" class=\" wp-image-5727 alignright\" src=\"http:\/\/toolhouse.fi\/wp-content\/uploads\/2021\/11\/saksinostin-3500kg-5-300x300.jpg\" alt=\"\" width=\"334\" height=\"334\" srcset=\"https:\/\/toolhouse.fi\/wp-content\/uploads\/2021\/11\/saksinostin-3500kg-5-300x300.jpg 300w, https:\/\/toolhouse.fi\/wp-content\/uploads\/2021\/11\/saksinostin-3500kg-5-100x100.jpg 100w, https:\/\/toolhouse.fi\/wp-content\/uploads\/2021\/11\/saksinostin-3500kg-5-510x510.jpg 510w, https:\/\/toolhouse.fi\/wp-content\/uploads\/2021\/11\/saksinostin-3500kg-5-150x150.jpg 150w, https:\/\/toolhouse.fi\/wp-content\/uploads\/2021\/11\/saksinostin-3500kg-5-768x768.jpg 768w, https:\/\/toolhouse.fi\/wp-content\/uploads\/2021\/11\/saksinostin-3500kg-5-400x400.jpg 400w, https:\/\/toolhouse.fi\/wp-content\/uploads\/2021\/11\/saksinostin-3500kg-5-700x700.jpg 700w, https:\/\/toolhouse.fi\/wp-content\/uploads\/2021\/11\/saksinostin-3500kg-5.jpg 800w\" sizes=\"(max-width: 334px) 100vw, 334px\" \/><\/p>\n<p>jolloin nosturille on helppo ajaa matalillakin autoilla.<\/p>\n<p>Noston alkuvaiheessa lis\u00e4vipu ponnistaa saksen alkunoston lattiaan tukeutuen,<\/p>\n<p>mik\u00e4 mahdollistaa poikkeuksellisen matalan rakenteen ja nostin pystyy nostamaan t\u00e4ydell\u00e4 4 tonnin kapasiteetilla my\u00f6s noston alkuvaiheessa.<\/p>\n<p>&nbsp;<\/p>\n<h3>230 tai 400V<\/h3>\n<p>Px-4000xu on saatavana 230 V ja 400 V versioina.<\/p>\n<p>Moottorin teho ja nostoaika ovat samat molemmissa malleissa.<\/p>\n<p><a href=\"https:\/\/toolhouse.fi\/tuote\/px-4000xu-4t-12m\/\">Px-4000xu 230 V<\/a> vaatii 16 A\u00a0 hidas sulake (C).<\/p>\n","protected":false},"featured_media":9424,"template":"","meta":{"_acf_changed":false,"_seopress_robots_primary_cat":"none","_seopress_titles_title":"","_seopress_titles_desc":"","_seopress_robots_index":""},"product_cat":[455,289],"product_tag":[],"class_list":{"0":"post-12125","1":"product","2":"type-product","3":"status-publish","4":"has-post-thumbnail","6":"product_cat-ajoneuvonostimet","7":"product_cat-saksinostimet","8":"product_shipping_class-frakt149e-fi","10":"first","11":"outofstock","12":"sale","13":"taxable","14":"shipping-taxable","15":"purchasable","16":"product-type-simple","swatches":"rey-swatches","show_selected":""},"acf":[],"_links":{"self":[{"href":"https:\/\/toolhouse.fi\/fi\/wp-json\/wp\/v2\/product\/12125","targetHints":{"allow":["GET"]}}],"collection":[{"href":"https:\/\/toolhouse.fi\/fi\/wp-json\/wp\/v2\/product"}],"about":[{"href":"https:\/\/toolhouse.fi\/fi\/wp-json\/wp\/v2\/types\/product"}],"version-history":[{"count":5,"href":"https:\/\/toolhouse.fi\/fi\/wp-json\/wp\/v2\/product\/12125\/revisions"}],"predecessor-version":[{"id":25877,"href":"https:\/\/toolhouse.fi\/fi\/wp-json\/wp\/v2\/product\/12125\/revisions\/25877"}],"wp:featuredmedia":[{"embeddable":true,"href":"https:\/\/toolhouse.fi\/fi\/wp-json\/wp\/v2\/media\/9424"}],"wp:attachment":[{"href":"https:\/\/toolhouse.fi\/fi\/wp-json\/wp\/v2\/media?parent=12125"}],"wp:term":[{"taxonomy":"product_cat","embeddable":true,"href":"https:\/\/toolhouse.fi\/fi\/wp-json\/wp\/v2\/product_cat?post=12125"},{"taxonomy":"product_tag","embeddable":true,"href":"https:\/\/toolhouse.fi\/fi\/wp-json\/wp\/v2\/product_tag?post=12125"}],"curies":[{"name":"wp","href":"https:\/\/api.w.org\/{rel}","templated":true}]}}