{"id":12188,"date":"2023-02-25T18:34:27","date_gmt":"2023-02-25T16:34:27","guid":{"rendered":"https:\/\/toolhouse.fi\/produkt\/tig-hitsauslanka-almg4-5mn-er5183-16mm\/"},"modified":"2023-02-25T19:27:51","modified_gmt":"2023-02-25T17:27:51","slug":"tig-hitsauslanka-almg4-5mn-er5183-16mm","status":"publish","type":"product","link":"https:\/\/toolhouse.fi\/fi\/tuote\/tig-hitsauslanka-almg4-5mn-er5183-16mm\/","title":{"rendered":"TIG hitsauslanka AlMg4.5Mn ER5183 1,6mm"},"content":{"rendered":"","protected":false},"excerpt":{"rendered":"<p>&nbsp;<\/p>\n<div id=\"ts-body\">\n<div class=\"css-44 ts-pivot-container\">\n<div id=\"ContentContainer\">\n<div role=\"tabpanel\" aria-labelledby=\"Pivot0-Tab0\">\n<div class=\"ts-lookup-pivot\">\n<div id=\"Lookup\" class=\"ts-pivot-lookup-component\">\n<div class=\"ms-Grid ts-grid\">\n<div class=\"ms-Grid-row\">\n<div class=\"ts-textfield-container \" lang=\"sv\">\n<div tabindex=\"-1\" role=\"label\"><span id=\"tgtAlignment_0\" class=\"ts-alignment-element\" data-is-focusable=\"true\">SHERMAN<\/span> <span id=\"tgtAlignment_1\" class=\"ts-alignment-element\" data-is-focusable=\"true\">TIG<\/span> alu hitsauslanka <strong><span id=\"tgtAlignment_6\" class=\"ts-alignment-element\" data-is-focusable=\"true\">Al<\/span><span id=\"tgtAlignment_7\" class=\"ts-alignment-element\" data-is-focusable=\"true\">Mg4<\/span><span id=\"tgtAlignment_8\" class=\"ts-alignment-element\" data-is-focusable=\"true\">,<\/span><span id=\"tgtAlignment_9\" class=\"ts-alignment-element\" data-is-focusable=\"true\">5Mn ER5183.\u00a0<\/span><\/strong><\/div>\n<div tabindex=\"-1\" role=\"label\">Hitsatun lis\u00e4aineen lujuus on korkeampi kuin perinteisell\u00e4 seoksella 5356\/<span id=\"tgtAlignment_13\" class=\"ts-alignment-element\" data-is-focusable=\"true\">Al<\/span><span id=\"tgtAlignment_14\" class=\"ts-alignment-element\" data-is-focusable=\"true\">Mg5<\/span>.<\/div>\n<div tabindex=\"-1\" role=\"label\">Soveltu laivanrakennukseen, joissa vaaditaan suurta lujuutta, iskunkest\u00e4vyytt\u00e4 ja korroosionkest\u00e4vyytt\u00e4. Langalla on lis\u00e4\u00e4ntynyt kest\u00e4vyys l\u00e4mp\u00f6halkeamien muodostumiselle ja se parantaa hitsin rakennetta.<\/div>\n<div tabindex=\"-1\" role=\"label\"><\/div>\n<\/div>\n<\/div>\n<\/div>\n<\/div>\n<\/div>\n<\/div>\n<\/div>\n<\/div>\n<\/div>\n<p>&nbsp;<\/p>\n<p>&nbsp;<\/p>\n<table class=\"table table-hover\">\n<tbody>\n<tr>\n<td class=\"param\">Valmistaja<\/td>\n<td class=\"value\">Sherman<\/td>\n<\/tr>\n<tr id=\"greybg\">\n<td class=\"param\">Halkaisija \u00f8 [mm]<\/td>\n<td class=\"value\">1.6<\/td>\n<\/tr>\n<tr>\n<td class=\"param\">Pituus [mm]<\/td>\n<td class=\"value\">1000<\/td>\n<\/tr>\n<tr id=\"greybg\">\n<td class=\"param\">Alumiinin ja alumiiniseosten hitsaamiseen<\/td>\n<td class=\"value\">AlMg4.5Mn ER5183<\/td>\n<\/tr>\n<tr>\n<td class=\"param\"><\/td>\n<td class=\"value\"><\/td>\n<\/tr>\n<tr id=\"greybg\">\n<td class=\"param\"><\/td>\n<td class=\"value\"><\/td>\n<\/tr>\n<tr>\n<td class=\"param\">Paino [kg]<\/td>\n<td class=\"value\">2.5<\/td>\n<\/tr>\n<\/tbody>\n<\/table>\n","protected":false},"featured_media":12186,"template":"","meta":{"_acf_changed":false,"_seopress_robots_primary_cat":"","_seopress_titles_title":"","_seopress_titles_desc":"","_seopress_robots_index":""},"product_cat":[303,471],"product_tag":[],"class_list":{"0":"post-12188","1":"product","2":"type-product","3":"status-publish","4":"has-post-thumbnail","6":"product_cat-tig-hitsaus","7":"product_cat-tig-tarvikkeet","8":"product_shipping_class-tillbehor-790e","10":"first","11":"instock","12":"taxable","13":"shipping-taxable","14":"purchasable","15":"product-type-simple","swatches":"rey-swatches","show_selected":""},"acf":[],"_links":{"self":[{"href":"https:\/\/toolhouse.fi\/fi\/wp-json\/wp\/v2\/product\/12188","targetHints":{"allow":["GET"]}}],"collection":[{"href":"https:\/\/toolhouse.fi\/fi\/wp-json\/wp\/v2\/product"}],"about":[{"href":"https:\/\/toolhouse.fi\/fi\/wp-json\/wp\/v2\/types\/product"}],"version-history":[{"count":0,"href":"https:\/\/toolhouse.fi\/fi\/wp-json\/wp\/v2\/product\/12188\/revisions"}],"wp:featuredmedia":[{"embeddable":true,"href":"https:\/\/toolhouse.fi\/fi\/wp-json\/wp\/v2\/media\/12186"}],"wp:attachment":[{"href":"https:\/\/toolhouse.fi\/fi\/wp-json\/wp\/v2\/media?parent=12188"}],"wp:term":[{"taxonomy":"product_cat","embeddable":true,"href":"https:\/\/toolhouse.fi\/fi\/wp-json\/wp\/v2\/product_cat?post=12188"},{"taxonomy":"product_tag","embeddable":true,"href":"https:\/\/toolhouse.fi\/fi\/wp-json\/wp\/v2\/product_tag?post=12188"}],"curies":[{"name":"wp","href":"https:\/\/api.w.org\/{rel}","templated":true}]}}