{"id":12196,"date":"2023-02-26T10:07:24","date_gmt":"2023-02-26T08:07:24","guid":{"rendered":"https:\/\/toolhouse.fi\/?post_type=product&#038;p=12196"},"modified":"2023-02-26T11:17:16","modified_gmt":"2023-02-26T09:17:16","slug":"tig-hitsauslanka-er308lsi-16mm","status":"publish","type":"product","link":"https:\/\/toolhouse.fi\/fi\/tuote\/tig-hitsauslanka-er308lsi-16mm\/","title":{"rendered":"TIG hitsauslanka ER308LSi 1,6mm"},"content":{"rendered":"","protected":false},"excerpt":{"rendered":"<div id=\"ts-body\">\n<div class=\"css-44 ts-pivot-container\">\n<div id=\"ContentContainer\">\n<div role=\"tabpanel\" aria-labelledby=\"Pivot0-Tab0\">\n<div class=\"ts-lookup-pivot\">\n<div id=\"Lookup\" class=\"ts-pivot-lookup-component\">\n<div class=\"ms-Grid ts-grid\">\n<div class=\"ms-Grid-row\">\n<div class=\"ts-textfield-container \" lang=\"sv\">\n<div tabindex=\"-1\" role=\"label\">\n<p><span id=\"tgtAlignment_0\" class=\"ts-alignment-element\" data-is-focusable=\"true\">SHERMAN<\/span>\u00a0<span id=\"tgtAlignment_1\" class=\"ts-alignment-element\" data-is-focusable=\"true\">TIG<\/span> hitsauslanka ER308LSi-kromi-nikkelilanka ruostumattomien ja haponkest\u00e4vien ter\u00e4sten liitoshitsaukseen.<\/p>\n<p>Se on tarkoitettu 18%Cr 8%Ni tyyppisten austeniittisten ruostumattomien ter\u00e4sten hitsaukseen, esim. putkien, s\u00e4ili\u00f6iden, l\u00e4mm\u00f6nvaihtimien hitsaukseen.<\/p>\n<p>Soveltuu my\u00f6s korroosionkest\u00e4vien kromiter\u00e4sten hitsaukseen.<\/p>\n<p>Soveltuu k\u00e4ytt\u00f6l\u00e4mp\u00f6tilaan 350\u00b0C saakka.<\/p>\n<\/div>\n<div tabindex=\"-1\" role=\"label\"><\/div>\n<\/div>\n<\/div>\n<\/div>\n<\/div>\n<\/div>\n<\/div>\n<\/div>\n<\/div>\n<\/div>\n<p>&nbsp;<\/p>\n<p>&nbsp;<\/p>\n<table class=\"table table-hover\">\n<tbody>\n<tr>\n<td class=\"param\">Valmistaja<\/td>\n<td class=\"value\">Sherman<\/td>\n<\/tr>\n<tr id=\"greybg\">\n<td class=\"param\">Halkaisija \u00f8 [mm]<\/td>\n<td class=\"value\">1,6<\/td>\n<\/tr>\n<tr>\n<td class=\"param\">Pituus [mm]<\/td>\n<td class=\"value\">1000<\/td>\n<\/tr>\n<tr id=\"greybg\">\n<td class=\"param\">Ruostumattomien ja haponkest\u00e4vien ter\u00e4sten hitsaukseen.<\/td>\n<td class=\"value\">ER308LSi<\/td>\n<\/tr>\n<tr>\n<td class=\"param\">Paino [kg]<\/td>\n<td class=\"value\">5,0<\/td>\n<\/tr>\n<tr id=\"greybg\">\n<td class=\"param\"><\/td>\n<td class=\"value\"><\/td>\n<\/tr>\n<tr>\n<td class=\"param\"><\/td>\n<td class=\"value\"><\/td>\n<\/tr>\n<\/tbody>\n<\/table>\n","protected":false},"featured_media":12198,"template":"","meta":{"_acf_changed":false,"_seopress_robots_primary_cat":"","_seopress_titles_title":"","_seopress_titles_desc":"","_seopress_robots_index":"","_seopress_analysis_target_kw":""},"product_cat":[303,471],"product_tag":[],"class_list":{"0":"post-12196","1":"product","2":"type-product","3":"status-publish","4":"has-post-thumbnail","6":"product_cat-tig-hitsaus","7":"product_cat-tig-tarvikkeet","8":"product_shipping_class-tillbehor-790e","10":"first","11":"outofstock","12":"taxable","13":"shipping-taxable","14":"purchasable","15":"product-type-simple","swatches":"rey-swatches","show_selected":""},"acf":[],"_links":{"self":[{"href":"https:\/\/toolhouse.fi\/fi\/wp-json\/wp\/v2\/product\/12196","targetHints":{"allow":["GET"]}}],"collection":[{"href":"https:\/\/toolhouse.fi\/fi\/wp-json\/wp\/v2\/product"}],"about":[{"href":"https:\/\/toolhouse.fi\/fi\/wp-json\/wp\/v2\/types\/product"}],"version-history":[{"count":0,"href":"https:\/\/toolhouse.fi\/fi\/wp-json\/wp\/v2\/product\/12196\/revisions"}],"wp:featuredmedia":[{"embeddable":true,"href":"https:\/\/toolhouse.fi\/fi\/wp-json\/wp\/v2\/media\/12198"}],"wp:attachment":[{"href":"https:\/\/toolhouse.fi\/fi\/wp-json\/wp\/v2\/media?parent=12196"}],"wp:term":[{"taxonomy":"product_cat","embeddable":true,"href":"https:\/\/toolhouse.fi\/fi\/wp-json\/wp\/v2\/product_cat?post=12196"},{"taxonomy":"product_tag","embeddable":true,"href":"https:\/\/toolhouse.fi\/fi\/wp-json\/wp\/v2\/product_tag?post=12196"}],"curies":[{"name":"wp","href":"https:\/\/api.w.org\/{rel}","templated":true}]}}