{"id":12227,"date":"2023-02-26T18:27:53","date_gmt":"2023-02-26T16:27:53","guid":{"rendered":"https:\/\/toolhouse.fi\/produkt\/induktiosilmukkasarja-5kpl\/"},"modified":"2025-07-03T22:13:57","modified_gmt":"2025-07-03T19:13:57","slug":"induktiosilmukkasarja-5kpl","status":"publish","type":"product","link":"https:\/\/toolhouse.fi\/fi\/tuote\/induktiosilmukkasarja-5kpl\/","title":{"rendered":"Induktiosilmukkasarja 5kpl"},"content":{"rendered":"","protected":false},"excerpt":{"rendered":"<p><span style=\"color: #333333;\">Sarja sis\u00e4lt\u00e4\u00e4 5 kpl Sherman induktiosilmukat.<\/span><\/p>\n<ul>\n<li><span style=\"color: #333333;\">17 mm<\/span><\/li>\n<li><span style=\"color: #333333;\">20 mm<\/span><\/li>\n<li><span style=\"color: #333333;\">24 mm<\/span><\/li>\n<li><span style=\"color: #333333;\">28 mm<\/span><\/li>\n<li><span style=\"color: #333333;\">Induktiosilmukka, kaapeli 92 cm<\/span><\/li>\n<\/ul>\n","protected":false},"featured_media":12226,"template":"","meta":{"_acf_changed":false,"_seopress_robots_primary_cat":"","_seopress_titles_title":"","_seopress_titles_desc":"","_seopress_robots_index":"","_seopress_analysis_target_kw":""},"product_cat":[305],"product_tag":[],"class_list":{"0":"post-12227","1":"product","2":"type-product","3":"status-publish","4":"has-post-thumbnail","6":"product_cat-induktiokuumentimet","7":"product_shipping_class-tillbehor-790e","9":"first","10":"outofstock","11":"taxable","12":"shipping-taxable","13":"purchasable","14":"product-type-simple","swatches":"rey-swatches","show_selected":""},"acf":[],"_links":{"self":[{"href":"https:\/\/toolhouse.fi\/fi\/wp-json\/wp\/v2\/product\/12227","targetHints":{"allow":["GET"]}}],"collection":[{"href":"https:\/\/toolhouse.fi\/fi\/wp-json\/wp\/v2\/product"}],"about":[{"href":"https:\/\/toolhouse.fi\/fi\/wp-json\/wp\/v2\/types\/product"}],"version-history":[{"count":0,"href":"https:\/\/toolhouse.fi\/fi\/wp-json\/wp\/v2\/product\/12227\/revisions"}],"wp:featuredmedia":[{"embeddable":true,"href":"https:\/\/toolhouse.fi\/fi\/wp-json\/wp\/v2\/media\/12226"}],"wp:attachment":[{"href":"https:\/\/toolhouse.fi\/fi\/wp-json\/wp\/v2\/media?parent=12227"}],"wp:term":[{"taxonomy":"product_cat","embeddable":true,"href":"https:\/\/toolhouse.fi\/fi\/wp-json\/wp\/v2\/product_cat?post=12227"},{"taxonomy":"product_tag","embeddable":true,"href":"https:\/\/toolhouse.fi\/fi\/wp-json\/wp\/v2\/product_tag?post=12227"}],"curies":[{"name":"wp","href":"https:\/\/api.w.org\/{rel}","templated":true}]}}