{"id":12239,"date":"2023-02-27T11:11:10","date_gmt":"2023-02-27T09:11:10","guid":{"rendered":"https:\/\/toolhouse.fi\/?post_type=product&#038;p=12239"},"modified":"2023-02-27T11:13:32","modified_gmt":"2023-02-27T09:13:32","slug":"tig-hitsauslanka-almg5-er5356-20mm","status":"publish","type":"product","link":"https:\/\/toolhouse.fi\/fi\/tuote\/tig-hitsauslanka-almg5-er5356-20mm\/","title":{"rendered":"TIG hitsauslanka AlMg5 ER5356 2,0mm"},"content":{"rendered":"","protected":false},"excerpt":{"rendered":"<p>&nbsp;<\/p>\n<div id=\"ts-body\">\n<div class=\"css-44 ts-pivot-container\">\n<div id=\"ContentContainer\">\n<div role=\"tabpanel\" aria-labelledby=\"Pivot0-Tab0\">\n<div class=\"ts-lookup-pivot\">\n<div id=\"Lookup\" class=\"ts-pivot-lookup-component\">\n<div class=\"ms-Grid ts-grid\">\n<div class=\"ms-Grid-row\">\n<div class=\"ts-textfield-container \" lang=\"sv\">\n<div tabindex=\"-1\" role=\"label\"><span id=\"tgtAlignment_0\" class=\"ts-alignment-element\" data-is-focusable=\"true\">SHERMAN<\/span> <span id=\"tgtAlignment_1\" class=\"ts-alignment-element\" data-is-focusable=\"true\">TIG<\/span> alu hitsauslanka AlMg5 on yksi yleisimmin k\u00e4ytetyist\u00e4 alumiinilanka tyypeist\u00e4. Alumiinisideaine, joka sis\u00e4lt\u00e4\u00e4 5% magnesiumia<br \/>\ntarjoaa suuremman murtolujuuden kuin sideaineet, joiden magnesiumpitoisuus on alhaisempi.<\/div>\n<div tabindex=\"-1\" role=\"label\"><\/div>\n<\/div>\n<\/div>\n<\/div>\n<\/div>\n<\/div>\n<\/div>\n<\/div>\n<\/div>\n<\/div>\n<p>&nbsp;<\/p>\n<p>&nbsp;<\/p>\n<table class=\"table table-hover\">\n<tbody>\n<tr>\n<td class=\"param\">Valmistaja<\/td>\n<td class=\"value\">Sherman<\/td>\n<\/tr>\n<tr id=\"greybg\">\n<td class=\"param\">Halkaisija \u00f8 [mm]<\/td>\n<td class=\"value\">2,0<\/td>\n<\/tr>\n<tr>\n<td class=\"param\">Pituus [mm]<\/td>\n<td class=\"value\">1000<\/td>\n<\/tr>\n<tr id=\"greybg\">\n<td class=\"param\">Alumiinin ja alumiiniseosten hitsaamiseen<\/td>\n<td class=\"value\">AlMg5 ER5356<\/td>\n<\/tr>\n<tr>\n<td class=\"param\"><\/td>\n<td class=\"value\"><\/td>\n<\/tr>\n<tr id=\"greybg\">\n<td class=\"param\"><\/td>\n<td class=\"value\"><\/td>\n<\/tr>\n<tr>\n<td class=\"param\">Paino [kg]<\/td>\n<td class=\"value\">2.5<\/td>\n<\/tr>\n<\/tbody>\n<\/table>\n","protected":false},"featured_media":12232,"template":"","meta":{"_acf_changed":false,"_seopress_robots_primary_cat":"","_seopress_titles_title":"","_seopress_titles_desc":"","_seopress_robots_index":""},"product_cat":[303,471],"product_tag":[],"class_list":{"0":"post-12239","1":"product","2":"type-product","3":"status-publish","4":"has-post-thumbnail","6":"product_cat-tig-hitsaus","7":"product_cat-tig-tarvikkeet","8":"product_shipping_class-tillbehor-790e","10":"first","11":"instock","12":"taxable","13":"shipping-taxable","14":"purchasable","15":"product-type-simple","swatches":"rey-swatches","show_selected":""},"acf":[],"_links":{"self":[{"href":"https:\/\/toolhouse.fi\/fi\/wp-json\/wp\/v2\/product\/12239","targetHints":{"allow":["GET"]}}],"collection":[{"href":"https:\/\/toolhouse.fi\/fi\/wp-json\/wp\/v2\/product"}],"about":[{"href":"https:\/\/toolhouse.fi\/fi\/wp-json\/wp\/v2\/types\/product"}],"version-history":[{"count":0,"href":"https:\/\/toolhouse.fi\/fi\/wp-json\/wp\/v2\/product\/12239\/revisions"}],"wp:featuredmedia":[{"embeddable":true,"href":"https:\/\/toolhouse.fi\/fi\/wp-json\/wp\/v2\/media\/12232"}],"wp:attachment":[{"href":"https:\/\/toolhouse.fi\/fi\/wp-json\/wp\/v2\/media?parent=12239"}],"wp:term":[{"taxonomy":"product_cat","embeddable":true,"href":"https:\/\/toolhouse.fi\/fi\/wp-json\/wp\/v2\/product_cat?post=12239"},{"taxonomy":"product_tag","embeddable":true,"href":"https:\/\/toolhouse.fi\/fi\/wp-json\/wp\/v2\/product_tag?post=12239"}],"curies":[{"name":"wp","href":"https:\/\/api.w.org\/{rel}","templated":true}]}}