{"id":12245,"date":"2023-02-27T12:42:45","date_gmt":"2023-02-27T10:42:45","guid":{"rendered":"https:\/\/toolhouse.fi\/produkt\/tig-elektrodi-wp-vihrea-20mm\/"},"modified":"2023-11-20T04:55:44","modified_gmt":"2023-11-20T02:55:44","slug":"tig-elektrodi-wp-vihrea-20mm","status":"publish","type":"product","link":"https:\/\/toolhouse.fi\/fi\/tuote\/tig-elektrodi-wp-vihrea-20mm\/","title":{"rendered":"Tig elektrodi WP vihre\u00e4 2,0mm"},"content":{"rendered":"","protected":false},"excerpt":{"rendered":"<p>WP vihre\u00e4t puhdas volfram elektrodit. AC hitsaukseen alumiinille.<\/p>\n<p>Pakkaus sis\u00e4lt\u00e4\u00e4 10 elektrodia<\/p>\n<p>&nbsp;<\/p>\n<table class=\"table table-hover\">\n<tbody>\n<tr>\n<td class=\"param\">Valmistaja<\/td>\n<td class=\"value\">Sherman<\/td>\n<\/tr>\n<tr id=\"greybg\">\n<td class=\"param\">Pakkaus<\/td>\n<td class=\"value\">10 kpl<\/td>\n<\/tr>\n<tr>\n<td class=\"param\">Halkaisija \u00f8 [mm]<\/td>\n<td class=\"value\">2.0<\/td>\n<\/tr>\n<tr id=\"greybg\">\n<td class=\"param\">Pituus [mm]<\/td>\n<td class=\"value\">175<\/td>\n<\/tr>\n<\/tbody>\n<\/table>\n","protected":false},"featured_media":12243,"template":"","meta":{"_acf_changed":false,"_seopress_robots_primary_cat":"","_seopress_titles_title":"","_seopress_titles_desc":"","_seopress_robots_index":""},"product_cat":[303,471],"product_tag":[],"class_list":{"0":"post-12245","1":"product","2":"type-product","3":"status-publish","4":"has-post-thumbnail","6":"product_cat-tig-hitsaus","7":"product_cat-tig-tarvikkeet","8":"product_shipping_class-tillbehor-790e","10":"first","11":"instock","12":"taxable","13":"shipping-taxable","14":"purchasable","15":"product-type-simple","swatches":"rey-swatches","show_selected":""},"acf":[],"_links":{"self":[{"href":"https:\/\/toolhouse.fi\/fi\/wp-json\/wp\/v2\/product\/12245","targetHints":{"allow":["GET"]}}],"collection":[{"href":"https:\/\/toolhouse.fi\/fi\/wp-json\/wp\/v2\/product"}],"about":[{"href":"https:\/\/toolhouse.fi\/fi\/wp-json\/wp\/v2\/types\/product"}],"version-history":[{"count":0,"href":"https:\/\/toolhouse.fi\/fi\/wp-json\/wp\/v2\/product\/12245\/revisions"}],"wp:featuredmedia":[{"embeddable":true,"href":"https:\/\/toolhouse.fi\/fi\/wp-json\/wp\/v2\/media\/12243"}],"wp:attachment":[{"href":"https:\/\/toolhouse.fi\/fi\/wp-json\/wp\/v2\/media?parent=12245"}],"wp:term":[{"taxonomy":"product_cat","embeddable":true,"href":"https:\/\/toolhouse.fi\/fi\/wp-json\/wp\/v2\/product_cat?post=12245"},{"taxonomy":"product_tag","embeddable":true,"href":"https:\/\/toolhouse.fi\/fi\/wp-json\/wp\/v2\/product_tag?post=12245"}],"curies":[{"name":"wp","href":"https:\/\/api.w.org\/{rel}","templated":true}]}}