{"id":12275,"date":"2023-02-28T14:16:17","date_gmt":"2023-02-28T12:16:17","guid":{"rendered":"https:\/\/toolhouse.fi\/?post_type=product&#038;p=12275"},"modified":"2023-07-10T16:53:49","modified_gmt":"2023-07-10T13:53:49","slug":"tig-elektrodi-wl20-sininen-2mm","status":"publish","type":"product","link":"https:\/\/toolhouse.fi\/fi\/tuote\/tig-elektrodi-wl20-sininen-2mm\/","title":{"rendered":"Tig elektrodi WL20 sininen 2,0mm"},"content":{"rendered":"","protected":false},"excerpt":{"rendered":"<div id=\"ts-body\">\n<div class=\"css-44 ts-pivot-container\">\n<div id=\"ContentContainer\">\n<div role=\"tabpanel\" aria-labelledby=\"Pivot0-Tab0\">\n<div class=\"ts-lookup-pivot\">\n<div id=\"Lookup\" class=\"ts-pivot-lookup-component\">\n<div class=\"ms-Grid ts-grid\">\n<div class=\"ms-Grid-row\">\n<div class=\"ts-textfield-container \" lang=\"fi\">\n<div class=\"ts-alignment-view-container\">\n<div id=\"ts-alignment-view-idtgt\" class=\"ts-alignment-view ms-font-m ts-alignment-view-tgt ts-ltr-left-zero\" tabindex=\"0\" aria-hidden=\"false\">\n<div tabindex=\"-1\" role=\"label\">WL20 on tarkoitettu kaikille metalleille sek\u00e4 mikroplasmahitaukseen.\u00a0 Soveltuvat DC ja\u00a0 AC hitsaukseen. Niit\u00e4 k\u00e4ytet\u00e4\u00e4nkin p\u00e4\u00e4asiassa seostamattomien sek\u00e4 korkeaseosteisten ter\u00e4sten, alumiinin, titaanin, nikkelin, kuparin ja magnesiumseosten hitsauksessa. Siniset elektrodit soveltuvat my\u00f6s mikroplasmahitsaukseen.<\/div>\n<div tabindex=\"-1\" role=\"label\">Hyv\u00e4t syttymisominaisuudet.<\/div>\n<\/div>\n<\/div>\n<\/div>\n<\/div>\n<\/div>\n<\/div>\n<\/div>\n<\/div>\n<\/div>\n<\/div>\n<\/div>\n<p><span style=\"color: #ffffff;\">.<\/span><\/p>\n<p>Pakkaus sis\u00e4lt\u00e4\u00e4 10 elektrodia<\/p>\n<p>&nbsp;<\/p>\n<table class=\"table table-hover\">\n<tbody>\n<tr>\n<td class=\"param\">Valmistaja<\/td>\n<td class=\"value\">Sherman<\/td>\n<\/tr>\n<tr id=\"greybg\">\n<td class=\"param\">Pakkaus<\/td>\n<td class=\"value\">10 kpl<\/td>\n<\/tr>\n<tr>\n<td class=\"param\">Halkaisija \u00f8 [mm]<\/td>\n<td class=\"value\">2.0<\/td>\n<\/tr>\n<tr id=\"greybg\">\n<td class=\"param\">Pituus [mm]<\/td>\n<td class=\"value\">175<\/td>\n<\/tr>\n<\/tbody>\n<\/table>\n","protected":false},"featured_media":12277,"template":"","meta":{"_acf_changed":false,"_seopress_robots_primary_cat":"","_seopress_titles_title":"","_seopress_titles_desc":"","_seopress_robots_index":""},"product_cat":[303,471],"product_tag":[],"class_list":{"0":"post-12275","1":"product","2":"type-product","3":"status-publish","4":"has-post-thumbnail","6":"product_cat-tig-hitsaus","7":"product_cat-tig-tarvikkeet","8":"product_shipping_class-tillbehor-790e","10":"first","11":"instock","12":"taxable","13":"shipping-taxable","14":"purchasable","15":"product-type-simple","swatches":"rey-swatches","show_selected":""},"acf":[],"_links":{"self":[{"href":"https:\/\/toolhouse.fi\/fi\/wp-json\/wp\/v2\/product\/12275","targetHints":{"allow":["GET"]}}],"collection":[{"href":"https:\/\/toolhouse.fi\/fi\/wp-json\/wp\/v2\/product"}],"about":[{"href":"https:\/\/toolhouse.fi\/fi\/wp-json\/wp\/v2\/types\/product"}],"version-history":[{"count":0,"href":"https:\/\/toolhouse.fi\/fi\/wp-json\/wp\/v2\/product\/12275\/revisions"}],"wp:featuredmedia":[{"embeddable":true,"href":"https:\/\/toolhouse.fi\/fi\/wp-json\/wp\/v2\/media\/12277"}],"wp:attachment":[{"href":"https:\/\/toolhouse.fi\/fi\/wp-json\/wp\/v2\/media?parent=12275"}],"wp:term":[{"taxonomy":"product_cat","embeddable":true,"href":"https:\/\/toolhouse.fi\/fi\/wp-json\/wp\/v2\/product_cat?post=12275"},{"taxonomy":"product_tag","embeddable":true,"href":"https:\/\/toolhouse.fi\/fi\/wp-json\/wp\/v2\/product_tag?post=12275"}],"curies":[{"name":"wp","href":"https:\/\/api.w.org\/{rel}","templated":true}]}}