{"id":12476,"date":"2025-09-16T14:11:34","date_gmt":"2025-09-16T11:11:34","guid":{"rendered":"https:\/\/toolhouse.fi\/produkt\/letkunsidepihtisarja-9-osaa\/"},"modified":"2026-03-21T19:40:13","modified_gmt":"2026-03-21T17:40:13","slug":"letkunsidepihtisarja-9-osaa","status":"publish","type":"product","link":"https:\/\/toolhouse.fi\/fi\/tuote\/letkunsidepihtisarja-9-osaa\/","title":{"rendered":"Letkunsidepihtisarja 9 osaa"},"content":{"rendered":"","protected":false},"excerpt":{"rendered":"<p><strong>Geko <\/strong>monipuolinen letkunkiristinpihtisarja.<br \/>\nSarjassa on 7 erilaista pihti\u00e4 letkunkiristinten asennukseen ja irrotukseen.<\/p>\n<article class=\"text-token-text-primary w-full focus:outline-none scroll-mt-[calc(var(--header-height)+min(200px,max(70px,20svh)))]\" dir=\"auto\" tabindex=\"-1\" data-turn-id=\"request-68a6f29c-0708-8321-b1a5-23d16144c2bd-27\" data-testid=\"conversation-turn-322\" data-scroll-anchor=\"true\" data-turn=\"assistant\">\n<div class=\"text-base my-auto mx-auto pb-10 [--thread-content-margin:--spacing(4)] thread-sm:[--thread-content-margin:--spacing(6)] thread-lg:[--thread-content-margin:--spacing(16)] px-(--thread-content-margin)\">\n<div class=\"[--thread-content-max-width:40rem] thread-sm:[--thread-content-max-width:40rem] thread-lg:[--thread-content-max-width:48rem] mx-auto max-w-(--thread-content-max-width) flex-1 group\/turn-messages focus-visible:outline-hidden relative flex w-full min-w-0 flex-col agent-turn\" tabindex=\"-1\">\n<div class=\"flex max-w-full flex-col grow\">\n<div class=\"min-h-8 text-message relative flex w-full flex-col items-end gap-2 text-start break-words whitespace-normal [.text-message+&amp;]:mt-5\" dir=\"auto\" data-message-author-role=\"assistant\" data-message-id=\"b44c3a14-1922-4ff5-b892-9e4db3f7b61a\" data-message-model-slug=\"gpt-5\">\n<div class=\"flex w-full flex-col gap-1 empty:hidden first:pt-[3px]\">\n<div class=\"markdown prose dark:prose-invert w-full break-words light markdown-new-styling\">\n<p data-start=\"0\" data-end=\"194\" data-is-last-node=\"\" data-is-only-node=\"\">Geko-letkunkiristinpihdit soveltuvat useimpiin erilaisiin letkunkiristimiin, mm. vetonivelen suojakumien kiristimiin, Clic-kiristimiin, itselukittuviiin ja uudelleenk\u00e4ytett\u00e4viin kiristimiin jne.<\/p>\n<\/div>\n<\/div>\n<\/div>\n<\/div>\n<\/div>\n<\/div>\n<\/article>\n<p>&nbsp;<\/p>\n<p><strong>Sarja sis\u00e4lt\u00e4\u00e4:<\/strong><\/p>\n<ul>\n<li>Letkunkiristinpihdit 670mm vaijerilla,18 &#8211; 53 mm<\/li>\n<li>Vaihdettava kaapeliruuvi<\/li>\n<li>Letkunkiristinpihdit (+-ura)<\/li>\n<li>Letkunkiristinpihdit (V-ura)<\/li>\n<li>Taivutetut letkunkiristinpihdit (V-ura), pituus [mm] 215<\/li>\n<li>Letkunkiristinpihdit<\/li>\n<li>Letkunkiristinpihdit (CLIC \/ CLIC-R) (Caillau\/Serflex) sopii: VAG, Citro\u00ebn, Fiat, Mercedes, Opel, Peugeot, Renault, VW mm. pituus [mm] 175<\/li>\n<li>Letkunirrotuspihdit 4 &#8211; 13mm letkulle<\/li>\n<li>Kaksip\u00e4inen ruuvimeisseli PH2 \/ ura 6mm<\/li>\n<li>Letkukoukku<\/li>\n<li>Muovisalkku<\/li>\n<\/ul>\n","protected":false},"featured_media":28539,"template":"","meta":{"_acf_changed":false,"_seopress_robots_primary_cat":"none","_seopress_titles_title":"","_seopress_titles_desc":"","_seopress_robots_index":""},"product_cat":[339,488,480,337,40],"product_tag":[],"class_list":{"0":"post-12476","1":"product","2":"type-product","3":"status-publish","4":"has-post-thumbnail","6":"product_cat-autotyokalut","7":"product_cat-kasityokalut","8":"product_cat-moottorityokalut","9":"product_cat-tyokalut","10":"product_cat-korjaamolaitteet","11":"product_shipping_class-tillbehor-790e","13":"first","14":"instock","15":"taxable","16":"shipping-taxable","17":"purchasable","18":"product-type-simple","swatches":"rey-swatches","show_selected":""},"acf":[],"_links":{"self":[{"href":"https:\/\/toolhouse.fi\/fi\/wp-json\/wp\/v2\/product\/12476","targetHints":{"allow":["GET"]}}],"collection":[{"href":"https:\/\/toolhouse.fi\/fi\/wp-json\/wp\/v2\/product"}],"about":[{"href":"https:\/\/toolhouse.fi\/fi\/wp-json\/wp\/v2\/types\/product"}],"version-history":[{"count":3,"href":"https:\/\/toolhouse.fi\/fi\/wp-json\/wp\/v2\/product\/12476\/revisions"}],"predecessor-version":[{"id":28546,"href":"https:\/\/toolhouse.fi\/fi\/wp-json\/wp\/v2\/product\/12476\/revisions\/28546"}],"wp:featuredmedia":[{"embeddable":true,"href":"https:\/\/toolhouse.fi\/fi\/wp-json\/wp\/v2\/media\/28539"}],"wp:attachment":[{"href":"https:\/\/toolhouse.fi\/fi\/wp-json\/wp\/v2\/media?parent=12476"}],"wp:term":[{"taxonomy":"product_cat","embeddable":true,"href":"https:\/\/toolhouse.fi\/fi\/wp-json\/wp\/v2\/product_cat?post=12476"},{"taxonomy":"product_tag","embeddable":true,"href":"https:\/\/toolhouse.fi\/fi\/wp-json\/wp\/v2\/product_tag?post=12476"}],"curies":[{"name":"wp","href":"https:\/\/api.w.org\/{rel}","templated":true}]}}