{"id":12494,"date":"2023-03-22T08:31:31","date_gmt":"2023-03-22T06:31:31","guid":{"rendered":"https:\/\/toolhouse.fi\/produkt\/ruuvauskarkisarja-75-30mm-74-osaa\/"},"modified":"2025-08-12T16:51:32","modified_gmt":"2025-08-12T13:51:32","slug":"ruuvauskarkisarja-75-30mm-74-osaa","status":"publish","type":"product","link":"https:\/\/toolhouse.fi\/fi\/tuote\/ruuvauskarkisarja-75-30mm-74-osaa\/","title":{"rendered":"Ruuvausk\u00e4rkisarja 10mm. lyhyet ja pitk\u00e4t. 74 osaa"},"content":{"rendered":"","protected":false},"excerpt":{"rendered":"<p><strong>Ruuvausk\u00e4rkisarja &#8211; <\/strong><strong>lyhyet ja pitk\u00e4t<\/strong><\/p>\n<p>74-osainen sarja Torx, Torx-h, kuusiokolo, Torx xzn 12 kulma ,Torx Plus (turvatorx) ruuvausk\u00e4rki\u00e4, joita on mm. ajoneuvojen ruiskuissa.<\/p>\n<p><strong>Sis\u00e4lt\u00f6:<\/strong><\/p>\n<ul>\n<li value=\"1\">74 kpl<\/li>\n<li value=\"2\">Pitk\u00e4 &#8211; 75 mm<\/li>\n<li value=\"3\">Lyhyt &#8211; 30 mm<\/li>\n<li value=\"3\">V\u00e4\u00e4nti\u00f6: 10mm<\/li>\n<li value=\"3\">10mm adapteria \u215c ja \u00bd<\/li>\n<\/ul>\n<p><b>Koot:<\/b><\/p>\n<ul>\n<li value=\"1\">TORX : 20, 25, 30, 40, 45, 50, 55, 60<\/li>\n<li value=\"2\">TORX H : 20, 25, 30, 40, 45, 50, 55, 60<\/li>\n<li value=\"3\">Kuusiokolo: 4, 5, 6, 7, 8, 10, 12<\/li>\n<li value=\"4\">12-sakarainen Torx xzn: 5, 6, 8, 10, 12<\/li>\n<li value=\"5\">Torx plus (turvatorx): 5, 6, 7, 8, 9, 10, 12, 14<\/li>\n<li value=\"6\">10mm adapteria: \u215c ja \u00bd<\/li>\n<li value=\"7\">Materiaali: CR-V ter\u00e4s<\/li>\n<\/ul>\n<p>&nbsp;<\/p>\n","protected":false},"featured_media":12493,"template":"","meta":{"_acf_changed":false,"_seopress_robots_primary_cat":"","_seopress_titles_title":"","_seopress_titles_desc":"","_seopress_robots_index":""},"product_cat":[487,337,40],"product_tag":[],"class_list":{"0":"post-12494","1":"product","2":"type-product","3":"status-publish","4":"has-post-thumbnail","6":"product_cat-hylsytyokalut-vaantotyokalut","7":"product_cat-tyokalut","8":"product_cat-korjaamolaitteet","9":"product_shipping_class-tillbehor-790e","11":"first","12":"instock","13":"taxable","14":"shipping-taxable","15":"purchasable","16":"product-type-simple","swatches":"rey-swatches","show_selected":""},"acf":[],"_links":{"self":[{"href":"https:\/\/toolhouse.fi\/fi\/wp-json\/wp\/v2\/product\/12494","targetHints":{"allow":["GET"]}}],"collection":[{"href":"https:\/\/toolhouse.fi\/fi\/wp-json\/wp\/v2\/product"}],"about":[{"href":"https:\/\/toolhouse.fi\/fi\/wp-json\/wp\/v2\/types\/product"}],"version-history":[{"count":0,"href":"https:\/\/toolhouse.fi\/fi\/wp-json\/wp\/v2\/product\/12494\/revisions"}],"wp:featuredmedia":[{"embeddable":true,"href":"https:\/\/toolhouse.fi\/fi\/wp-json\/wp\/v2\/media\/12493"}],"wp:attachment":[{"href":"https:\/\/toolhouse.fi\/fi\/wp-json\/wp\/v2\/media?parent=12494"}],"wp:term":[{"taxonomy":"product_cat","embeddable":true,"href":"https:\/\/toolhouse.fi\/fi\/wp-json\/wp\/v2\/product_cat?post=12494"},{"taxonomy":"product_tag","embeddable":true,"href":"https:\/\/toolhouse.fi\/fi\/wp-json\/wp\/v2\/product_tag?post=12494"}],"curies":[{"name":"wp","href":"https:\/\/api.w.org\/{rel}","templated":true}]}}