{"id":12554,"date":"2023-03-23T14:23:26","date_gmt":"2023-03-23T12:23:26","guid":{"rendered":"https:\/\/toolhouse.fi\/produkt\/12554\/"},"modified":"2025-05-01T00:00:03","modified_gmt":"2025-04-30T21:00:03","slug":"redats-12v-kompressor","status":"publish","type":"product","link":"https:\/\/toolhouse.fi\/fi\/tuote\/redats-12v-kompressor\/","title":{"rendered":"Redats 12V kompressori"},"content":{"rendered":"<table>\n<tbody>\n<tr>\n<td><span style=\"color: #333333;\"><strong><span class=\"\">Valmistaja<\/span><\/strong><\/span><\/td>\n<td><span style=\"color: #333333;\"><strong>Redats<\/strong><\/span><\/td>\n<\/tr>\n<tr>\n<td><span style=\"color: #333333;\"><strong>Malli<\/strong><\/span><\/td>\n<td><span style=\"color: #333333;\"><strong>12V kompressori<\/strong><\/span><\/td>\n<\/tr>\n<tr>\n<td><span style=\"color: #333333;\"><strong>Max rengaspaine (bar)<\/strong><\/span><\/td>\n<td><span style=\"color: #333333;\"><strong>3,45<\/strong><\/span><\/td>\n<\/tr>\n<tr>\n<td><span style=\"color: #333333;\"><strong>Tarkuus (bar)<\/strong><\/span><\/td>\n<td><span style=\"color: #333333;\"><strong>\u00b1 0,035\u00a0<\/strong><\/span><\/td>\n<\/tr>\n<tr>\n<td><span style=\"color: #333333;\"><strong>Kaapelin pituus (cm)<\/strong><\/span><\/td>\n<td><span style=\"color: #333333;\"><strong>3,6<\/strong><\/span><\/td>\n<\/tr>\n<tr>\n<td><span style=\"color: #333333;\"><strong>Teho (W)<\/strong><\/span><\/td>\n<td><span style=\"color: #333333;\"><strong>120<\/strong><\/span><\/td>\n<\/tr>\n<tr>\n<td><span style=\"color: #333333;\"><strong>Yksikk\u00f6\u00e4<\/strong><\/span><\/td>\n<td>\n<div class=\"dictionary__value\"><span style=\"color: #333333;\"><strong><span class=\"dictionary__value_txt\">PSI<\/span>, <span class=\"dictionary__value_txt\">KPA, <\/span><span class=\"dictionary__value_txt\">BAR,\u00a0<\/span><span class=\"dictionary__value_txt\">KG\/CM2<\/span><\/strong><\/span><\/div>\n<\/td>\n<\/tr>\n<tr>\n<td><span style=\"color: #333333;\"><strong>Automaattinen sammutus, kun esivalittu paine saavutetaan<\/strong><\/span><\/p>\n<p><span style=\"color: #333333;\"><strong>Mukana 3 eri adapterit<\/strong><\/span><\/p>\n<p><span style=\"color: #333333;\"><strong>LED-valo<\/strong><\/span><\/td>\n<td>&nbsp;<\/p>\n<p>&nbsp;<\/p>\n<p>&nbsp;<\/p>\n<p>&nbsp;<\/td>\n<\/tr>\n<\/tbody>\n<\/table>\n","protected":false},"excerpt":{"rendered":"<p>Redats digitaalinen 12 V kompressori automaattisella paineens\u00e4\u00e4d\u00f6ll\u00e4.<\/p>\n<p>Aseta haluttu paine ja k\u00e4ynnist\u00e4 kompressori ja se pys\u00e4htyy automaattisesti, kun haluttu paine saavutetaan.<\/p>\n<p>&nbsp;<\/p>\n<p>Painemittari LED-n\u00e4yt\u00f6ll\u00e4, jonka tarkkuus on \u00b1 0,035 bar.<\/p>\n<p>Mukana adapterit pallojen ja muiden puhallettavien tuotteiden t\u00e4ytt\u00e4miseen.<\/p>\n","protected":false},"featured_media":12550,"template":"","meta":{"_acf_changed":false,"_seopress_robots_primary_cat":"","_seopress_titles_title":"","_seopress_titles_desc":"","_seopress_robots_index":""},"product_cat":[217,322,331],"product_tag":[],"class_list":{"0":"post-12554","1":"product","2":"type-product","3":"status-publish","4":"has-post-thumbnail","6":"product_cat-kompressori-ja-paineilma","7":"product_cat-kompressorit","8":"product_cat-muut-paineilmalaitteet","9":"product_shipping_class-tillbehor-790e","11":"first","12":"instock","13":"taxable","14":"shipping-taxable","15":"purchasable","16":"product-type-simple","swatches":"rey-swatches","show_selected":""},"acf":[],"_links":{"self":[{"href":"https:\/\/toolhouse.fi\/fi\/wp-json\/wp\/v2\/product\/12554","targetHints":{"allow":["GET"]}}],"collection":[{"href":"https:\/\/toolhouse.fi\/fi\/wp-json\/wp\/v2\/product"}],"about":[{"href":"https:\/\/toolhouse.fi\/fi\/wp-json\/wp\/v2\/types\/product"}],"version-history":[{"count":0,"href":"https:\/\/toolhouse.fi\/fi\/wp-json\/wp\/v2\/product\/12554\/revisions"}],"wp:featuredmedia":[{"embeddable":true,"href":"https:\/\/toolhouse.fi\/fi\/wp-json\/wp\/v2\/media\/12550"}],"wp:attachment":[{"href":"https:\/\/toolhouse.fi\/fi\/wp-json\/wp\/v2\/media?parent=12554"}],"wp:term":[{"taxonomy":"product_cat","embeddable":true,"href":"https:\/\/toolhouse.fi\/fi\/wp-json\/wp\/v2\/product_cat?post=12554"},{"taxonomy":"product_tag","embeddable":true,"href":"https:\/\/toolhouse.fi\/fi\/wp-json\/wp\/v2\/product_tag?post=12554"}],"curies":[{"name":"wp","href":"https:\/\/api.w.org\/{rel}","templated":true}]}}