{"id":13222,"date":"2023-05-02T19:31:39","date_gmt":"2023-05-02T16:31:39","guid":{"rendered":"https:\/\/toolhouse.fi\/produkt\/pitkat-nostovarret-redats\/"},"modified":"2023-11-07T17:12:40","modified_gmt":"2023-11-07T15:12:40","slug":"pitkat-nostovarret-redats","status":"publish","type":"product","link":"https:\/\/toolhouse.fi\/fi\/tuote\/pitkat-nostovarret-redats\/","title":{"rendered":"Pitk\u00e4t nostovarret. Redats L-200\/L-220\/L-221"},"content":{"rendered":"","protected":false},"excerpt":{"rendered":"<p>&nbsp;<\/p>\n<p>&nbsp;<\/p>\n<p>&nbsp;<\/p>\n<p>Sopii Redats:<\/p>\n<ul>\n<li>L-200<\/li>\n<li>L-220(F)<\/li>\n<li>L-221(F)<\/li>\n<\/ul>\n<p>N\u00e4m\u00e4 nostovarret ovat samat kuin pidemm\u00e4t alkuper\u00e4iset nostovarret.<\/p>\n<p>Lyhyemm\u00e4t nostovarret korvataan n\u00e4ill\u00e4, paremman ulottuvuuden saavuttamiseksi.<\/p>\n<p>Toimitetaan pareittain.<\/p>\n<p>&nbsp;<\/p>\n<div class=\"dictionary__param row mb-2\"><\/div>\n<div class=\"dictionary__param row mb-2\">\n<div class=\"dictionary__values col-6\">\n<div class=\"dictionary__value\">\n<table border=\"0\" width=\"423\" cellspacing=\"0\" cellpadding=\"2\">\n<tbody>\n<tr>\n<td width=\"322\"><span style=\"color: #333333;\"><strong>Valmistaja:<\/strong><\/span><\/td>\n<td width=\"93\"><span style=\"color: #333333;\"><strong>Redats<\/strong><\/span><\/td>\n<\/tr>\n<tr>\n<td bgcolor=\"#f1f1f1\" width=\"322\"><span style=\"color: #333333;\"><strong>Pituus:<\/strong><\/span><\/td>\n<td bgcolor=\"#f1f1f1\" width=\"93\"><span style=\"color: #333333;\"><strong>820 &#8211; 1260 mm<\/strong><\/span><\/td>\n<\/tr>\n<tr>\n<td width=\"322\"><\/td>\n<td width=\"93\"><\/td>\n<\/tr>\n<\/tbody>\n<\/table>\n<\/div>\n<\/div>\n<\/div>\n<p>&nbsp;<\/p>\n<p>&nbsp;<\/p>\n<p>&nbsp;<\/p>\n<p>&nbsp;<\/p>\n<p>&nbsp;<\/p>\n<p>&nbsp;<\/p>\n<p>&nbsp;<\/p>\n<p>&nbsp;<\/p>\n","protected":false},"featured_media":13210,"template":"","meta":{"_acf_changed":false,"_seopress_robots_primary_cat":"","_seopress_titles_title":"","_seopress_titles_desc":"","_seopress_robots_index":""},"product_cat":[455,290],"product_tag":[],"class_list":{"0":"post-13222","1":"product","2":"type-product","3":"status-publish","4":"has-post-thumbnail","6":"product_cat-ajoneuvonostimet","7":"product_cat-varaosat-ja-tarvikkeet","8":"product_shipping_class-frakt-2990-fi","10":"first","11":"instock","12":"taxable","13":"shipping-taxable","14":"purchasable","15":"product-type-simple","swatches":"rey-swatches","show_selected":""},"acf":[],"_links":{"self":[{"href":"https:\/\/toolhouse.fi\/fi\/wp-json\/wp\/v2\/product\/13222","targetHints":{"allow":["GET"]}}],"collection":[{"href":"https:\/\/toolhouse.fi\/fi\/wp-json\/wp\/v2\/product"}],"about":[{"href":"https:\/\/toolhouse.fi\/fi\/wp-json\/wp\/v2\/types\/product"}],"version-history":[{"count":0,"href":"https:\/\/toolhouse.fi\/fi\/wp-json\/wp\/v2\/product\/13222\/revisions"}],"wp:featuredmedia":[{"embeddable":true,"href":"https:\/\/toolhouse.fi\/fi\/wp-json\/wp\/v2\/media\/13210"}],"wp:attachment":[{"href":"https:\/\/toolhouse.fi\/fi\/wp-json\/wp\/v2\/media?parent=13222"}],"wp:term":[{"taxonomy":"product_cat","embeddable":true,"href":"https:\/\/toolhouse.fi\/fi\/wp-json\/wp\/v2\/product_cat?post=13222"},{"taxonomy":"product_tag","embeddable":true,"href":"https:\/\/toolhouse.fi\/fi\/wp-json\/wp\/v2\/product_tag?post=13222"}],"curies":[{"name":"wp","href":"https:\/\/api.w.org\/{rel}","templated":true}]}}