{"id":13266,"date":"2023-05-05T20:49:05","date_gmt":"2023-05-05T17:49:05","guid":{"rendered":"https:\/\/toolhouse.fi\/?post_type=product&#038;p=13266"},"modified":"2025-04-15T21:45:27","modified_gmt":"2025-04-15T18:45:27","slug":"hallitunkki-3t","status":"publish","type":"product","link":"https:\/\/toolhouse.fi\/fi\/tuote\/hallitunkki-3t\/","title":{"rendered":"Hallitunkki 3T"},"content":{"rendered":"<table class=\"n54117_dictionary\">\n<tbody>\n<tr>\n<td class=\"n54117_item_a1\"><strong>Valmistaja <span class=\"n67256colon\">:<\/span><\/strong><\/td>\n<td class=\"n54117_item_b1\">\n<div class=\"n54117_item_b_sub\"><strong><span class=\"n54117_name_sub\">REDATS<\/span><\/strong><\/div>\n<\/td>\n<\/tr>\n<tr>\n<td class=\"n54117_item_a2\"><strong>Alin korkeus <span class=\"n67256colon\">:<\/span><\/strong><\/td>\n<td class=\"n54117_item_b2\">\n<div class=\"n54117_item_b_sub\"><strong>140 mm<\/strong><\/div>\n<\/td>\n<\/tr>\n<tr>\n<td class=\"n54117_item_a1\"><strong><span class=\"n67256colon\">Ylin korkeus:<\/span><\/strong><\/td>\n<td class=\"n54117_item_b1\">\n<div class=\"n54117_item_b_sub\"><strong>495 mm<\/strong><\/div>\n<\/td>\n<\/tr>\n<tr>\n<td class=\"n54117_item_a2\"><strong>Quick lift<\/strong><\/td>\n<td class=\"n54117_item_b2\">\n<div class=\"n54117_item_b_sub\"><strong>jalkapolkimella<\/strong><\/div>\n<\/td>\n<\/tr>\n<tr>\n<td class=\"n54117_item_a1\"><strong>P\u00f6lylt\u00e4 suojatut m\u00e4nn\u00e4t.<\/strong><\/td>\n<td class=\"n54117_item_b1\">\n<div class=\"n54117_item_b_sub\"><strong>kyll\u00e4<\/strong><\/div>\n<\/td>\n<\/tr>\n<tr>\n<td class=\"n54117_item_a2\"><\/td>\n<td class=\"n54117_item_b2\">\n<div class=\"n54117_item_b_sub\"><\/div>\n<\/td>\n<\/tr>\n<tr>\n<td class=\"n54117_item_a1\"><strong><span class=\"n67256colon\">Nostosatulan kumityyny:<\/span><\/strong><\/td>\n<td class=\"n54117_item_b1\">\n<div class=\"n54117_item_b_sub\"><strong><span class=\"n67256colon\">kyll\u00e4<\/span><\/strong><\/div>\n<\/td>\n<\/tr>\n<tr>\n<td class=\"n54117_item_a2\"><\/td>\n<td class=\"n54117_item_b2\"><\/td>\n<\/tr>\n<tr>\n<td class=\"n54117_item_a1\"><strong>Paino <span class=\"n67256colon\">:<\/span><\/strong><\/td>\n<td class=\"n54117_item_b1\">\n<div class=\"n54117_item_b_sub\"><strong>30 kg<\/strong><\/div>\n<\/td>\n<\/tr>\n<tr>\n<td class=\"n54117_item_a2\"><strong>Kahvan pituus <span class=\"n67256colon\">:<\/span><\/strong><\/td>\n<td class=\"n54117_item_b2\">\n<div class=\"n54117_item_b_sub\"><strong>90 cm<\/strong><\/div>\n<\/td>\n<\/tr>\n<tr>\n<td class=\"n54117_item_a1\"><strong>Mitat (P x L x K) <span class=\"n67256colon\">:<\/span><\/strong><\/td>\n<td class=\"n54117_item_b1\">\n<div class=\"n54117_item_b_sub\"><strong>60 x 34 x 25 cm<\/strong><\/div>\n<\/td>\n<\/tr>\n<tr>\n<td class=\"n54117_item_a2\"><strong><span class=\"n67256colon\">Maksimikuormitus:<\/span><\/strong><\/td>\n<td class=\"n54117_item_b2\">\n<div class=\"n54117_item_b_sub\"><strong>3000kg<\/strong><\/div>\n<\/td>\n<\/tr>\n<tr>\n<td class=\"n54117_item_a1\"><strong>CE-hyv\u00e4ksytty <span class=\"n67256colon\">:<\/span><\/strong><\/td>\n<td class=\"n54117_item_b1\">\n<div class=\"n54117_item_b_sub\"><strong>kyll\u00e4<\/strong><\/div>\n<\/td>\n<\/tr>\n<tr>\n<td class=\"n54117_item_a2\"><strong> Takuu <span class=\"n67256colon\">:<\/span><\/strong><\/td>\n<td class=\"n54117_item_b2\">\n<div class=\"n54117_item_b_sub\"><strong>\u00a01 vuosi<\/strong><\/div>\n<\/td>\n<\/tr>\n<\/tbody>\n<\/table>\n<p><img alt=\"\" fetchpriority=\"high\" decoding=\"async\" class=\"alignnone wp-image-13287\" src=\"http:\/\/toolhouse.fi\/wp-content\/uploads\/2023\/05\/REDATS-LS-350-tunkki.jpg\" alt=\"\" width=\"269\" height=\"269\" srcset=\"https:\/\/toolhouse.fi\/wp-content\/uploads\/2023\/05\/REDATS-LS-350-tunkki.jpg 1000w, https:\/\/toolhouse.fi\/wp-content\/uploads\/2023\/05\/REDATS-LS-350-tunkki-300x300.jpg 300w, https:\/\/toolhouse.fi\/wp-content\/uploads\/2023\/05\/REDATS-LS-350-tunkki-100x100.jpg 100w, https:\/\/toolhouse.fi\/wp-content\/uploads\/2023\/05\/REDATS-LS-350-tunkki-510x510.jpg 510w, https:\/\/toolhouse.fi\/wp-content\/uploads\/2023\/05\/REDATS-LS-350-tunkki-150x150.jpg 150w, https:\/\/toolhouse.fi\/wp-content\/uploads\/2023\/05\/REDATS-LS-350-tunkki-768x768.jpg 768w\" sizes=\"(max-width: 269px) 100vw, 269px\" \/><\/p>\n","protected":false},"excerpt":{"rendered":"<div id=\"component_projector_dictionary\" class=\"component_projector_dictionary col-md-8 col-sm-12\">\n<div class=\"n56173_main\">\n<div class=\"n56173_sub\">\n<p>&nbsp;<\/p>\n<p><strong>Redats Ls-350<\/strong><\/p>\n<p>&nbsp;<\/p>\n<\/div>\n<ul>\n<li>Nostokapasiteetti: 3000 kg<\/li>\n<li>Pikanosto jalkavivulla<\/li>\n<li>Nostokorkeus: 140-495 mm<\/li>\n<li>Laskeutuu n\u00e4pp\u00e4r\u00e4sti kahvaa k\u00e4\u00e4nt\u00e4m\u00e4ll\u00e4<\/li>\n<li>Kumityyny joka suojaa autosi<\/li>\n<li>Paino 30 kg<\/li>\n<\/ul>\n<p>&nbsp;<\/p>\n<p>Pikapoljin tekee nostosta helppoa: polkimella satula nousee kerralla yl\u00f6s ja pumppaamalla kahvasta lopulliseen haluttuun korkeuteen<\/p>\n<div class=\"n56173_sub\">\n<p>&nbsp;<\/p>\n<\/div>\n<\/div>\n<\/div>\n<div class=\"projector_tags_wrapper col-md-8 col-sm-12\"><\/div>\n","protected":false},"featured_media":13290,"template":"","meta":{"_acf_changed":false,"_seopress_robots_primary_cat":"","_seopress_titles_title":"","_seopress_titles_desc":"","_seopress_robots_index":""},"product_cat":[455,287],"product_tag":[],"class_list":{"0":"post-13266","1":"product","2":"type-product","3":"status-publish","4":"has-post-thumbnail","6":"product_cat-ajoneuvonostimet","7":"product_cat-tunkit-pukit","8":"product_shipping_class-k-160-1090e","10":"first","11":"instock","12":"taxable","13":"shipping-taxable","14":"purchasable","15":"product-type-simple","swatches":"rey-swatches","show_selected":""},"acf":[],"_links":{"self":[{"href":"https:\/\/toolhouse.fi\/fi\/wp-json\/wp\/v2\/product\/13266","targetHints":{"allow":["GET"]}}],"collection":[{"href":"https:\/\/toolhouse.fi\/fi\/wp-json\/wp\/v2\/product"}],"about":[{"href":"https:\/\/toolhouse.fi\/fi\/wp-json\/wp\/v2\/types\/product"}],"version-history":[{"count":0,"href":"https:\/\/toolhouse.fi\/fi\/wp-json\/wp\/v2\/product\/13266\/revisions"}],"wp:featuredmedia":[{"embeddable":true,"href":"https:\/\/toolhouse.fi\/fi\/wp-json\/wp\/v2\/media\/13290"}],"wp:attachment":[{"href":"https:\/\/toolhouse.fi\/fi\/wp-json\/wp\/v2\/media?parent=13266"}],"wp:term":[{"taxonomy":"product_cat","embeddable":true,"href":"https:\/\/toolhouse.fi\/fi\/wp-json\/wp\/v2\/product_cat?post=13266"},{"taxonomy":"product_tag","embeddable":true,"href":"https:\/\/toolhouse.fi\/fi\/wp-json\/wp\/v2\/product_tag?post=13266"}],"curies":[{"name":"wp","href":"https:\/\/api.w.org\/{rel}","templated":true}]}}