{"id":13305,"date":"2023-05-07T09:16:49","date_gmt":"2023-05-07T06:16:49","guid":{"rendered":"https:\/\/toolhouse.fi\/produkt\/cormak-sm100\/"},"modified":"2023-07-10T05:47:21","modified_gmt":"2023-07-10T02:47:21","slug":"cormak-sm100","status":"publish","type":"product","link":"https:\/\/toolhouse.fi\/fi\/tuote\/cormak-sm100\/","title":{"rendered":"Cormak SM100"},"content":{"rendered":"<p>&nbsp;<\/p>\n<table border=\"1\" cellspacing=\"0\" cellpadding=\"4\">\n<tbody>\n<tr>\n<td width=\"60%\">Teho<\/p>\n<p>J\u00e4nnite<\/td>\n<td width=\"40%\"><strong>1,5 kW<\/strong><\/p>\n<p><strong>400V, 50 Hz<\/strong><\/td>\n<\/tr>\n<tr>\n<td width=\"60%\">Hiomanauhan koko<\/td>\n<td width=\"40%\"><b>1220<\/b><b>\u00d7<\/b><b>100 mm<\/b><\/td>\n<\/tr>\n<tr>\n<td width=\"60%\">Nopeudet<\/td>\n<td width=\"40%\"><strong>9.5\/19 [m\/sec]<\/strong><\/td>\n<\/tr>\n<tr>\n<td width=\"60%\">Mitat<\/td>\n<td width=\"40%\"><strong>630\u00d7410\u00d7910 mm<\/strong><\/td>\n<\/tr>\n<tr>\n<td width=\"60%\">Paino (ilman jalusta)<\/td>\n<td width=\"40%\"><strong>44 kg<\/strong><\/td>\n<\/tr>\n<tr>\n<td width=\"60%\">Takuu<\/p>\n<p>Ce-hyv\u00e4ksytty<\/td>\n<td width=\"40%\">12 kuukausi<\/p>\n<p>Kyll\u00e4<\/td>\n<\/tr>\n<\/tbody>\n<\/table>\n","protected":false},"excerpt":{"rendered":"<ul>\n<li>2-nopeusmoottori<\/li>\n<li>Hiomanauha 100\u00a0mm x 1220 mm.<\/li>\n<li>2 hiomanopeutta 9.5\/19 [m\/s] mm, ter\u00e4ksen sek\u00e4 muiden materiaalien hiontaan<\/li>\n<li>Kipin\u00e4suoja.<\/li>\n<li>P\u00f6lynpoistoliit\u00e4nt\u00e4.<\/li>\n<li>Nopea ja k\u00e4ytt\u00e4j\u00e4yst\u00e4v\u00e4llinen nauhan vaihto<\/li>\n<li>Moottorin suojakytkin.<\/li>\n<li>Tuki hiottavalle kappaleelle.<\/li>\n<li>Tukeva jalusta<\/li>\n<li>400V \/ 1,5 kW<\/li>\n<\/ul>\n<p>&nbsp;<\/p>\n<p><strong>Cormak SM100<\/strong> tehokas 2-nopeusmoottorilla varustettu nauhahiomakone soveltuu ter\u00e4ksen sek\u00e4 muiden materiaalien hiontaan.<\/p>\n<p>&nbsp;<\/p>\n","protected":false},"featured_media":13304,"template":"","meta":{"_acf_changed":false,"_seopress_robots_primary_cat":"","_seopress_titles_title":"","_seopress_titles_desc":"","_seopress_robots_index":"","_seopress_analysis_target_kw":""},"product_cat":[307],"product_tag":[],"class_list":{"0":"post-13305","1":"product","2":"type-product","3":"status-publish","4":"has-post-thumbnail","6":"product_cat-nauhahiomakoneet","7":"product_shipping_class-h-370-43e","9":"first","10":"instock","11":"taxable","12":"shipping-taxable","13":"purchasable","14":"product-type-simple","swatches":"rey-swatches","show_selected":""},"acf":[],"_links":{"self":[{"href":"https:\/\/toolhouse.fi\/fi\/wp-json\/wp\/v2\/product\/13305","targetHints":{"allow":["GET"]}}],"collection":[{"href":"https:\/\/toolhouse.fi\/fi\/wp-json\/wp\/v2\/product"}],"about":[{"href":"https:\/\/toolhouse.fi\/fi\/wp-json\/wp\/v2\/types\/product"}],"version-history":[{"count":0,"href":"https:\/\/toolhouse.fi\/fi\/wp-json\/wp\/v2\/product\/13305\/revisions"}],"wp:featuredmedia":[{"embeddable":true,"href":"https:\/\/toolhouse.fi\/fi\/wp-json\/wp\/v2\/media\/13304"}],"wp:attachment":[{"href":"https:\/\/toolhouse.fi\/fi\/wp-json\/wp\/v2\/media?parent=13305"}],"wp:term":[{"taxonomy":"product_cat","embeddable":true,"href":"https:\/\/toolhouse.fi\/fi\/wp-json\/wp\/v2\/product_cat?post=13305"},{"taxonomy":"product_tag","embeddable":true,"href":"https:\/\/toolhouse.fi\/fi\/wp-json\/wp\/v2\/product_tag?post=13305"}],"curies":[{"name":"wp","href":"https:\/\/api.w.org\/{rel}","templated":true}]}}