{"id":13398,"date":"2023-05-12T15:31:34","date_gmt":"2023-05-12T12:31:34","guid":{"rendered":"https:\/\/toolhouse.fi\/produkt\/vannesahantera-m42-13x06x1640-10-14\/"},"modified":"2026-02-05T18:48:20","modified_gmt":"2026-02-05T16:48:20","slug":"vannesahantera-m42-13x06x1640-10-14","status":"publish","type":"product","link":"https:\/\/toolhouse.fi\/fi\/tuote\/vannesahantera-m42-13x06x1640-10-14\/","title":{"rendered":"Vannesahanter\u00e4 M42 13&#215;0,6&#215;1640 10\/14"},"content":{"rendered":"","protected":false},"excerpt":{"rendered":"<p>&nbsp;<\/p>\n<p>&nbsp;<\/p>\n<p>Laadukas Koronet Ultracut M42 Bimetal 13&#215;0,6&#215;1640 10\/14 yleister\u00e4 metallille.<\/p>\n<p>Ultracut M42 Bimetal- sopii k\u00e4ytett\u00e4v\u00e4ksi useimpiin kiinteiden ja paksusein\u00e4isten materiaalien sahauksiin, seostetulle ja seostamattomalle ter\u00e4kselle, valuraudalle sek\u00e4 ruostumattomalle ter\u00e4kselle.<\/p>\n<p>Muuttuva hammastus 10\/14<\/p>\n<p>Sopii: Cormak BS-128HDRC<\/p>\n<p>&nbsp;<\/p>\n<table>\n<tbody>\n<tr>\n<td>Sahater\u00e4n mitat<\/td>\n<td>13&#215;0,6&#215;1640 mm<\/td>\n<\/tr>\n<tr>\n<td>Valmistaja<\/td>\n<td>Koronet<\/td>\n<\/tr>\n<tr>\n<td>Valmistusmaa<\/td>\n<td>Saksa<\/td>\n<\/tr>\n<tr>\n<td>Hammastus<\/td>\n<td>10\/14<\/td>\n<\/tr>\n<tr>\n<td><\/td>\n<td><\/td>\n<\/tr>\n<tr>\n<td><\/td>\n<td><\/td>\n<\/tr>\n<tr>\n<td><\/td>\n<td><\/td>\n<\/tr>\n<\/tbody>\n<\/table>\n","protected":false},"featured_media":31075,"template":"","meta":{"_acf_changed":false,"_seopress_robots_primary_cat":"none","_seopress_titles_title":"","_seopress_titles_desc":"","_seopress_robots_index":""},"product_cat":[311],"product_tag":[],"class_list":{"0":"post-13398","1":"product","2":"type-product","3":"status-publish","4":"has-post-thumbnail","6":"product_cat-metallisahat","7":"product_shipping_class-tillbehor-790e","9":"first","10":"instock","11":"taxable","12":"shipping-taxable","13":"purchasable","14":"product-type-simple","swatches":"rey-swatches","show_selected":""},"acf":[],"_links":{"self":[{"href":"https:\/\/toolhouse.fi\/fi\/wp-json\/wp\/v2\/product\/13398","targetHints":{"allow":["GET"]}}],"collection":[{"href":"https:\/\/toolhouse.fi\/fi\/wp-json\/wp\/v2\/product"}],"about":[{"href":"https:\/\/toolhouse.fi\/fi\/wp-json\/wp\/v2\/types\/product"}],"version-history":[{"count":2,"href":"https:\/\/toolhouse.fi\/fi\/wp-json\/wp\/v2\/product\/13398\/revisions"}],"predecessor-version":[{"id":31073,"href":"https:\/\/toolhouse.fi\/fi\/wp-json\/wp\/v2\/product\/13398\/revisions\/31073"}],"wp:featuredmedia":[{"embeddable":true,"href":"https:\/\/toolhouse.fi\/fi\/wp-json\/wp\/v2\/media\/31075"}],"wp:attachment":[{"href":"https:\/\/toolhouse.fi\/fi\/wp-json\/wp\/v2\/media?parent=13398"}],"wp:term":[{"taxonomy":"product_cat","embeddable":true,"href":"https:\/\/toolhouse.fi\/fi\/wp-json\/wp\/v2\/product_cat?post=13398"},{"taxonomy":"product_tag","embeddable":true,"href":"https:\/\/toolhouse.fi\/fi\/wp-json\/wp\/v2\/product_tag?post=13398"}],"curies":[{"name":"wp","href":"https:\/\/api.w.org\/{rel}","templated":true}]}}