{"id":13402,"date":"2023-05-12T17:17:49","date_gmt":"2023-05-12T14:17:49","guid":{"rendered":"https:\/\/toolhouse.fi\/produkt\/leikkuuneste-es-12-5l\/"},"modified":"2025-06-13T08:35:00","modified_gmt":"2025-06-13T05:35:00","slug":"leikkuuneste-es-12-5l","status":"publish","type":"product","link":"https:\/\/toolhouse.fi\/fi\/tuote\/leikkuuneste-es-12-5l\/","title":{"rendered":"Leikkuuneste ES-12 5L"},"content":{"rendered":"","protected":false},"excerpt":{"rendered":"<p>ES-12 -emulgoituvaa leikkuunestett\u00e4 k\u00e4ytet\u00e4\u00e4n j\u00e4\u00e4hdytt\u00e4v\u00e4n\u00e4, voitelevana ja suojamaan ruosteelta ter\u00e4ksen,<br \/>\nvaluraudan ja ei-rautametallien ja niiden seosten ty\u00f6st\u00f6n aikana.<br \/>\nES-12 suositeltu seossuhde: 5\u201315% veteen.<\/p>\n<p>&nbsp;<\/p>\n<table>\n<tbody>\n<tr>\n<td><\/td>\n<td><\/td>\n<\/tr>\n<tr>\n<td>Valmistaja<\/td>\n<td>Carex oil<\/td>\n<\/tr>\n<tr>\n<td>Valmistusmaa<\/td>\n<td>Puola<\/td>\n<\/tr>\n<tr>\n<td>M\u00e4\u00e4r\u00e4<\/td>\n<td>5 L<\/td>\n<\/tr>\n<\/tbody>\n<\/table>\n","protected":false},"featured_media":31064,"template":"","meta":{"_acf_changed":false,"_seopress_robots_primary_cat":"","_seopress_titles_title":"","_seopress_titles_desc":"","_seopress_robots_index":""},"product_cat":[311,473,258],"product_tag":[],"class_list":{"0":"post-13402","1":"product","2":"type-product","3":"status-publish","4":"has-post-thumbnail","6":"product_cat-metallisahat","7":"product_cat-metallityon-tarvikkeet","8":"product_cat-pylvasporakoneet","9":"product_shipping_class-tillbehor-790e","11":"first","12":"instock","13":"taxable","14":"shipping-taxable","15":"purchasable","16":"product-type-simple","swatches":"rey-swatches","show_selected":""},"acf":[],"_links":{"self":[{"href":"https:\/\/toolhouse.fi\/fi\/wp-json\/wp\/v2\/product\/13402","targetHints":{"allow":["GET"]}}],"collection":[{"href":"https:\/\/toolhouse.fi\/fi\/wp-json\/wp\/v2\/product"}],"about":[{"href":"https:\/\/toolhouse.fi\/fi\/wp-json\/wp\/v2\/types\/product"}],"version-history":[{"count":0,"href":"https:\/\/toolhouse.fi\/fi\/wp-json\/wp\/v2\/product\/13402\/revisions"}],"wp:featuredmedia":[{"embeddable":true,"href":"https:\/\/toolhouse.fi\/fi\/wp-json\/wp\/v2\/media\/31064"}],"wp:attachment":[{"href":"https:\/\/toolhouse.fi\/fi\/wp-json\/wp\/v2\/media?parent=13402"}],"wp:term":[{"taxonomy":"product_cat","embeddable":true,"href":"https:\/\/toolhouse.fi\/fi\/wp-json\/wp\/v2\/product_cat?post=13402"},{"taxonomy":"product_tag","embeddable":true,"href":"https:\/\/toolhouse.fi\/fi\/wp-json\/wp\/v2\/product_tag?post=13402"}],"curies":[{"name":"wp","href":"https:\/\/api.w.org\/{rel}","templated":true}]}}