{"id":13417,"date":"2023-05-13T16:12:22","date_gmt":"2023-05-13T13:12:22","guid":{"rendered":"https:\/\/toolhouse.fi\/produkt\/metallipyorosaha-js355e\/"},"modified":"2026-02-04T11:20:16","modified_gmt":"2026-02-04T09:20:16","slug":"metallipyorosaha-js355e","status":"publish","type":"product","link":"https:\/\/toolhouse.fi\/fi\/tuote\/metallipyorosaha-js355e\/","title":{"rendered":"Metallipy\u00f6r\u00f6saha JS355E"},"content":{"rendered":"<table border=\"1\" cellspacing=\"0\" cellpadding=\"4\">\n<tbody>\n<tr>\n<td width=\"50%\">Valmistaja<\/p>\n<p>Malli<\/p>\n<p>Ter\u00e4n halkaisija<\/td>\n<td width=\"50%\"><strong>Cormak<\/strong><\/p>\n<p><strong>JS355E<\/strong><\/p>\n<p><strong>\u00d8 355 mm, keskireik\u00e4 <\/strong><strong>\u00d8\u00a0<\/strong><strong>25.4 mm<\/strong><\/td>\n<\/tr>\n<tr>\n<td width=\"50%\">90\u00b0 Maksimi leikkuusyvyys<\/p>\n<p>45\u00b0 Maksimi leikkuusyvyys<\/td>\n<td width=\"50%\"><strong>\u00d8 130 mm py\u00f6re\u00e4lle tangolle<\/strong><\/p>\n<p><strong>\u00d8 90 mm py\u00f6re\u00e4lle tangolle<\/strong><\/td>\n<\/tr>\n<tr>\n<td width=\"50%\">90\u00b0 Maksimi leikkuusyvyys<\/td>\n<td width=\"50%\"><b>90<\/b><b>\u00d7<\/b><b>190 mm profiilille<\/b><\/td>\n<\/tr>\n<tr>\n<td width=\"50%\">Py\u00f6rimisnopeus<\/td>\n<td width=\"50%\"><strong>1200\u00a0rpm<\/strong><\/td>\n<\/tr>\n<tr>\n<td width=\"50%\">Pikakiinnitys<\/td>\n<td width=\"50%\"><strong>Quick lock<\/strong><\/td>\n<\/tr>\n<tr>\n<td width=\"50%\">Kovametallipalater\u00e4<\/td>\n<td width=\"50%\"><strong>355 mm<\/strong><\/td>\n<\/tr>\n<tr>\n<td width=\"50%\">Teho<\/p>\n<p>J\u00e4nnite (V)<\/td>\n<td width=\"50%\"><strong>2300 W<\/strong><\/p>\n<p>&nbsp;<\/p>\n<p><strong>230V\/ 50 Hz<\/strong><\/td>\n<\/tr>\n<tr>\n<td width=\"50%\">Mitat<\/p>\n<p>Paino<\/td>\n<td width=\"50%\"><b>595<\/b><b>\u00d7<\/b><strong>390\u00d7458 mm<\/strong><\/p>\n<p><strong>27 kg<\/strong><\/td>\n<\/tr>\n<tr>\n<td width=\"50%\">Ce-hyv\u00e4ksytty<\/td>\n<td width=\"50%\"><strong>Kyll\u00e4<\/strong><\/td>\n<\/tr>\n<tr>\n<td width=\"50%\">Takuu<\/td>\n<td width=\"50%\"><strong>\u00a012 kuukautta<\/strong><\/td>\n<\/tr>\n<\/tbody>\n<\/table>\n<p>&nbsp;<\/p>\n","protected":false},"excerpt":{"rendered":"<ul>\n<li style=\"font-weight: 400;\">0\u201345\u00b0:n kulma-asetus viistoille leikkauksille.<\/li>\n<li>Turvamekanismi, jonka ansiosta ter\u00e4 tulee n\u00e4kyviin vain sahattaessa.<\/li>\n<li style=\"font-weight: 400;\">Ruuvipuristimen pikas\u00e4\u00e4t\u00f6<\/li>\n<li style=\"font-weight: 400;\">Syvyysrajoitin<\/li>\n<li style=\"font-weight: 400;\">Lastujenkeruus\u00e4ili\u00f6.<\/li>\n<li style=\"font-weight: 400;\">Varmuuskytkin.<\/li>\n<li>355 mm kovametallipalater\u00e4<\/li>\n<li>230 V \/ 2300 W<\/li>\n<li>Paino 27 kg<\/li>\n<\/ul>\n<h3><\/h3>\n<h3>Cormak JS355E<\/h3>\n<p style=\"font-weight: 400;\">Jopa 100 % kipin\u00e4t\u00f6n: kylm\u00e4leikkaus turvalliseen ty\u00f6skentelyyn ilman p\u00f6ly\u00e4.<\/p>\n<p>Pitk\u00e4ik\u00e4inen ja kest\u00e4v\u00e4 saha valualumiinista valmistetun rungon ansiosta.<\/p>\n<p>&nbsp;<\/p>\n<p style=\"font-weight: 400;\">Katkaisee nopeasti ja tarkasti: maksimaalinen ty\u00f6n eteneminen minimaalisella j\u00e4lkity\u00f6ll\u00e4.<\/p>\n<p style=\"font-weight: 400;\">K\u00e4ytett\u00e4viss\u00e4 monipuolisesti: sopiva sahanter\u00e4 jokaiselle materiaalille.<\/p>\n<p style=\"font-weight: 400;\">\n","protected":false},"featured_media":13416,"template":"","meta":{"_acf_changed":false,"_seopress_robots_primary_cat":"","_seopress_titles_title":"","_seopress_titles_desc":"","_seopress_robots_index":""},"product_cat":[311],"product_tag":[],"class_list":{"0":"post-13417","1":"product","2":"type-product","3":"status-publish","4":"has-post-thumbnail","6":"product_cat-metallisahat","7":"product_shipping_class-frakt-1390-fi","9":"first","10":"outofstock","11":"taxable","12":"shipping-taxable","13":"purchasable","14":"product-type-simple","swatches":"rey-swatches","show_selected":""},"acf":[],"_links":{"self":[{"href":"https:\/\/toolhouse.fi\/fi\/wp-json\/wp\/v2\/product\/13417","targetHints":{"allow":["GET"]}}],"collection":[{"href":"https:\/\/toolhouse.fi\/fi\/wp-json\/wp\/v2\/product"}],"about":[{"href":"https:\/\/toolhouse.fi\/fi\/wp-json\/wp\/v2\/types\/product"}],"version-history":[{"count":0,"href":"https:\/\/toolhouse.fi\/fi\/wp-json\/wp\/v2\/product\/13417\/revisions"}],"wp:featuredmedia":[{"embeddable":true,"href":"https:\/\/toolhouse.fi\/fi\/wp-json\/wp\/v2\/media\/13416"}],"wp:attachment":[{"href":"https:\/\/toolhouse.fi\/fi\/wp-json\/wp\/v2\/media?parent=13417"}],"wp:term":[{"taxonomy":"product_cat","embeddable":true,"href":"https:\/\/toolhouse.fi\/fi\/wp-json\/wp\/v2\/product_cat?post=13417"},{"taxonomy":"product_tag","embeddable":true,"href":"https:\/\/toolhouse.fi\/fi\/wp-json\/wp\/v2\/product_tag?post=13417"}],"curies":[{"name":"wp","href":"https:\/\/api.w.org\/{rel}","templated":true}]}}