{"id":13462,"date":"2023-05-16T16:19:02","date_gmt":"2023-05-16T13:19:02","guid":{"rendered":"https:\/\/toolhouse.fi\/produkt\/kiinnitystyokalusarja-m12-14mm-58-pcs\/"},"modified":"2026-04-20T19:34:45","modified_gmt":"2026-04-20T16:34:45","slug":"kiinnitystyokalusarja-m12-14mm-58-osaa","status":"publish","type":"product","link":"https:\/\/toolhouse.fi\/fi\/tuote\/kiinnitystyokalusarja-m12-14mm-58-osaa\/","title":{"rendered":"Kiinnitysty\u00f6kalusarja M12\/14mm 58 osaa"},"content":{"rendered":"","protected":false},"excerpt":{"rendered":"<h3><\/h3>\n<h4>Laadukas <strong>Cormak <\/strong>58-osainen kiinnitysty\u00f6kalusarja on tarkoitettu esim ty\u00f6kappaleiden kiinnitykseen pora- tai jyrsinkoneiden p\u00f6ytiin. Kierteen koko M12. T-urien koko 14mm.<\/h4>\n<p>&nbsp;<\/p>\n<p>&nbsp;<\/p>\n<p><strong>Sarja sis\u00e4lt\u00e4\u00e4:<\/strong><\/p>\n<ul>\n<li>Pidennysmutteri<strong>&#8211; 4 kpl.<\/strong><\/li>\n<li><span class=\"base\" data-ui-id=\"page-title-wrapper\">T-uramutteri<\/span><strong style=\"color: #333333;\">&#8211; 6 kpl.<\/strong><\/li>\n<li>Laippamutteri <strong>&#8211; 6 kpl.<\/strong><\/li>\n<li>Vastepala (3 mallia, 4 kpl jokaista mallia ) <strong>&#8211; 12 kpl.<\/strong><\/li>\n<li class=\"item 4\">Kiinnitysrauta (3 mallia, 2 kpl jokaista mallia ) <strong>&#8211; 6 kpl.<\/strong><\/li>\n<li>Pinnapultti 75 mm <strong>&#8211; 4 kpl.<\/strong><\/li>\n<li>Pinnapultti 100 mm <strong>&#8211; 4 kpl.<\/strong><\/li>\n<li>Pinnapultti 125 mm <strong>&#8211; 4 kpl.<\/strong><\/li>\n<li>Pinnapultti 150 mm <strong>&#8211; 4 kpl.<\/strong><\/li>\n<li>Pinnapultti 175 mm <strong>&#8211; 4 kpl.<\/strong><\/li>\n<li>Pinnapultti 200 mm <strong>&#8211; 4 kpl.<\/strong><\/li>\n<\/ul>\n<p>&nbsp;<\/p>\n<p><img alt=\"\" fetchpriority=\"high\" decoding=\"async\" class=\"alignnone wp-image-13458 \" src=\"http:\/\/toolhouse.fi\/wp-content\/uploads\/2023\/05\/kiinnitystyokalusarja-m12-14mm-cormak.jpg\" alt=\"\" width=\"520\" height=\"293\" srcset=\"https:\/\/toolhouse.fi\/wp-content\/uploads\/2023\/05\/kiinnitystyokalusarja-m12-14mm-cormak.jpg 1000w, https:\/\/toolhouse.fi\/wp-content\/uploads\/2023\/05\/kiinnitystyokalusarja-m12-14mm-cormak-300x169.jpg 300w, https:\/\/toolhouse.fi\/wp-content\/uploads\/2023\/05\/kiinnitystyokalusarja-m12-14mm-cormak-510x288.jpg 510w, https:\/\/toolhouse.fi\/wp-content\/uploads\/2023\/05\/kiinnitystyokalusarja-m12-14mm-cormak-768x433.jpg 768w\" sizes=\"(max-width: 520px) 100vw, 520px\" \/><\/p>\n<p>&nbsp;<\/p>\n<p>&nbsp;<\/p>\n","protected":false},"featured_media":13461,"template":"","meta":{"_acf_changed":false,"_seopress_robots_primary_cat":"","_seopress_titles_title":"","_seopress_titles_desc":"","_seopress_robots_index":""},"product_cat":[473,258],"product_tag":[],"class_list":{"0":"post-13462","1":"product","2":"type-product","3":"status-publish","4":"has-post-thumbnail","6":"product_cat-metallityon-tarvikkeet","7":"product_cat-pylvasporakoneet","8":"product_shipping_class-tillbehor-790e","10":"first","11":"instock","12":"taxable","13":"shipping-taxable","14":"purchasable","15":"product-type-simple","swatches":"rey-swatches","show_selected":""},"acf":[],"_links":{"self":[{"href":"https:\/\/toolhouse.fi\/fi\/wp-json\/wp\/v2\/product\/13462","targetHints":{"allow":["GET"]}}],"collection":[{"href":"https:\/\/toolhouse.fi\/fi\/wp-json\/wp\/v2\/product"}],"about":[{"href":"https:\/\/toolhouse.fi\/fi\/wp-json\/wp\/v2\/types\/product"}],"version-history":[{"count":1,"href":"https:\/\/toolhouse.fi\/fi\/wp-json\/wp\/v2\/product\/13462\/revisions"}],"predecessor-version":[{"id":20608,"href":"https:\/\/toolhouse.fi\/fi\/wp-json\/wp\/v2\/product\/13462\/revisions\/20608"}],"wp:featuredmedia":[{"embeddable":true,"href":"https:\/\/toolhouse.fi\/fi\/wp-json\/wp\/v2\/media\/13461"}],"wp:attachment":[{"href":"https:\/\/toolhouse.fi\/fi\/wp-json\/wp\/v2\/media?parent=13462"}],"wp:term":[{"taxonomy":"product_cat","embeddable":true,"href":"https:\/\/toolhouse.fi\/fi\/wp-json\/wp\/v2\/product_cat?post=13462"},{"taxonomy":"product_tag","embeddable":true,"href":"https:\/\/toolhouse.fi\/fi\/wp-json\/wp\/v2\/product_tag?post=13462"}],"curies":[{"name":"wp","href":"https:\/\/api.w.org\/{rel}","templated":true}]}}