{"id":13604,"date":"2023-06-06T14:54:05","date_gmt":"2023-06-06T11:54:05","guid":{"rendered":"https:\/\/toolhouse.fi\/produkt\/roach-raivauspaa\/"},"modified":"2026-02-07T18:29:29","modified_gmt":"2026-02-07T16:29:29","slug":"roach-raivauspaa","status":"publish","type":"product","link":"https:\/\/toolhouse.fi\/fi\/tuote\/roach-raivauspaa\/","title":{"rendered":"Roach raivausp\u00e4\u00e4"},"content":{"rendered":"","protected":false},"excerpt":{"rendered":"<p><strong>Roach Spindle Kit on eritt\u00e4in yksinkertainen ratkaisu ilman ruuveja, jousia ja ilman ongelmaa.<\/strong><\/p>\n<p>&nbsp;<\/p>\n<p>T\u00e4m\u00e4n raivaussahan siimap\u00e4\u00e4-sarjan avulla saat ty\u00f6n tehty\u00e4 nopeasti ja tehokkaasti, kevlarlanka kest\u00e4\u00e4 pitk\u00e4\u00e4n!<\/p>\n<p>Roach raivaa vadelmapensaikon ongelmitta, samoin nokkoset, ohdakkeet, vesakon ja my\u00f6s tavallisen nurmikon reunat ym.<\/p>\n<p>&nbsp;<\/p>\n<p>Kevlar-lanka on eritt\u00e4in kest\u00e4v\u00e4 ja my\u00f6s helppo vaihtaa, se kest\u00e4\u00e4 ajaa talon perustuksia, kivi\u00e4, lammasaitoja, pylv\u00e4it\u00e4 ja kaikkea muuta vastaa, jota et voinut p\u00e4\u00e4st\u00e4 l\u00e4helle ennen. (Katso tuotevideo).<\/p>\n<p>&nbsp;<\/p>\n<p>Trimmerip\u00e4\u00e4 on valmistettu alumiinista ja se on sek\u00e4 kevyt ett\u00e4 kest\u00e4v\u00e4.<\/p>\n<p>&nbsp;<\/p>\n<p>Roachilla voidaan ladata kahdella tai kolmella kaksoislangalla.<\/p>\n<p>&nbsp;<\/p>\n<p>Sarja sis\u00e4lt\u00e4\u00e4 40 metri\u00e4 Kevlar-lankaa, sovitinsarja, haka-avain ja ohjeet.<\/p>\n<p>&nbsp;<\/p>\n<p><strong>Tekniset tiedot:<\/strong><\/p>\n<p>Roach Spindle Kit sopii kaikkiin koneisiin, jotka voivat k\u00e4ytt\u00e4\u00e4 sahanter\u00e4\u00e4. Trimmerip\u00e4\u00e4 sopii kohtaan, jossa sahanter\u00e4n tulisi normaalisti istua kulmavaihteella.<\/p>\n<p>&nbsp;<\/p>\n<p>Laikkakiinnikkeit\u00e4 on vain 20 mm tai 25 mm riippumatta raivaussahojen merkist\u00e4 tai i\u00e4st\u00e4, valitse sahallesi sopiva sovitin ja asentaa. Mukana sovittimet.<\/p>\n<p>&nbsp;<\/p>\n<p><strong>HUOM<\/strong> \u2013 trimmerip\u00e4\u00e4t\u00e4 ei voi asentaa pieniin trimmeriin, joiden akseli on kaareva.<\/p>\n<div id=\"wb_Text3\">\n<p><a href=\"https:\/\/www.youtube.com\/watch?v=9QQ8JJyJepY\"><img alt=\"\" decoding=\"async\" class=\"alignnone wp-image-13409\" src=\"http:\/\/toolhouse.fi\/wp-content\/uploads\/2023\/05\/6-61265_-play-button-150x150.jpg\" alt=\"\" width=\"30\" height=\"30\" srcset=\"https:\/\/toolhouse.fi\/wp-content\/uploads\/2023\/05\/6-61265_-play-button-150x150.jpg 150w, https:\/\/toolhouse.fi\/wp-content\/uploads\/2023\/05\/6-61265_-play-button-300x313.jpg 300w, https:\/\/toolhouse.fi\/wp-content\/uploads\/2023\/05\/6-61265_-play-button-100x100.jpg 100w, https:\/\/toolhouse.fi\/wp-content\/uploads\/2023\/05\/6-61265_-play-button-510x532.jpg 510w, https:\/\/toolhouse.fi\/wp-content\/uploads\/2023\/05\/6-61265_-play-button-288x300.jpg 288w, https:\/\/toolhouse.fi\/wp-content\/uploads\/2023\/05\/6-61265_-play-button-768x801.jpg 768w, https:\/\/toolhouse.fi\/wp-content\/uploads\/2023\/05\/6-61265_-play-button.jpg 920w\" sizes=\"(max-width: 30px) 100vw, 30px\" \/>Linkki tuotevideoon<\/a><\/p>\n<\/div>\n<div><\/div>\n<div>\n<table class=\"n54117_dictionary\">\n<tbody>\n<tr>\n<td class=\"n54117_item_a1\"><span class=\"n67256colon\">Valmistaja:<\/span><\/td>\n<td class=\"n54117_item_b1\">\n<div class=\"n54117_item_b_sub\"><span class=\"n54117_name_sub\">Roach<\/span><\/div>\n<\/td>\n<\/tr>\n<tr>\n<td class=\"n54117_item_a2\">Valmistusmaa <span class=\"n67256colon\">:<\/span><\/td>\n<td class=\"n54117_item_b2\">\n<div class=\"n54117_item_b_sub\">Ruotsi<\/div>\n<\/td>\n<\/tr>\n<tr>\n<td class=\"n54117_item_a1\">Kiinnitys :<\/td>\n<td class=\"n54117_item_b1\">\n<div class=\"n54117_item_b_sub\">20 mm \/ 25 mm<\/div>\n<\/td>\n<\/tr>\n<tr>\n<td class=\"n54117_item_a2\"><span class=\"n67256colon\">Kierre:<\/span><\/td>\n<td class=\"n54117_item_b2\">\n<div class=\"n54117_item_b_sub\">Vasen<\/div>\n<\/td>\n<\/tr>\n<tr>\n<td class=\"n54117_item_a1\">Materiaali <span class=\"n67256colon\">:<\/span><\/td>\n<td class=\"n54117_item_b1\">\n<div class=\"n54117_item_b_sub\">Alumiini<\/div>\n<\/td>\n<\/tr>\n<tr>\n<td class=\"n54117_item_a2\">Lanka :<\/td>\n<td class=\"n54117_item_b2\">\n<div class=\"n54117_item_b_sub\">Kevlar \/ 40 m<\/div>\n<\/td>\n<\/tr>\n<tr>\n<td class=\"n54117_item_b1\">\n<div><\/div>\n<\/td>\n<\/tr>\n<\/tbody>\n<\/table>\n<p><img alt=\"\" fetchpriority=\"high\" decoding=\"async\" class=\"alignnone wp-image-13605 size-full\" src=\"http:\/\/toolhouse.fi\/wp-content\/uploads\/2023\/06\/roach-Raivauspaa.jpg\" alt=\"\" width=\"716\" height=\"373\" srcset=\"https:\/\/toolhouse.fi\/wp-content\/uploads\/2023\/06\/roach-Raivauspaa.jpg 716w, https:\/\/toolhouse.fi\/wp-content\/uploads\/2023\/06\/roach-Raivauspaa-300x156.jpg 300w, https:\/\/toolhouse.fi\/wp-content\/uploads\/2023\/06\/roach-Raivauspaa-510x266.jpg 510w\" sizes=\"(max-width: 716px) 100vw, 716px\" \/><\/p>\n<\/div>\n","protected":false},"featured_media":13583,"template":"","meta":{"_acf_changed":false,"_seopress_robots_primary_cat":"none","_seopress_titles_title":"","_seopress_titles_desc":"","_seopress_robots_index":""},"product_cat":[780,783],"product_tag":[],"class_list":{"0":"post-13604","1":"product","2":"type-product","3":"status-publish","4":"has-post-thumbnail","6":"product_cat-piha-puutarha","7":"product_cat-raivaussahat-trimmerit","8":"product_shipping_class-tillbehor-790e","10":"first","11":"outofstock","12":"taxable","13":"shipping-taxable","14":"purchasable","15":"product-type-simple","swatches":"rey-swatches","show_selected":""},"acf":[],"_links":{"self":[{"href":"https:\/\/toolhouse.fi\/fi\/wp-json\/wp\/v2\/product\/13604","targetHints":{"allow":["GET"]}}],"collection":[{"href":"https:\/\/toolhouse.fi\/fi\/wp-json\/wp\/v2\/product"}],"about":[{"href":"https:\/\/toolhouse.fi\/fi\/wp-json\/wp\/v2\/types\/product"}],"version-history":[{"count":1,"href":"https:\/\/toolhouse.fi\/fi\/wp-json\/wp\/v2\/product\/13604\/revisions"}],"predecessor-version":[{"id":31149,"href":"https:\/\/toolhouse.fi\/fi\/wp-json\/wp\/v2\/product\/13604\/revisions\/31149"}],"wp:featuredmedia":[{"embeddable":true,"href":"https:\/\/toolhouse.fi\/fi\/wp-json\/wp\/v2\/media\/13583"}],"wp:attachment":[{"href":"https:\/\/toolhouse.fi\/fi\/wp-json\/wp\/v2\/media?parent=13604"}],"wp:term":[{"taxonomy":"product_cat","embeddable":true,"href":"https:\/\/toolhouse.fi\/fi\/wp-json\/wp\/v2\/product_cat?post=13604"},{"taxonomy":"product_tag","embeddable":true,"href":"https:\/\/toolhouse.fi\/fi\/wp-json\/wp\/v2\/product_tag?post=13604"}],"curies":[{"name":"wp","href":"https:\/\/api.w.org\/{rel}","templated":true}]}}