{"id":1375,"date":"2020-10-11T21:02:47","date_gmt":"2020-10-11T18:02:47","guid":{"rendered":"https:\/\/toolhouse.fi\/produkt\/cormak-125-mm-2-akselinen-koneruuvipuristin\/"},"modified":"2023-01-11T12:00:27","modified_gmt":"2023-01-11T10:00:27","slug":"cormak-125-mm-2-akselinen-koneruuvipuristin","status":"publish","type":"product","link":"https:\/\/toolhouse.fi\/fi\/tuote\/cormak-125-mm-2-akselinen-koneruuvipuristin\/","title":{"rendered":"Cormak 125 mm 2-akselinen koneruuvipuristin ."},"content":{"rendered":"<p><img decoding=\"async\" src=\"http:\/\/www.koro.net.pl\/allegro\/fotos\/imadlokolyskowe_big.jpg\" \/><\/p>\n<table border=\"&quot;1&quot;\" cellspacing=\"&quot;0&quot;\" cellpadding=\"&quot;4&quot;\">\n<tbody>\n<tr>\n<td>S<\/td>\n<td>a\u00a0<sub>m<\/sub><\/td>\n<td>h<\/td>\n<td>A<\/td>\n<td>D<\/td>\n<td>H<\/td>\n<td>L<\/td>\n<td>Puristusvoima<\/td>\n<td>Paino<\/td>\n<\/tr>\n<tr>\n<td><strong>125<\/strong><\/p>\n<p><strong>[mm]<\/strong><\/td>\n<td><b>95<\/b><\/p>\n<p><strong>[mm]<\/strong><\/td>\n<td><b>45<\/b><\/p>\n<p><strong>[mm]<\/strong><\/td>\n<td><strong>230<\/strong><\/p>\n<p><strong>[mm]<\/strong><\/td>\n<td><strong>18<\/strong><\/p>\n<p><strong>[mm]<\/strong><\/td>\n<td><strong>166<\/strong><\/p>\n<p><strong>[mm]<\/strong><\/td>\n<td><strong>372<\/strong><\/p>\n<p><strong>[mm]<\/strong><\/td>\n<td><strong>3000<\/strong><\/p>\n<p><strong>[kg]<\/strong><\/td>\n<td><b>23<\/b><\/p>\n<p><strong>[kg]<\/strong><\/td>\n<\/tr>\n<\/tbody>\n<\/table>\n","protected":false},"excerpt":{"rendered":"<p><strong>Cormak 125 koneruuvipuristin .<\/strong><\/p>\n<p>Laadukas ruuvipuristin vaativaan k\u00e4ytt\u00f6\u00f6n.<br \/>\nVahva valurautarakenne k\u00e4\u00e4nt\u00f6jalustalla.<br \/>\nK\u00e4\u00e4nnett\u00e4v\u00e4 360\u00b0 ja kallistettava 90\u00b0.<br \/>\nSuorat, karkaistut (55+- 3HRC) ty\u00f6kaluter\u00e4ksest\u00e4 valmistettu, ja hiotut leuat.<br \/>\nSuljettu ja suojattu mekanismi, johderuuvi on hyvin suojattuna liikkuvan leuan sis\u00e4ll\u00e4<br \/>\nMitta- ja toistotarkkuus ovat eritt\u00e4in hyv\u00e4t.<\/p>\n","protected":false},"featured_media":1357,"template":"","meta":{"_acf_changed":false,"_seopress_robots_primary_cat":"","_seopress_titles_title":"","_seopress_titles_desc":"","_seopress_robots_index":""},"product_cat":[720],"product_tag":[],"class_list":{"0":"post-1375","1":"product","2":"type-product","3":"status-publish","4":"has-post-thumbnail","6":"product_cat-koneruuvipuristimet","7":"product_shipping_class-k-160-1090e","9":"first","10":"instock","11":"taxable","12":"shipping-taxable","13":"purchasable","14":"product-type-simple","swatches":"rey-swatches","show_selected":""},"acf":[],"_links":{"self":[{"href":"https:\/\/toolhouse.fi\/fi\/wp-json\/wp\/v2\/product\/1375","targetHints":{"allow":["GET"]}}],"collection":[{"href":"https:\/\/toolhouse.fi\/fi\/wp-json\/wp\/v2\/product"}],"about":[{"href":"https:\/\/toolhouse.fi\/fi\/wp-json\/wp\/v2\/types\/product"}],"version-history":[{"count":0,"href":"https:\/\/toolhouse.fi\/fi\/wp-json\/wp\/v2\/product\/1375\/revisions"}],"wp:featuredmedia":[{"embeddable":true,"href":"https:\/\/toolhouse.fi\/fi\/wp-json\/wp\/v2\/media\/1357"}],"wp:attachment":[{"href":"https:\/\/toolhouse.fi\/fi\/wp-json\/wp\/v2\/media?parent=1375"}],"wp:term":[{"taxonomy":"product_cat","embeddable":true,"href":"https:\/\/toolhouse.fi\/fi\/wp-json\/wp\/v2\/product_cat?post=1375"},{"taxonomy":"product_tag","embeddable":true,"href":"https:\/\/toolhouse.fi\/fi\/wp-json\/wp\/v2\/product_tag?post=1375"}],"curies":[{"name":"wp","href":"https:\/\/api.w.org\/{rel}","templated":true}]}}