{"id":1379,"date":"2020-10-12T21:34:49","date_gmt":"2020-10-12T18:34:49","guid":{"rendered":"https:\/\/toolhouse.fi\/produkt\/cormak-100-mm-2-akselinen-koneruuvipuristin\/"},"modified":"2025-06-03T18:04:38","modified_gmt":"2025-06-03T15:04:38","slug":"cormak-100-mm-2-akselinen-koneruuvipuristin","status":"publish","type":"product","link":"https:\/\/toolhouse.fi\/fi\/tuote\/cormak-100-mm-2-akselinen-koneruuvipuristin\/","title":{"rendered":"Cormak 100 mm 2-akselinen koneruuvipuristin ."},"content":{"rendered":"<p><img alt=\"\" fetchpriority=\"high\" decoding=\"async\" class=\"alignnone size-medium wp-image-3369\" src=\"http:\/\/toolhouse.fi\/wp-content\/uploads\/2020\/10\/koneruuvipuristin6-1-300x243.jpg\" alt=\"\" width=\"300\" height=\"243\" srcset=\"https:\/\/toolhouse.fi\/wp-content\/uploads\/2020\/10\/koneruuvipuristin6-1-300x243.jpg 300w, https:\/\/toolhouse.fi\/wp-content\/uploads\/2020\/10\/koneruuvipuristin6-1-1000x810.jpg 1000w, https:\/\/toolhouse.fi\/wp-content\/uploads\/2020\/10\/koneruuvipuristin6-1-1024x829.jpg 1024w, https:\/\/toolhouse.fi\/wp-content\/uploads\/2020\/10\/koneruuvipuristin6-1-768x622.jpg 768w, https:\/\/toolhouse.fi\/wp-content\/uploads\/2020\/10\/koneruuvipuristin6-1-400x324.jpg 400w, https:\/\/toolhouse.fi\/wp-content\/uploads\/2020\/10\/koneruuvipuristin6-1-700x567.jpg 700w, https:\/\/toolhouse.fi\/wp-content\/uploads\/2020\/10\/koneruuvipuristin6-1.jpg 1200w\" sizes=\"(max-width: 300px) 100vw, 300px\" \/><\/p>\n<p>&nbsp;<\/p>\n<table border=\"&quot;1&quot;\" cellspacing=\"&quot;0&quot;\" cellpadding=\"&quot;4&quot;\">\n<tbody>\n<tr>\n<td>S<\/td>\n<td>a\u00a0<sub>m<\/sub><\/td>\n<td>h<\/td>\n<td>A<\/td>\n<td>D<\/td>\n<td>H<\/td>\n<td>L<\/td>\n<td>Puristusvoima<\/td>\n<td>Paino<\/td>\n<\/tr>\n<tr>\n<td><strong>100<\/strong><\/p>\n<p><strong>[mm]<\/strong><\/td>\n<td><strong>80<\/strong><\/p>\n<p><strong>[mm]<\/strong><\/td>\n<td><b>40<\/b><\/p>\n<p><strong>[mm]<\/strong><\/td>\n<td><strong>178<\/strong><\/p>\n<p><strong>[mm]<\/strong><\/td>\n<td><strong>14<\/strong><\/p>\n<p><strong>[mm]<\/strong><\/td>\n<td><strong>154<\/strong><\/p>\n<p><strong>[mm]<\/strong><\/td>\n<td><strong>325<\/strong><\/p>\n<p><strong>[mm]<\/strong><\/td>\n<td><strong>2000<\/strong><\/p>\n<p><strong>[kg]<\/strong><\/td>\n<td><b>18<\/b><\/p>\n<p><strong>[kg]<\/strong><\/td>\n<\/tr>\n<\/tbody>\n<\/table>\n","protected":false},"excerpt":{"rendered":"<p><strong>Cormak 100 koneruuvipuristin .<\/strong><\/p>\n<p>Laadukas ruuvipuristin vaativaan k\u00e4ytt\u00f6\u00f6n.<br \/>\nVahva valurautarakenne k\u00e4\u00e4nt\u00f6jalustalla.<br \/>\nK\u00e4\u00e4nnett\u00e4v\u00e4 360\u00b0 ja kallistettava 90\u00b0.<br \/>\nSuorat, karkaistut (55+- 3HRC) ty\u00f6kaluter\u00e4ksest\u00e4 valmistettu, ja hiotut leuat.<br \/>\nSuljettu ja suojattu mekanismi, johderuuvi on hyvin suojattuna liikkuvan leuan sis\u00e4ll\u00e4<br \/>\nMitta- ja toistotarkkuus ovat eritt\u00e4in hyv\u00e4t.<\/p>\n","protected":false},"featured_media":1378,"template":"","meta":{"_acf_changed":false,"_seopress_robots_primary_cat":"","_seopress_titles_title":"","_seopress_titles_desc":"","_seopress_robots_index":""},"product_cat":[720],"product_tag":[],"class_list":{"0":"post-1379","1":"product","2":"type-product","3":"status-publish","4":"has-post-thumbnail","6":"product_cat-koneruuvipuristimet","7":"product_shipping_class-tillbehor-790e","9":"first","10":"instock","11":"taxable","12":"shipping-taxable","13":"purchasable","14":"product-type-simple","swatches":"rey-swatches","show_selected":""},"acf":[],"_links":{"self":[{"href":"https:\/\/toolhouse.fi\/fi\/wp-json\/wp\/v2\/product\/1379","targetHints":{"allow":["GET"]}}],"collection":[{"href":"https:\/\/toolhouse.fi\/fi\/wp-json\/wp\/v2\/product"}],"about":[{"href":"https:\/\/toolhouse.fi\/fi\/wp-json\/wp\/v2\/types\/product"}],"version-history":[{"count":0,"href":"https:\/\/toolhouse.fi\/fi\/wp-json\/wp\/v2\/product\/1379\/revisions"}],"wp:featuredmedia":[{"embeddable":true,"href":"https:\/\/toolhouse.fi\/fi\/wp-json\/wp\/v2\/media\/1378"}],"wp:attachment":[{"href":"https:\/\/toolhouse.fi\/fi\/wp-json\/wp\/v2\/media?parent=1379"}],"wp:term":[{"taxonomy":"product_cat","embeddable":true,"href":"https:\/\/toolhouse.fi\/fi\/wp-json\/wp\/v2\/product_cat?post=1379"},{"taxonomy":"product_tag","embeddable":true,"href":"https:\/\/toolhouse.fi\/fi\/wp-json\/wp\/v2\/product_tag?post=1379"}],"curies":[{"name":"wp","href":"https:\/\/api.w.org\/{rel}","templated":true}]}}