{"id":14034,"date":"2023-08-21T11:09:53","date_gmt":"2023-08-21T08:09:53","guid":{"rendered":"https:\/\/toolhouse.fi\/?post_type=product&#038;p=14034"},"modified":"2025-11-08T00:29:07","modified_gmt":"2025-11-07T22:29:07","slug":"icarsoft-38-pin-mb-adapter","status":"publish","type":"product","link":"https:\/\/toolhouse.fi\/fi\/tuote\/icarsoft-38-pin-mb-adapter\/","title":{"rendered":"iCarsoft 38 pin MB adapter"},"content":{"rendered":"","protected":false},"excerpt":{"rendered":"<p>Mercedes-Benz malleihin, joissa on k\u00e4yt\u00f6ss\u00e4 py\u00f6re\u00e4 38-pinninen pistoke.<\/p>\n<p>&nbsp;<\/p>\n<p><span style=\"color: #282828;\">Yhteensopiva\u00a0seuraavien mallien kanssa:\u00a0<\/span><\/p>\n<ul>\n<li>MB V3.0<\/li>\n<li>EU Pro<\/li>\n<li>Eu Max<\/li>\n<li>CR Pro+<\/li>\n<li>CR Pro<\/li>\n<li>CR MAX<\/li>\n<\/ul>\n","protected":false},"featured_media":14036,"template":"","meta":{"_acf_changed":false,"_seopress_robots_primary_cat":"","_seopress_titles_title":"","_seopress_titles_desc":"","_seopress_robots_index":""},"product_cat":[454,227],"product_tag":[],"class_list":{"0":"post-14034","1":"product","2":"type-product","3":"status-publish","4":"has-post-thumbnail","6":"product_cat-adapterit","7":"product_cat-vikakoodinlukijat","8":"product_shipping_class-tillbehor-490e","10":"first","11":"outofstock","12":"taxable","13":"shipping-taxable","14":"purchasable","15":"product-type-simple","swatches":"rey-swatches","show_selected":""},"acf":[],"_links":{"self":[{"href":"https:\/\/toolhouse.fi\/fi\/wp-json\/wp\/v2\/product\/14034","targetHints":{"allow":["GET"]}}],"collection":[{"href":"https:\/\/toolhouse.fi\/fi\/wp-json\/wp\/v2\/product"}],"about":[{"href":"https:\/\/toolhouse.fi\/fi\/wp-json\/wp\/v2\/types\/product"}],"version-history":[{"count":0,"href":"https:\/\/toolhouse.fi\/fi\/wp-json\/wp\/v2\/product\/14034\/revisions"}],"wp:featuredmedia":[{"embeddable":true,"href":"https:\/\/toolhouse.fi\/fi\/wp-json\/wp\/v2\/media\/14036"}],"wp:attachment":[{"href":"https:\/\/toolhouse.fi\/fi\/wp-json\/wp\/v2\/media?parent=14034"}],"wp:term":[{"taxonomy":"product_cat","embeddable":true,"href":"https:\/\/toolhouse.fi\/fi\/wp-json\/wp\/v2\/product_cat?post=14034"},{"taxonomy":"product_tag","embeddable":true,"href":"https:\/\/toolhouse.fi\/fi\/wp-json\/wp\/v2\/product_tag?post=14034"}],"curies":[{"name":"wp","href":"https:\/\/api.w.org\/{rel}","templated":true}]}}