{"id":14096,"date":"2023-09-06T14:35:04","date_gmt":"2023-09-06T11:35:04","guid":{"rendered":"https:\/\/toolhouse.fi\/?post_type=product&#038;p=14096"},"modified":"2024-11-25T08:30:31","modified_gmt":"2024-11-25T06:30:31","slug":"20t-hydrauliprassi","status":"publish","type":"product","link":"https:\/\/toolhouse.fi\/fi\/tuote\/20t-hydrauliprassi\/","title":{"rendered":"20T Hydraulipr\u00e4ssi."},"content":{"rendered":"<table class=\"n54117_dictionary\" style=\"height: 323px;\" width=\"290\">\n<tbody>\n<tr>\n<td class=\"n54117_item_a1\">Puristusvoima\u00a0\u00a0<span class=\"n67256colon\">:<\/span><\/td>\n<td class=\"n54117_item_b1\">\n<div class=\"n54117_item_b_sub\">20 t<\/div>\n<\/td>\n<\/tr>\n<tr>\n<td class=\"n54117_item_a2\">Ty\u00f6alue\u00a0<span class=\"n67256colon\">:<\/span><\/td>\n<td class=\"n54117_item_b2\">\n<div class=\"n54117_item_b_sub\">50 &#8211; 925 mm<\/div>\n<\/td>\n<\/tr>\n<tr>\n<td class=\"n54117_item_a1\">S\u00e4\u00e4dett\u00e4v\u00e4 p\u00f6yt\u00e4\u00a0<span class=\"n67256colon\">:<\/span><\/td>\n<td class=\"n54117_item_b1\">\n<div class=\"n54117_item_b_sub\">8 tasoa<\/div>\n<\/td>\n<\/tr>\n<tr>\n<td class=\"n54117_item_a2\">P\u00f6yd\u00e4n leveys\u00a0<span class=\"n67256colon\">:<\/span><\/td>\n<td class=\"n54117_item_b2\">\n<div class=\"n54117_item_b_sub\">500 mm<\/div>\n<\/td>\n<\/tr>\n<tr>\n<td class=\"n54117_item_a1\">P\u00f6yd\u00e4n syvyys\u00a0<span class=\"n67256colon\">:<\/span><\/td>\n<td class=\"n54117_item_b1\">\n<div class=\"n54117_item_b_sub\">124 mm<\/div>\n<\/td>\n<\/tr>\n<tr>\n<td class=\"n54117_item_a2\">Korkeus\u00a0<span class=\"n67256colon\">:<\/span><\/td>\n<td class=\"n54117_item_b2\">\n<div class=\"n54117_item_b_sub\">1670 mm<\/div>\n<\/td>\n<\/tr>\n<tr>\n<td class=\"n54117_item_a1\"><span class=\"n67256colon\">Leveys:<\/span><\/td>\n<td class=\"n54117_item_b1\">\n<div class=\"n54117_item_b_sub\">690 mm<\/div>\n<\/td>\n<\/tr>\n<tr>\n<td class=\"n54117_item_a2\">Vakiovarusteet::<\/td>\n<td class=\"n54117_item_b2\">\n<div class=\"n54117_item_b_sub\"><\/div>\n<div>Suojaverkko<\/div>\n<div>Kaksi v-alasinta<\/div>\n<div>K\u00e4sikahva\/poljin<\/div>\n<div>Paineilmapoljin<\/div>\n<\/td>\n<\/tr>\n<tr>\n<td class=\"n54117_item_a1\"><\/td>\n<td class=\"n54117_item_b1\">\n<div class=\"n54117_item_b_sub\"><\/div>\n<\/td>\n<\/tr>\n<tr>\n<td class=\"n54117_item_a2\">Paino:<\/td>\n<td class=\"n54117_item_b2\">\n<div class=\"n54117_item_b_sub\">130 kg<\/div>\n<\/td>\n<\/tr>\n<tr>\n<td class=\"n54117_item_a1\">CE-hyv\u00e4ksytty:<\/td>\n<td class=\"n54117_item_b1\">\n<div class=\"n54117_item_b_sub\">Kyll\u00e4<\/div>\n<\/td>\n<\/tr>\n<tr>\n<td class=\"n54117_item_a2\"><span class=\"n67256colon\">Takuu:<\/span><\/td>\n<td class=\"n54117_item_b2\">\n<div class=\"n54117_item_b_sub\">1 vuosi<\/div>\n<\/td>\n<\/tr>\n<\/tbody>\n<\/table>\n<p><img alt=\"\" fetchpriority=\"high\" decoding=\"async\" class=\"alignnone wp-image-14101 size-full\" src=\"http:\/\/toolhouse.fi\/wp-content\/uploads\/2023\/09\/20t-hydrauliprassit.jpg\" alt=\"\" width=\"1000\" height=\"1000\" srcset=\"https:\/\/toolhouse.fi\/wp-content\/uploads\/2023\/09\/20t-hydrauliprassit.jpg 1000w, https:\/\/toolhouse.fi\/wp-content\/uploads\/2023\/09\/20t-hydrauliprassit-300x300.jpg 300w, https:\/\/toolhouse.fi\/wp-content\/uploads\/2023\/09\/20t-hydrauliprassit-100x100.jpg 100w, https:\/\/toolhouse.fi\/wp-content\/uploads\/2023\/09\/20t-hydrauliprassit-510x510.jpg 510w, https:\/\/toolhouse.fi\/wp-content\/uploads\/2023\/09\/20t-hydrauliprassit-150x150.jpg 150w, https:\/\/toolhouse.fi\/wp-content\/uploads\/2023\/09\/20t-hydrauliprassit-768x768.jpg 768w\" sizes=\"(max-width: 1000px) 100vw, 1000px\" \/><\/p>\n","protected":false},"excerpt":{"rendered":"<h3 class=\"product-title product_title entry-title\"><strong><span class=\"Y2IQFc\" lang=\"fi\">20T paineilmahydraulinen hydraulipr\u00e4ssi vaativaan k\u00e4ytt\u00f6\u00f6n<\/span><\/strong><\/h3>\n<ul>\n<li>Vankka, hitsattu runko<\/li>\n<li>Voidaan k\u00e4ytt\u00e4\u00e4 kahvalla, polkimella tai paineilmapolkimella<\/li>\n<li>Puristusvoima\u00a0 20T<\/li>\n<li>Sivuttaissuunnassa liikuteltava puristussylinteri.<\/li>\n<li>Korkeuss\u00e4\u00e4dett\u00e4v\u00e4 ja irrotettava suojaverkko<\/li>\n<li>Kaksi v-alasinta<\/li>\n<li>Selke\u00e4 painemittari<\/li>\n<li>Vaihdettava puristusk\u00e4rki<\/li>\n<li>Paino 130kg<\/li>\n<\/ul>\n","protected":false},"featured_media":14098,"template":"","meta":{"_acf_changed":false,"_seopress_robots_primary_cat":"","_seopress_titles_title":"","_seopress_titles_desc":"","_seopress_robots_index":""},"product_cat":[138,620],"product_tag":[],"class_list":{"0":"post-14096","1":"product","2":"type-product","3":"status-publish","4":"has-post-thumbnail","6":"product_cat-hydrauliprassit","7":"product_cat-prassit","8":"product_shipping_class-m-201-94e","10":"first","11":"outofstock","12":"taxable","13":"shipping-taxable","14":"purchasable","15":"product-type-simple","swatches":"rey-swatches","show_selected":""},"acf":[],"_links":{"self":[{"href":"https:\/\/toolhouse.fi\/fi\/wp-json\/wp\/v2\/product\/14096","targetHints":{"allow":["GET"]}}],"collection":[{"href":"https:\/\/toolhouse.fi\/fi\/wp-json\/wp\/v2\/product"}],"about":[{"href":"https:\/\/toolhouse.fi\/fi\/wp-json\/wp\/v2\/types\/product"}],"version-history":[{"count":0,"href":"https:\/\/toolhouse.fi\/fi\/wp-json\/wp\/v2\/product\/14096\/revisions"}],"wp:featuredmedia":[{"embeddable":true,"href":"https:\/\/toolhouse.fi\/fi\/wp-json\/wp\/v2\/media\/14098"}],"wp:attachment":[{"href":"https:\/\/toolhouse.fi\/fi\/wp-json\/wp\/v2\/media?parent=14096"}],"wp:term":[{"taxonomy":"product_cat","embeddable":true,"href":"https:\/\/toolhouse.fi\/fi\/wp-json\/wp\/v2\/product_cat?post=14096"},{"taxonomy":"product_tag","embeddable":true,"href":"https:\/\/toolhouse.fi\/fi\/wp-json\/wp\/v2\/product_tag?post=14096"}],"curies":[{"name":"wp","href":"https:\/\/api.w.org\/{rel}","templated":true}]}}