{"id":14199,"date":"2023-09-13T20:00:04","date_gmt":"2023-09-13T17:00:04","guid":{"rendered":"https:\/\/toolhouse.fi\/produkt\/mig-hitsauslanka-08mm-15kg\/"},"modified":"2026-03-22T01:40:28","modified_gmt":"2026-03-21T23:40:28","slug":"mig-hitsauslanka-08mm-15kg","status":"publish","type":"product","link":"https:\/\/toolhouse.fi\/fi\/tuote\/mig-hitsauslanka-08mm-15kg\/","title":{"rendered":"Mig hitsauslanka. 0,8mm 15kg"},"content":{"rendered":"","protected":false},"excerpt":{"rendered":"<p>Tysweld T20 SG2 on korkealaatuinen kuparip\u00e4\u00e4llysteinen pii-mangaanihitsauslanka.<\/p>\n<p>Soveltuu yleisk\u00e4ytt\u00f6\u00f6n seostamattomassa\/v\u00e4h\u00e4seosteisessa rakenneter\u00e4ksess\u00e4.<\/p>\n<p>&nbsp;<\/p>\n<p>Tarkkuuspuolaus, joka minimoi langansy\u00f6tt\u00f6ongelmien riskin, mik\u00e4 varmistaa turvallisen langansy\u00f6t\u00f6n ilman h\u00e4iri\u00f6it\u00e4 my\u00f6s pitkill\u00e4 poltinkaapelilla.<\/p>\n<p>&nbsp;<\/p>\n<ul>\n<li>Valmistaja: Tysweld gmbh<\/li>\n<li>Hitsauskaasu: ArgonMix tai Co2 (EN ISO 14175) M20, M21, M3, C1)<\/li>\n<li>Hitsattavat materiaalit: P235 \/ S235 \u2013 P420 \/ S420 jne.<\/li>\n<li>Napaisuus: =(+)<\/li>\n<li>Hyv\u00e4ksynn\u00e4t: T\u00dcV DB CE ABS<\/li>\n<li>Luokitus: EN ISO 14341-A-G 42 4 C1\/M21 G3SI1<\/li>\n<li>Koostumus: %\u00a0\u00a0\u00a0 C 0,1 \/ SI 0,85 \/ MN 1,4<\/li>\n<\/ul>\n<p>&nbsp;<\/p>\n","protected":false},"featured_media":14198,"template":"","meta":{"_acf_changed":false,"_seopress_robots_primary_cat":"","_seopress_titles_title":"","_seopress_titles_desc":"","_seopress_robots_index":""},"product_cat":[262,333,469],"product_tag":[],"class_list":{"0":"post-14199","1":"product","2":"type-product","3":"status-publish","4":"has-post-thumbnail","6":"product_cat-hitsaus-metallityo","7":"product_cat-mig-hitsaus","8":"product_cat-mig-tarvikkeet","9":"product_shipping_class-frakt-75-fi","11":"first","12":"instock","13":"taxable","14":"shipping-taxable","15":"purchasable","16":"product-type-simple","swatches":"rey-swatches","show_selected":""},"acf":[],"_links":{"self":[{"href":"https:\/\/toolhouse.fi\/fi\/wp-json\/wp\/v2\/product\/14199","targetHints":{"allow":["GET"]}}],"collection":[{"href":"https:\/\/toolhouse.fi\/fi\/wp-json\/wp\/v2\/product"}],"about":[{"href":"https:\/\/toolhouse.fi\/fi\/wp-json\/wp\/v2\/types\/product"}],"version-history":[{"count":0,"href":"https:\/\/toolhouse.fi\/fi\/wp-json\/wp\/v2\/product\/14199\/revisions"}],"wp:featuredmedia":[{"embeddable":true,"href":"https:\/\/toolhouse.fi\/fi\/wp-json\/wp\/v2\/media\/14198"}],"wp:attachment":[{"href":"https:\/\/toolhouse.fi\/fi\/wp-json\/wp\/v2\/media?parent=14199"}],"wp:term":[{"taxonomy":"product_cat","embeddable":true,"href":"https:\/\/toolhouse.fi\/fi\/wp-json\/wp\/v2\/product_cat?post=14199"},{"taxonomy":"product_tag","embeddable":true,"href":"https:\/\/toolhouse.fi\/fi\/wp-json\/wp\/v2\/product_tag?post=14199"}],"curies":[{"name":"wp","href":"https:\/\/api.w.org\/{rel}","templated":true}]}}