{"id":14207,"date":"2023-09-12T11:00:39","date_gmt":"2023-09-12T08:00:39","guid":{"rendered":"https:\/\/toolhouse.fi\/produkt\/mig-261m-4r-inverter\/"},"modified":"2023-09-16T09:51:26","modified_gmt":"2023-09-16T06:51:26","slug":"mig-261m-4r-inverter","status":"publish","type":"product","link":"https:\/\/toolhouse.fi\/fi\/tuote\/mig-261m-4r-inverter\/","title":{"rendered":"MIG 261M\/4R inverter"},"content":{"rendered":"<p>&nbsp;<\/p>\n<table class=\"table table-hover\">\n<tbody>\n<tr>\n<td class=\"param\">Valmistaja<\/td>\n<td class=\"value\">Sherman<\/td>\n<\/tr>\n<tr id=\"greybg\">\n<td class=\"param\">Malli<\/td>\n<td class=\"value\">261M\/4R inverter<\/td>\n<\/tr>\n<tr>\n<td class=\"param\">Toiminnot<\/td>\n<td class=\"value\">\u00a0<span class=\"attribute-value\">MIG\/MAG<\/span>\u00a0,\u00a0<span class=\"attribute-value\">MMA DC, Braze mig<\/span><\/td>\n<\/tr>\n<tr id=\"greybg\">\n<td class=\"param\">Liit\u00e4nt\u00e4j\u00e4nnite [V]<\/td>\n<td class=\"value\"><span class=\"attribute-value\">AC 230<\/span>\u00a0,\u00a0<span class=\"attribute-value\">AC 3\u00d7400<\/span><\/td>\n<\/tr>\n<tr>\n<td class=\"param\">valmistusteknologia<\/td>\n<td class=\"value\"><span class=\"attribute-value\">IGBT<\/span><\/td>\n<\/tr>\n<tr id=\"greybg\">\n<td class=\"param\">Max. MMA hitsausj\u00e4nnite [A]<\/td>\n<td class=\"value\"><span class=\"attribute-value\">180 (230V)<\/span>\u00a0,\u00a0<span class=\"attribute-value\">250 (3x400V)<\/span><\/td>\n<\/tr>\n<tr>\n<td class=\"param\">Max. MIG\/MAG hitsausj\u00e4nnite [A]<\/td>\n<td class=\"value\"><span class=\"attribute-value\">180 (230V)<\/span>\u00a0,\u00a0<span class=\"attribute-value\">250 (3x400V)<\/span><\/td>\n<\/tr>\n<tr id=\"greybg\">\n<td class=\"param\">MMA kuormitettavuus [%]<\/td>\n<td class=\"value\"><span class=\"attribute-value\">60<\/span><\/td>\n<\/tr>\n<tr>\n<td class=\"param\">MIG\/MAG kuormitettavuus [%]<\/td>\n<td class=\"value\"><span class=\"attribute-value\">60<\/span><\/td>\n<\/tr>\n<tr id=\"greybg\">\n<td class=\"param\">Tyhj\u00e4k\u00e4yntij\u00e4nnite[V]<\/td>\n<td class=\"value\"><span class=\"attribute-value\">59<\/span><\/td>\n<\/tr>\n<tr>\n<td class=\"param\">Langansy\u00f6tt\u00f6nopeus[m\/min]<\/td>\n<td class=\"value\"><span class=\"attribute-value\">3 \u2013 18<\/span><\/td>\n<\/tr>\n<tr id=\"greybg\">\n<td class=\"param\">MIG j\u00e4nnite[V]<\/td>\n<td class=\"value\"><span class=\"attribute-value\">16.5-23 (230V)<\/span>\u00a0,\u00a0<span class=\"attribute-value\">16.5-26.5 (3x400V)<\/span><\/td>\n<\/tr>\n<tr>\n<td class=\"param\">MIG j\u00e4lkikaasu[s]<\/td>\n<td class=\"value\"><span class=\"attribute-value\">0-10<\/span><\/td>\n<\/tr>\n<tr id=\"greybg\">\n<td class=\"param\">Max virrankulutus MMA [kVA}<\/td>\n<td class=\"value\"><span class=\"attribute-value\">9.4<\/span><\/td>\n<\/tr>\n<tr>\n<td class=\"param\">Max virrankulutus MIG\/MAG [kVA]<\/td>\n<td class=\"value\"><span class=\"attribute-value\">9.4<\/span><\/td>\n<\/tr>\n<tr id=\"greybg\">\n<td class=\"param\">Max virrankulutus MMA [A]<\/td>\n<td class=\"value\"><span class=\"attribute-value\">12.8 (3x400V)<\/span>\u00a0,\u00a0<span class=\"attribute-value\">36.5 (230V)<\/span><\/td>\n<\/tr>\n<tr>\n<td class=\"param\">Max MIG\/MAG virrankulutus [A]<\/td>\n<td class=\"value\"><span class=\"attribute-value\">12.1 (3x400V)<\/span>\u00a0,\u00a0<span class=\"attribute-value\">30.8 (230V)<\/span><\/td>\n<\/tr>\n<tr id=\"greybg\">\n<td class=\"param\">Lankakelan halkaisija \u00f8 [mm]<\/td>\n<td class=\"value\"><span class=\"attribute-value\">200<\/span>\u00a0,\u00a0<span class=\"attribute-value\">300<\/span><\/td>\n<\/tr>\n<tr>\n<td class=\"param\">Langansy\u00f6tt\u00f6<\/td>\n<td class=\"value\"><span class=\"attribute-value\">4RN<\/span><\/td>\n<\/tr>\n<tr id=\"greybg\">\n<td class=\"param\">Sy\u00f6tt\u00f6rullat mitat [mm]<\/td>\n<td class=\"value\"><span class=\"attribute-value\">30x10x12 4Rn<\/span><\/td>\n<\/tr>\n<tr>\n<td class=\"param\">P\u00e4\u00e4toiminto<\/td>\n<td class=\"value\"><span class=\"attribute-value\">MIG\/MAG<\/span><\/td>\n<\/tr>\n<tr id=\"greybg\">\n<td class=\"param\">Toiminnot<\/td>\n<td class=\"value\"><span class=\"attribute-value\">2T\/4T<\/span>\u00a0,\u00a0<span class=\"attribute-value\">36V AC pistoke<\/span> , <span class=\"attribute-value\">Spool Gun lis\u00e4varuste<\/span> , 4-rullainen langansy\u00f6tt\u00f6\u00a0,\u00a0<span class=\"attribute-value\">J\u00e4lkikaasu(gas postflow)<\/span> , S\u00e4\u00e4dett\u00e4v\u00e4 induktanssi \u00a0, \u00a0Hitsaus ilman kaasua\u00a0, Portaaton s\u00e4\u00e4t\u00f6\u00a0,\u00a0<span class=\"attribute-value\">LED-n\u00e4ytt\u00f6<\/span>\u00a0,\u00a0<span class=\"attribute-value\">230\/400V, 230V sovitin<\/span><\/td>\n<\/tr>\n<tr>\n<td class=\"param\">Sulake[A]<\/td>\n<td class=\"value\"><span class=\"attribute-value\">10 (3x400V)<\/span> , 16<span class=\"attribute-value\">\u00a0(230V)<\/span><\/td>\n<\/tr>\n<tr id=\"greybg\">\n<td class=\"param\">Takuu<\/p>\n<p>CE-hyv\u00e4ksytty<\/td>\n<td class=\"value\"><span class=\"attribute-value\">12 kuukautta<\/span><\/p>\n<p>Kyll\u00e4<\/td>\n<\/tr>\n<tr>\n<td class=\"param\">Paino [kg]<\/td>\n<td class=\"value\">68.05<\/td>\n<\/tr>\n<tr id=\"greybg\">\n<td class=\"param\">Mitat (P x L x K) [cm]<\/p>\n<p>Valmistusmaa<\/td>\n<td class=\"value\">93 x 43.5 x 69.5<\/p>\n<p>Puola<\/td>\n<\/tr>\n<\/tbody>\n<\/table>\n","protected":false},"excerpt":{"rendered":"<p><img alt=\"\" fetchpriority=\"high\" decoding=\"async\" class=\"alignnone size-full wp-image-14156\" src=\"http:\/\/toolhouse.fi\/wp-content\/uploads\/2023\/09\/poli.jpg\" alt=\"\" width=\"1125\" height=\"85\" srcset=\"https:\/\/toolhouse.fi\/wp-content\/uploads\/2023\/09\/poli.jpg 1125w, https:\/\/toolhouse.fi\/wp-content\/uploads\/2023\/09\/poli-300x23.jpg 300w, https:\/\/toolhouse.fi\/wp-content\/uploads\/2023\/09\/poli-1000x76.jpg 1000w, https:\/\/toolhouse.fi\/wp-content\/uploads\/2023\/09\/poli-1024x77.jpg 1024w, https:\/\/toolhouse.fi\/wp-content\/uploads\/2023\/09\/poli-768x58.jpg 768w\" sizes=\"(max-width: 1125px) 100vw, 1125px\" \/><\/p>\n<p><strong>Sherman 261M\/4R,<\/strong>\u00a0250A mig\/mag-hitsi Shermanin huippuluokasta.<\/p>\n<p>Toisen sukupolven invertteritekniikka ja 4-rullainen langansy\u00f6tt\u00f6 takaavat t\u00e4ydelliset tulokset sek\u00e4 ohutlevyiss\u00e4 ett\u00e4 paksumpaa materiaaleissa.<\/p>\n<p>Langansy\u00f6tt\u00f6 ja Hitsausj\u00e4nnite tarkalla portaattomalla s\u00e4\u00e4d\u00f6ll\u00e4 sek\u00e4 s\u00e4\u00e4dett\u00e4v\u00e4 induktanssi mahdollistavat nopeat ja tarkat asetukset.<\/p>\n<p>&nbsp;<\/p>\n<p><strong>261M toimii sek\u00e4 400 V: n ett\u00e4 230 V: n j\u00e4nnitteell\u00e4<\/strong><\/p>\n<p>261M on 3-vaiheinen 400V hitsauskone ja maksimihitsausvirta 250A, se toimii my\u00f6s 230V: lla mukana toimitetulla sovittimella, sitten suurin hitsausvirta on 180A.<\/p>\n<p>T\u00e4m\u00e4 on ainutlaatuinen 261M: lle ja mahdollistaa k\u00e4yt\u00f6n useimmissa tiloissa, 261M muuttuu automaattisesti 230 V: ksi, kun sovitin on kytketty.<\/p>\n<p>&nbsp;<\/p>\n<ul>\n<li>400V \/ 230V<\/li>\n<li>MIG\/MAG, MMA DC, <span class=\"attribute-value\">Braze welding<\/span><\/li>\n<li>2T\/4T<\/li>\n<li>J\u00e4lkikaasun s\u00e4\u00e4t\u00f6<\/li>\n<li>Induktanssin portaaton s\u00e4\u00e4t\u00f6<\/li>\n<li>Eritt\u00e4in helppo s\u00e4\u00e4dett\u00e4vyys isolla s\u00e4\u00e4t\u00f6py\u00f6rill\u00e4 ja Led n\u00e4yt\u00f6ll\u00e4.<\/li>\n<li>Toimii K-200 (5 kg) ja K-300 (15) kg lankakelojen kanssa.<\/li>\n<li>Juotoshitsaus (<span class=\"attribute-value\">Braze welding)<\/span> galvanoidulle ter\u00e4kselle, ohutlevylle jne.<\/li>\n<li>Helppok\u00e4ytt\u00f6inen ohjauspaneeli portaattomalla s\u00e4\u00e4d\u00f6ll\u00e4 ja LED-n\u00e4yt\u00f6ll\u00e4<\/li>\n<li>4-rullan langansy\u00f6tt\u00f6<\/li>\n<li>Puikkohitsausmahdollisuus tarjoaa joustavuutta erityyppisten materiaalien hitsaamiseen<\/li>\n<li>Nopea napaisuuden muutos koneen etuosassa<\/li>\n<li>Kotelovalaistus LED-valolla<\/li>\n<li>Helppo siirt\u00e4\u00e4 suurien py\u00f6rien ansiosta.<\/li>\n<\/ul>\n<p>&nbsp;<\/p>\n<p><strong>Vakiovarusteet<\/strong><\/p>\n<ul>\n<li>Hitsauskone Sherman 261M\/4R<\/li>\n<li>TW-25\u00a0(4 m) hitsauspoltin standardi euroliittimell\u00e4<\/li>\n<li>Puikkohitsauskaapeli (3 m) 250 A:n puikonpitimell\u00e4 ja isolla DIX 35-50mm\u00b2 liittimell\u00e4<\/li>\n<li>Maadoituskaapeli (3 m)\u00a0 250 A:n maadoituspuristimella ja DIX 35-50mm\u00b2 liittimell\u00e4<\/li>\n<li>230V adapteri<\/li>\n<li>K\u00e4ytt\u00f6ohjekirja<\/li>\n<\/ul>\n<h4><a href=\"https:\/\/www.youtube.com\/watch?v=aCb7rLFVGqg&amp;t=203s\" target=\"_blank\" rel=\"noopener\"><img alt=\"\" decoding=\"async\" class=\"alignnone wp-image-13410 \" src=\"http:\/\/toolhouse.fi\/wp-content\/uploads\/2023\/05\/6-61265_-play-button-150x150.jpg\" sizes=\"(max-width: 78px) 100vw, 78px\" srcset=\"http:\/\/toolhouse.fi\/wp-content\/uploads\/2023\/05\/6-61265_-play-button-150x150.jpg 150w, http:\/\/toolhouse.fi\/wp-content\/uploads\/2023\/05\/6-61265_-play-button-100x100.jpg 100w\" alt=\"\" width=\"78\" height=\"78\" \/><\/a><a href=\"https:\/\/www.youtube.com\/watch?v=aCb7rLFVGqg&amp;t=203s\" target=\"_blank\" rel=\"noopener\"><strong><span lang=\"fi\">Linkki tuotevideoon<\/span><\/strong><\/a><\/h4>\n","protected":false},"featured_media":14159,"template":"","meta":{"_acf_changed":false,"_seopress_robots_primary_cat":"","_seopress_titles_title":"","_seopress_titles_desc":"","_seopress_robots_index":""},"product_cat":[262,333,468],"product_tag":[],"class_list":{"0":"post-14207","1":"product","2":"type-product","3":"status-publish","4":"has-post-thumbnail","6":"product_cat-hitsaus-metallityo","7":"product_cat-mig-hitsaus","8":"product_cat-mig-hitsauskoneet","9":"product_shipping_class-frakt-75-fi","11":"first","12":"instock","13":"taxable","14":"shipping-taxable","15":"purchasable","16":"product-type-simple","swatches":"rey-swatches","show_selected":""},"acf":[],"_links":{"self":[{"href":"https:\/\/toolhouse.fi\/fi\/wp-json\/wp\/v2\/product\/14207","targetHints":{"allow":["GET"]}}],"collection":[{"href":"https:\/\/toolhouse.fi\/fi\/wp-json\/wp\/v2\/product"}],"about":[{"href":"https:\/\/toolhouse.fi\/fi\/wp-json\/wp\/v2\/types\/product"}],"version-history":[{"count":0,"href":"https:\/\/toolhouse.fi\/fi\/wp-json\/wp\/v2\/product\/14207\/revisions"}],"wp:featuredmedia":[{"embeddable":true,"href":"https:\/\/toolhouse.fi\/fi\/wp-json\/wp\/v2\/media\/14159"}],"wp:attachment":[{"href":"https:\/\/toolhouse.fi\/fi\/wp-json\/wp\/v2\/media?parent=14207"}],"wp:term":[{"taxonomy":"product_cat","embeddable":true,"href":"https:\/\/toolhouse.fi\/fi\/wp-json\/wp\/v2\/product_cat?post=14207"},{"taxonomy":"product_tag","embeddable":true,"href":"https:\/\/toolhouse.fi\/fi\/wp-json\/wp\/v2\/product_tag?post=14207"}],"curies":[{"name":"wp","href":"https:\/\/api.w.org\/{rel}","templated":true}]}}