{"id":14253,"date":"2023-09-17T09:57:49","date_gmt":"2023-09-17T06:57:49","guid":{"rendered":"https:\/\/toolhouse.fi\/produkt\/hitsausmaski-automaatti\/"},"modified":"2024-11-01T11:02:14","modified_gmt":"2024-11-01T09:02:14","slug":"hitsausmaski-automaatti","status":"publish","type":"product","link":"https:\/\/toolhouse.fi\/fi\/tuote\/hitsausmaski-automaatti\/","title":{"rendered":"Hitsausmaski automaatti"},"content":{"rendered":"","protected":false},"excerpt":{"rendered":"<p class=\"product_title entry-title\"><strong>Sherman V1a<\/strong><\/p>\n<p>Korkealaatuinen hitsausmaski True Color tekniikalla, joka tarjoaa todellisen n\u00e4kym\u00e4n hitsausalueesta v\u00e4ltt\u00e4en perinteisen LCD-n\u00e4yt\u00f6n vihre\u00e4\u00e4 s\u00e4vy\u00e4.<\/p>\n<ul>\n<li>T\u00e4ysin automaattinen<\/li>\n<li>Portaaton tummuuden s\u00e4\u00e4t\u00f6 <span class=\"caps\">DIN<\/span>\u00a09-13<\/li>\n<li>Viiveen sek\u00e4 herkkyyden s\u00e4\u00e4t\u00f6<\/li>\n<li>2 tunnistesensoria<\/li>\n<li>Aurinkokenno toiminta<\/li>\n<li>Hiomatila<\/li>\n<li>S\u00e4\u00e4dett\u00e4v\u00e4\u00a0 p\u00e4\u00e4panta pehmusteella<\/li>\n<\/ul>\n<p>&nbsp;<\/p>\n<table class=\"table table-hover\">\n<tbody>\n<tr>\n<td class=\"param\"><span style=\"color: #333333;\">Valmistaja<\/span><\/p>\n<p><span style=\"color: #333333;\">Malli<\/span><\/td>\n<td class=\"value\"><span style=\"color: #333333;\">Sherman<\/span><\/p>\n<p><span style=\"color: #333333;\">V1a<\/span><\/td>\n<\/tr>\n<tr id=\"greybg\">\n<td class=\"param\"><span style=\"color: #333333;\">Lasin tummuus<\/span><\/td>\n<td class=\"value\"><span class=\"attribute-value\" style=\"color: #333333;\">DIN 9 \u2013 13<\/span><\/td>\n<\/tr>\n<tr>\n<td class=\"param\"><span style=\"color: #333333;\">Tummenemisaika\u00a0 [s]<\/span><\/td>\n<td class=\"value\"><span class=\"attribute-value\" style=\"color: #333333;\">1\/30000<\/span><\/td>\n<\/tr>\n<tr id=\"greybg\">\n<td class=\"param\"><span style=\"color: #333333;\">Vaalenemisaika\u00a0 [s]<\/span><\/td>\n<td class=\"value\"><span class=\"attribute-value\" style=\"color: #333333;\">0.25 \u2013 0.8 (s\u00e4\u00e4dett\u00e4v\u00e4)<\/span><\/td>\n<\/tr>\n<tr>\n<td class=\"param\"><span style=\"color: #333333;\">Herkkyydens\u00e4\u00e4t\u00f6<\/span><\/td>\n<td class=\"value\"><span style=\"color: #333333;\">Portaaton<\/span><\/td>\n<\/tr>\n<tr id=\"greybg\">\n<td class=\"param\"><span style=\"color: #333333;\">K\u00e4ytt\u00f6alue<\/span><\/td>\n<td class=\"value\"><span class=\"attribute-value\" style=\"color: #333333;\">Mig\/Mag, Tig, Mma, Hionta<\/span><\/td>\n<\/tr>\n<tr>\n<td class=\"param\"><span style=\"color: #333333;\">Valokaariantureita [kpl]<\/span><\/td>\n<td class=\"value\"><span class=\"attribute-value\" style=\"color: #333333;\">2<\/span><\/td>\n<\/tr>\n<tr id=\"greybg\">\n<td class=\"param\"><span style=\"color: #333333;\">N\u00e4k\u00f6kentt\u00e4 [mm]<\/span><\/td>\n<td class=\"value\"><span class=\"attribute-value\" style=\"color: #333333;\">95 x 36<\/span><\/td>\n<\/tr>\n<tr>\n<td class=\"param\"><span style=\"color: #333333;\">UV\/IR suoja<\/span><\/td>\n<td class=\"value\"><span class=\"attribute-value\" style=\"color: #333333;\">DIN 16<\/span><\/td>\n<\/tr>\n<tr id=\"greybg\">\n<td class=\"param\"><span style=\"color: #333333;\">Tummuus vaaleana\/hionta<\/span><\/td>\n<td class=\"value\"><span class=\"attribute-value\" style=\"color: #333333;\">DIN 4<\/span><\/td>\n<\/tr>\n<tr>\n<td class=\"param\"><span style=\"color: #333333;\">Optinen luokitus<\/span><\/td>\n<td class=\"value\"><span class=\"attribute-value\" style=\"color: #333333;\">1\/2\/1\/1<\/span><\/td>\n<\/tr>\n<tr id=\"greybg\">\n<td class=\"param\"><span style=\"color: #333333;\">Virtal\u00e4hde\u00a0<\/span><\/td>\n<td class=\"value\"><span style=\"color: #333333;\">Aurinkokennot\u00a0<\/span><\/td>\n<\/tr>\n<tr>\n<td class=\"param\"><span style=\"color: #333333;\">P\u00e4\u00e4lle\/pois kytkent\u00e4<\/span><\/td>\n<td class=\"value\"><span class=\"attribute-value\" style=\"color: #333333;\">Automaattinen<\/span><\/td>\n<\/tr>\n<tr id=\"greybg\">\n<td class=\"param\"><span style=\"color: #333333;\">K\u00e4ytt\u00f6l\u00e4mp\u00f6tila[\u00b0C]<\/span><\/td>\n<td class=\"value\"><span class=\"attribute-value\" style=\"color: #333333;\">-5 \u00f7 +55<\/span><\/td>\n<\/tr>\n<tr>\n<td class=\"param\"><span style=\"color: #333333;\">Takuu<\/span><\/td>\n<td class=\"value\"><span class=\"attribute-value\" style=\"color: #333333;\">12 kuukautta<\/span><\/td>\n<\/tr>\n<tr id=\"greybg\">\n<td class=\"param\"><span style=\"color: #333333;\">Paino [kg]<\/span><\/td>\n<td class=\"value\"><span style=\"color: #333333;\">0.84<\/span><\/td>\n<\/tr>\n<\/tbody>\n<\/table>\n<p>&nbsp;<\/p>\n","protected":false},"featured_media":14246,"template":"","meta":{"_acf_changed":false,"_seopress_robots_primary_cat":"","_seopress_titles_title":"","_seopress_titles_desc":"","_seopress_robots_index":""},"product_cat":[262,467,333,469,350,303,471],"product_tag":[],"class_list":{"0":"post-14253","1":"product","2":"type-product","3":"status-publish","4":"has-post-thumbnail","6":"product_cat-hitsaus-metallityo","7":"product_cat-hitsaustarvikkeet","8":"product_cat-mig-hitsaus","9":"product_cat-mig-tarvikkeet","10":"product_cat-muut","11":"product_cat-tig-hitsaus","12":"product_cat-tig-tarvikkeet","13":"product_shipping_class-frakt-75-fi","15":"first","16":"instock","17":"taxable","18":"shipping-taxable","19":"purchasable","20":"product-type-simple","swatches":"rey-swatches","show_selected":""},"acf":[],"_links":{"self":[{"href":"https:\/\/toolhouse.fi\/fi\/wp-json\/wp\/v2\/product\/14253","targetHints":{"allow":["GET"]}}],"collection":[{"href":"https:\/\/toolhouse.fi\/fi\/wp-json\/wp\/v2\/product"}],"about":[{"href":"https:\/\/toolhouse.fi\/fi\/wp-json\/wp\/v2\/types\/product"}],"version-history":[{"count":0,"href":"https:\/\/toolhouse.fi\/fi\/wp-json\/wp\/v2\/product\/14253\/revisions"}],"wp:featuredmedia":[{"embeddable":true,"href":"https:\/\/toolhouse.fi\/fi\/wp-json\/wp\/v2\/media\/14246"}],"wp:attachment":[{"href":"https:\/\/toolhouse.fi\/fi\/wp-json\/wp\/v2\/media?parent=14253"}],"wp:term":[{"taxonomy":"product_cat","embeddable":true,"href":"https:\/\/toolhouse.fi\/fi\/wp-json\/wp\/v2\/product_cat?post=14253"},{"taxonomy":"product_tag","embeddable":true,"href":"https:\/\/toolhouse.fi\/fi\/wp-json\/wp\/v2\/product_tag?post=14253"}],"curies":[{"name":"wp","href":"https:\/\/api.w.org\/{rel}","templated":true}]}}