{"id":14338,"date":"2025-06-24T12:08:34","date_gmt":"2023-10-04T09:08:34","guid":{"rendered":"https:\/\/toolhouse.fi\/produkt\/jousipuristin-mcpherson\/"},"modified":"2026-03-25T11:48:21","modified_gmt":"2026-03-25T09:48:21","slug":"jousipuristin-mcpherson","status":"publish","type":"product","link":"https:\/\/toolhouse.fi\/fi\/tuote\/jousipuristin-mcpherson\/","title":{"rendered":"Jousipuristin McPehrson"},"content":{"rendered":"","protected":false},"excerpt":{"rendered":"<p><strong>J<\/strong><strong>ousipuristin 1500kg &#8211; vaihdettavilla leuoilla<\/strong><\/p>\n<p>&nbsp;<\/p>\n<ul>\n<li>Sopii McPherson-jousij\u00e4rjestelmien purkamiseen ja asentamiseen.<\/li>\n<li>Maksimikapasiteetti: 1500 kg<\/li>\n<li>Toimitetaan kolmen leukaparin kanssa: \u00d8 65\u2013125 mm, \u00d8 88\u2013160 mm, \u00d8 126\u2013212 mm.<\/li>\n<li>Ty\u00f6skentelyalue: 0\u2013305 mm<\/li>\n<li>Ty\u00f6kalun pituus: 466 mm<\/li>\n<li class=\"flex max-w-full flex-col flex-grow\">\n<div class=\"min-h-8 text-message flex w-full flex-col items-end gap-2 whitespace-normal break-words text-start [.text-message+&amp;]:mt-5\" dir=\"auto\" data-message-author-role=\"assistant\" data-message-id=\"b11c0175-8b0c-4c1b-9774-25bcf354a1e8\" data-message-model-slug=\"gpt-4o\">\n<div class=\"flex w-full flex-col gap-1 empty:hidden first:pt-[3px]\">\n<div class=\"markdown prose w-full break-words dark:prose-invert light\">\n<p>K\u00e4ytett\u00e4v\u00e4 22 mm hylsyll\u00e4.<\/p>\n<\/div>\n<\/div>\n<\/div>\n<\/li>\n<li>Sis\u00e4lt\u00e4\u00e4 30 mm leuan jatkeen kartiomallisille jousille.<\/li>\n<li class=\"flex max-w-full flex-col flex-grow\">\n<div class=\"min-h-8 text-message flex w-full flex-col items-end gap-2 whitespace-normal break-words text-start [.text-message+&amp;]:mt-5\" dir=\"auto\" data-message-author-role=\"assistant\" data-message-id=\"485d09e0-b42a-4f1f-bfe6-bc78c46ac6bb\" data-message-model-slug=\"gpt-4o\">\n<div class=\"flex w-full flex-col gap-1 empty:hidden first:pt-[3px]\">\n<div class=\"markdown prose w-full break-words dark:prose-invert light\">Kokonaispaino: 15,5 kg<\/div>\n<\/div>\n<\/div>\n<\/li>\n<li class=\"mb-2 flex gap-3 empty:hidden -ml-2\">\n<div class=\"items-center justify-start rounded-xl p-1 flex\">Valmistaja: Geko<\/div>\n<\/li>\n<\/ul>\n","protected":false},"featured_media":26869,"template":"","meta":{"_acf_changed":false,"_seopress_robots_primary_cat":"none","_seopress_titles_title":"","_seopress_titles_desc":"","_seopress_robots_index":""},"product_cat":[481,339,40],"product_tag":[],"class_list":{"0":"post-14338","1":"product","2":"type-product","3":"status-publish","4":"has-post-thumbnail","6":"product_cat-alusta-ja-voimansiirtotyokalut","7":"product_cat-autotyokalut","8":"product_cat-korjaamolaitteet","9":"product_shipping_class-tillbehor-790e","11":"first","12":"instock","13":"taxable","14":"shipping-taxable","15":"purchasable","16":"product-type-simple","swatches":"rey-swatches","show_selected":""},"acf":[],"_links":{"self":[{"href":"https:\/\/toolhouse.fi\/fi\/wp-json\/wp\/v2\/product\/14338","targetHints":{"allow":["GET"]}}],"collection":[{"href":"https:\/\/toolhouse.fi\/fi\/wp-json\/wp\/v2\/product"}],"about":[{"href":"https:\/\/toolhouse.fi\/fi\/wp-json\/wp\/v2\/types\/product"}],"version-history":[{"count":5,"href":"https:\/\/toolhouse.fi\/fi\/wp-json\/wp\/v2\/product\/14338\/revisions"}],"predecessor-version":[{"id":26880,"href":"https:\/\/toolhouse.fi\/fi\/wp-json\/wp\/v2\/product\/14338\/revisions\/26880"}],"wp:featuredmedia":[{"embeddable":true,"href":"https:\/\/toolhouse.fi\/fi\/wp-json\/wp\/v2\/media\/26869"}],"wp:attachment":[{"href":"https:\/\/toolhouse.fi\/fi\/wp-json\/wp\/v2\/media?parent=14338"}],"wp:term":[{"taxonomy":"product_cat","embeddable":true,"href":"https:\/\/toolhouse.fi\/fi\/wp-json\/wp\/v2\/product_cat?post=14338"},{"taxonomy":"product_tag","embeddable":true,"href":"https:\/\/toolhouse.fi\/fi\/wp-json\/wp\/v2\/product_tag?post=14338"}],"curies":[{"name":"wp","href":"https:\/\/api.w.org\/{rel}","templated":true}]}}