{"id":14366,"date":"2023-10-04T13:29:27","date_gmt":"2023-10-04T10:29:27","guid":{"rendered":"https:\/\/toolhouse.fi\/produkt\/rengasnostin-tasapainotuskoneille\/"},"modified":"2025-10-02T17:46:57","modified_gmt":"2025-10-02T14:46:57","slug":"rengasnostin-tasapainotuskoneille","status":"publish","type":"product","link":"https:\/\/toolhouse.fi\/fi\/tuote\/rengasnostin-tasapainotuskoneille\/","title":{"rendered":"Rengasnostin tasapainotuskoneille"},"content":{"rendered":"","protected":false},"excerpt":{"rendered":"<p><strong>Redats<\/strong> rengashissi toimii kaikkiin tasapainotuskoneisiin.<\/p>\n<ul>\n<li>Paineilmatoiminen<\/li>\n<li>Helppo k\u00e4ytt\u00e4\u00e4 ja helppo s\u00e4\u00e4t\u00e4\u00e4 joystickill\u00e4.<\/li>\n<li>Nostimella voidaan nostaa maksimissaan 75kg painoisia renkaita.<\/li>\n<li>S\u00e4\u00e4st\u00e4\u00e4 ty\u00f6ntekij\u00e4n kuormitusta ja v\u00e4hent\u00e4\u00e4 vanteiden kolhiintumista tasapainotuskoneen akseliin.<\/li>\n<\/ul>\n<p>&nbsp;<\/p>\n<table width=\"641\">\n<tbody>\n<tr>\n<td width=\"317\"><strong>Valmistaja:<\/strong><\/td>\n<td width=\"325\">Redats<\/td>\n<\/tr>\n<tr>\n<td width=\"317\"><strong>Nostokorkeus:<\/strong><\/td>\n<td width=\"325\">430 mm<\/td>\n<\/tr>\n<tr>\n<td width=\"317\"><strong>Korkeus ala-asennossa:<\/strong><\/td>\n<td width=\"325\">120 mm<\/td>\n<\/tr>\n<tr>\n<td width=\"317\"><strong>Nostokyky:<\/strong><\/td>\n<td width=\"325\">75 kg<\/td>\n<\/tr>\n<tr>\n<td width=\"317\"><strong>Vakiovarusteet:<\/strong><\/td>\n<td width=\"325\">paineens\u00e4\u00e4timen, painemittarin, suodatin ja vedenerottimen<\/td>\n<\/tr>\n<tr>\n<td width=\"317\"><strong>Ty\u00f6paine:<\/strong><\/td>\n<td width=\"325\">6 \u2013 8 bar<\/td>\n<\/tr>\n<tr>\n<td width=\"317\"><strong>Koko(KxL)<\/strong>:<\/td>\n<td width=\"325\">82 x 64 cm<\/td>\n<\/tr>\n<tr>\n<td width=\"317\"><strong>Nostotason koko:<\/strong><\/td>\n<td width=\"325\">40 x 44 cm<\/td>\n<\/tr>\n<tr>\n<td width=\"317\"><strong>Paino:<\/strong><\/td>\n<td width=\"325\"><\/td>\n<\/tr>\n<tr>\n<td width=\"317\"><strong>CE-hyv\u00e4ksytty:<\/strong><\/td>\n<td width=\"325\">Kyll\u00e4<\/td>\n<\/tr>\n<tr>\n<td width=\"317\"><strong>Takuu:<\/strong><\/td>\n<td width=\"325\">12 kuukautta<\/td>\n<\/tr>\n<\/tbody>\n<\/table>\n<p>&nbsp;<\/p>\n<p><img alt=\"\" fetchpriority=\"high\" decoding=\"async\" class=\"aligncenter wp-image-14364\" src=\"http:\/\/toolhouse.fi\/wp-content\/uploads\/2023\/10\/nostin.jpg\" alt=\"\" width=\"1000\" height=\"358\" srcset=\"https:\/\/toolhouse.fi\/wp-content\/uploads\/2023\/10\/nostin.jpg 1437w, https:\/\/toolhouse.fi\/wp-content\/uploads\/2023\/10\/nostin-300x108.jpg 300w, https:\/\/toolhouse.fi\/wp-content\/uploads\/2023\/10\/nostin-1000x358.jpg 1000w, https:\/\/toolhouse.fi\/wp-content\/uploads\/2023\/10\/nostin-1024x367.jpg 1024w, https:\/\/toolhouse.fi\/wp-content\/uploads\/2023\/10\/nostin-768x275.jpg 768w\" sizes=\"(max-width: 1000px) 100vw, 1000px\" \/><\/p>\n","protected":false},"featured_media":14354,"template":"","meta":{"_acf_changed":false,"_seopress_robots_primary_cat":"none","_seopress_titles_title":"","_seopress_titles_desc":"","_seopress_robots_index":""},"product_cat":[477,39,187,622],"product_tag":[],"class_list":{"0":"post-14366","1":"product","2":"type-product","3":"status-publish","4":"has-post-thumbnail","6":"product_cat-lisavarusteet-ja-varaosat-2","7":"product_cat-rengastyo","8":"product_cat-tasapainotuskoneet","9":"product_cat-tasapainotuskoneet-kevyt-kalusto","10":"product_shipping_class-w-220-230-fi","12":"first","13":"instock","14":"taxable","15":"shipping-taxable","16":"purchasable","17":"product-type-simple","swatches":"rey-swatches","show_selected":""},"acf":[],"_links":{"self":[{"href":"https:\/\/toolhouse.fi\/fi\/wp-json\/wp\/v2\/product\/14366","targetHints":{"allow":["GET"]}}],"collection":[{"href":"https:\/\/toolhouse.fi\/fi\/wp-json\/wp\/v2\/product"}],"about":[{"href":"https:\/\/toolhouse.fi\/fi\/wp-json\/wp\/v2\/types\/product"}],"version-history":[{"count":0,"href":"https:\/\/toolhouse.fi\/fi\/wp-json\/wp\/v2\/product\/14366\/revisions"}],"wp:featuredmedia":[{"embeddable":true,"href":"https:\/\/toolhouse.fi\/fi\/wp-json\/wp\/v2\/media\/14354"}],"wp:attachment":[{"href":"https:\/\/toolhouse.fi\/fi\/wp-json\/wp\/v2\/media?parent=14366"}],"wp:term":[{"taxonomy":"product_cat","embeddable":true,"href":"https:\/\/toolhouse.fi\/fi\/wp-json\/wp\/v2\/product_cat?post=14366"},{"taxonomy":"product_tag","embeddable":true,"href":"https:\/\/toolhouse.fi\/fi\/wp-json\/wp\/v2\/product_tag?post=14366"}],"curies":[{"name":"wp","href":"https:\/\/api.w.org\/{rel}","templated":true}]}}