{"id":14542,"date":"2023-10-15T18:40:03","date_gmt":"2023-10-15T15:40:03","guid":{"rendered":"https:\/\/toolhouse.fi\/produkt\/autopukkipari-3t\/"},"modified":"2025-03-25T15:55:59","modified_gmt":"2025-03-25T13:55:59","slug":"autopukkipari-3t","status":"publish","type":"product","link":"https:\/\/toolhouse.fi\/fi\/tuote\/autopukkipari-3t\/","title":{"rendered":"Autopukkipari kumisuojilla 3T"},"content":{"rendered":"","protected":false},"excerpt":{"rendered":"<p data-start=\"0\" data-end=\"41\"><strong>Helposti s\u00e4\u00e4dett\u00e4v\u00e4t pukit kumisuojilla<\/strong><\/p>\n<ul data-start=\"43\" data-end=\"182\" data-is-only-node=\"\" data-is-last-node=\"\">\n<li data-start=\"43\" data-end=\"65\">Korkeus 290\u2013420 mm<\/li>\n<li data-start=\"66\" data-end=\"97\">Lukittavissa 9 eri asentoon<\/li>\n<li data-start=\"98\" data-end=\"155\">Sis\u00e4lt\u00e4\u00e4 kumisuojat, jotka suojaavat ajoneuvon pohjaa<\/li>\n<li data-start=\"156\" data-end=\"182\" data-is-last-node=\"\">Toimitetaan pareittain<\/li>\n<\/ul>\n<p>&nbsp;<\/p>\n<table class=\"n54117_dictionary\">\n<tbody>\n<tr>\n<td class=\"n54117_item_a1\"><span class=\"n67256colon\" style=\"color: #333333;\">Valmistaja:<\/span><\/td>\n<td class=\"n54117_item_b1\">\n<div class=\"n54117_item_b_sub\"><span class=\"n54117_name_sub\" style=\"color: #333333;\">Geko<\/span><\/div>\n<\/td>\n<\/tr>\n<tr>\n<td class=\"n54117_item_a2\"><span class=\"n67256colon\" style=\"color: #333333;\">Kuormitus:<\/span><\/td>\n<td class=\"n54117_item_b2\">\n<div class=\"n54117_item_b_sub\"><span style=\"color: #333333;\">3000 kg<\/span><\/div>\n<\/td>\n<\/tr>\n<tr>\n<td class=\"n54117_item_a1\"><span class=\"n67256colon\" style=\"color: #333333;\">Min. korkeus :<\/span><\/td>\n<td class=\"n54117_item_b1\">\n<div class=\"n54117_item_b_sub\"><span style=\"color: #333333;\">290 mm<\/span><\/div>\n<\/td>\n<\/tr>\n<tr>\n<td class=\"n54117_item_a2\"><span class=\"n67256colon\" style=\"color: #333333;\">Maks. korkeus :<\/span><\/td>\n<td class=\"n54117_item_b2\">\n<div class=\"n54117_item_b_sub\"><span style=\"color: #333333;\">420 mm<\/span><\/div>\n<\/td>\n<\/tr>\n<tr>\n<td class=\"n54117_item_a1\"><span class=\"n67256colon\" style=\"color: #333333;\">Jalustan koko :<\/span><\/td>\n<td class=\"n54117_item_b1\"><span style=\"color: #333333;\">205 x 200 mm<\/span><\/td>\n<\/tr>\n<tr>\n<td class=\"n54117_item_a2\"><span class=\"n67256colon\" style=\"color: #333333;\">Paino :<\/span><\/td>\n<td class=\"n54117_item_b2\">\n<div class=\"n54117_item_b_sub\"><span style=\"color: #333333;\">5 kg<\/span><\/div>\n<\/td>\n<\/tr>\n<tr>\n<td class=\"n54117_item_a1\"><span style=\"color: #333333;\">Lukitustasoja :<\/span><\/td>\n<td class=\"n54117_item_b1\">\n<div class=\"n54117_item_b_sub\"><span style=\"color: #333333;\">9<\/span><\/div>\n<\/td>\n<\/tr>\n<tr>\n<td class=\"n54117_item_a2\"><span style=\"color: #333333;\">Takuu :<\/span><\/td>\n<td class=\"n54117_item_b2\"><span style=\"color: #333333;\">1 vuosi<\/span><\/td>\n<\/tr>\n<tr>\n<td class=\"n54117_item_a1\">Ce-hyv\u00e4ksytty<\/td>\n<td class=\"n54117_item_b1\">Kyll\u00e4<\/td>\n<\/tr>\n<tr>\n<td class=\"n54117_item_a2\"><\/td>\n<td class=\"n54117_item_b2\">\n<div class=\"n54117_item_b_sub\"><\/div>\n<\/td>\n<\/tr>\n<\/tbody>\n<\/table>\n<p>&nbsp;<\/p>\n","protected":false},"featured_media":24986,"template":"","meta":{"_acf_changed":false,"_seopress_robots_primary_cat":"none","_seopress_titles_title":"","_seopress_titles_desc":"","_seopress_robots_index":""},"product_cat":[455,287],"product_tag":[],"class_list":{"0":"post-14542","1":"product","2":"type-product","3":"status-publish","4":"has-post-thumbnail","6":"product_cat-ajoneuvonostimet","7":"product_cat-tunkit-pukit","8":"product_shipping_class-tillbehor-790e","10":"first","11":"instock","12":"taxable","13":"shipping-taxable","14":"purchasable","15":"product-type-simple","swatches":"rey-swatches","show_selected":""},"acf":[],"_links":{"self":[{"href":"https:\/\/toolhouse.fi\/fi\/wp-json\/wp\/v2\/product\/14542","targetHints":{"allow":["GET"]}}],"collection":[{"href":"https:\/\/toolhouse.fi\/fi\/wp-json\/wp\/v2\/product"}],"about":[{"href":"https:\/\/toolhouse.fi\/fi\/wp-json\/wp\/v2\/types\/product"}],"version-history":[{"count":3,"href":"https:\/\/toolhouse.fi\/fi\/wp-json\/wp\/v2\/product\/14542\/revisions"}],"predecessor-version":[{"id":24997,"href":"https:\/\/toolhouse.fi\/fi\/wp-json\/wp\/v2\/product\/14542\/revisions\/24997"}],"wp:featuredmedia":[{"embeddable":true,"href":"https:\/\/toolhouse.fi\/fi\/wp-json\/wp\/v2\/media\/24986"}],"wp:attachment":[{"href":"https:\/\/toolhouse.fi\/fi\/wp-json\/wp\/v2\/media?parent=14542"}],"wp:term":[{"taxonomy":"product_cat","embeddable":true,"href":"https:\/\/toolhouse.fi\/fi\/wp-json\/wp\/v2\/product_cat?post=14542"},{"taxonomy":"product_tag","embeddable":true,"href":"https:\/\/toolhouse.fi\/fi\/wp-json\/wp\/v2\/product_tag?post=14542"}],"curies":[{"name":"wp","href":"https:\/\/api.w.org\/{rel}","templated":true}]}}