{"id":14565,"date":"2023-10-18T20:22:15","date_gmt":"2023-10-18T17:22:15","guid":{"rendered":"https:\/\/toolhouse.fi\/produkt\/piiloventtiiliisarja\/"},"modified":"2026-05-04T02:26:59","modified_gmt":"2026-05-03T23:26:59","slug":"piiloventtiiliisarja","status":"publish","type":"product","link":"https:\/\/toolhouse.fi\/fi\/tuote\/piiloventtiiliisarja\/","title":{"rendered":"Piiloventtiiliisarja"},"content":{"rendered":"","protected":false},"excerpt":{"rendered":"<p><span style=\"color: #282828;\">Pakkaus sis\u00e4lt\u00e4\u00e4 nelj\u00e4 venttiili\u00e4, yhden venttiiliavaimen sek\u00e4 kaksi varametallihattua.<\/span><\/p>\n<p><span style=\"color: #282828;\">Sopii alumiinivanteisiin, joissa on standardi \u00d8 11,3 mm venttiilireik\u00e4.<\/span><\/p>\n<h3 class=\"LC20lb MBeuO DKV0Md\"><\/h3>\n<p><span style=\"color: #282828;\">Pituus: 24 mm<\/span><\/p>\n<p><span style=\"color: #282828;\"><span class=\"dictionary__name_txt\">Halkaisija: <\/span>11.3 mm<\/span><\/p>\n<p><span style=\"color: #282828;\"><span class=\"dictionary__name_txt\">Ventiilireik\u00e4: <\/span>11.3 mm + 0.4 mm<\/span><\/p>\n<p>&nbsp;<\/p>\n<div class=\"dictionary__param row mb-3\">\n<div><img alt=\"\" fetchpriority=\"high\" decoding=\"async\" class=\"alignnone wp-image-14561 size-medium\" src=\"http:\/\/toolhouse.fi\/wp-content\/uploads\/2023\/10\/piiloventtiilisarja-300x300.jpg\" alt=\"\" width=\"300\" height=\"300\" srcset=\"https:\/\/toolhouse.fi\/wp-content\/uploads\/2023\/10\/piiloventtiilisarja-300x300.jpg 300w, https:\/\/toolhouse.fi\/wp-content\/uploads\/2023\/10\/piiloventtiilisarja-100x100.jpg 100w, https:\/\/toolhouse.fi\/wp-content\/uploads\/2023\/10\/piiloventtiilisarja-510x510.jpg 510w, https:\/\/toolhouse.fi\/wp-content\/uploads\/2023\/10\/piiloventtiilisarja-150x150.jpg 150w, https:\/\/toolhouse.fi\/wp-content\/uploads\/2023\/10\/piiloventtiilisarja-768x768.jpg 768w, https:\/\/toolhouse.fi\/wp-content\/uploads\/2023\/10\/piiloventtiilisarja.jpg 1000w\" sizes=\"(max-width: 300px) 100vw, 300px\" \/><\/div>\n<div class=\"dictionary__values col-6\">\n<div class=\"dictionary__value\"><\/div>\n<\/div>\n<\/div>\n","protected":false},"featured_media":14558,"template":"","meta":{"_acf_changed":false,"_seopress_robots_primary_cat":"","_seopress_titles_title":"","_seopress_titles_desc":"","_seopress_robots_index":""},"product_cat":[298],"product_tag":[],"class_list":{"0":"post-14565","1":"product","2":"type-product","3":"status-publish","4":"has-post-thumbnail","6":"product_cat-rengasventtiilit","7":"product_shipping_class-tillbehor-590e","9":"first","10":"instock","11":"taxable","12":"shipping-taxable","13":"purchasable","14":"product-type-simple","swatches":"rey-swatches","show_selected":""},"acf":[],"_links":{"self":[{"href":"https:\/\/toolhouse.fi\/fi\/wp-json\/wp\/v2\/product\/14565","targetHints":{"allow":["GET"]}}],"collection":[{"href":"https:\/\/toolhouse.fi\/fi\/wp-json\/wp\/v2\/product"}],"about":[{"href":"https:\/\/toolhouse.fi\/fi\/wp-json\/wp\/v2\/types\/product"}],"version-history":[{"count":0,"href":"https:\/\/toolhouse.fi\/fi\/wp-json\/wp\/v2\/product\/14565\/revisions"}],"wp:featuredmedia":[{"embeddable":true,"href":"https:\/\/toolhouse.fi\/fi\/wp-json\/wp\/v2\/media\/14558"}],"wp:attachment":[{"href":"https:\/\/toolhouse.fi\/fi\/wp-json\/wp\/v2\/media?parent=14565"}],"wp:term":[{"taxonomy":"product_cat","embeddable":true,"href":"https:\/\/toolhouse.fi\/fi\/wp-json\/wp\/v2\/product_cat?post=14565"},{"taxonomy":"product_tag","embeddable":true,"href":"https:\/\/toolhouse.fi\/fi\/wp-json\/wp\/v2\/product_tag?post=14565"}],"curies":[{"name":"wp","href":"https:\/\/api.w.org\/{rel}","templated":true}]}}