{"id":14568,"date":"2023-10-19T17:54:06","date_gmt":"2023-10-19T14:54:06","guid":{"rendered":"https:\/\/toolhouse.fi\/?post_type=product&#038;p=14568"},"modified":"2023-10-19T18:22:18","modified_gmt":"2023-10-19T15:22:18","slug":"oljytin-3-8","status":"publish","type":"product","link":"https:\/\/toolhouse.fi\/fi\/tuote\/oljytin-3-8\/","title":{"rendered":"\u00d6ljytin 3\/8&#8243;"},"content":{"rendered":"","protected":false},"excerpt":{"rendered":"<p><strong>Redats P-810 3\/8 automaattinen \u00f6ljytin<\/strong><\/p>\n<ul>\n<li>3\/8&#8243; sis\u00e4kierre<\/li>\n<li>Paine 0,5 &#8211; 9 bar<\/li>\n<li>S\u00e4\u00e4dett\u00e4v\u00e4 \u00f6ljyn annostus.<\/li>\n<li>K\u00e4ytt\u00f6l\u00e4mp\u00f6tila\u00a0 0\u00b0C &#8230; +60\u00b0C<\/li>\n<li>Sis\u00e4lt\u00e4\u00e4 3\/8 RQS pistoliitin ja 3\/8 RQS pikaliitin<\/li>\n<li>Materiaali: alumiini ja polykarbonaatti.<\/li>\n<\/ul>\n<p>&nbsp;<\/p>\n<p><img alt=\"\" fetchpriority=\"high\" decoding=\"async\" class=\"wp-image-14569  aligncenter\" src=\"http:\/\/toolhouse.fi\/wp-content\/uploads\/2023\/10\/eng_pl_Oil-separator-REDATS-P-810-3-8-STD-2803_2.jpg\" alt=\"\" width=\"329\" height=\"302\" srcset=\"https:\/\/toolhouse.fi\/wp-content\/uploads\/2023\/10\/eng_pl_Oil-separator-REDATS-P-810-3-8-STD-2803_2.jpg 1100w, https:\/\/toolhouse.fi\/wp-content\/uploads\/2023\/10\/eng_pl_Oil-separator-REDATS-P-810-3-8-STD-2803_2-300x275.jpg 300w, https:\/\/toolhouse.fi\/wp-content\/uploads\/2023\/10\/eng_pl_Oil-separator-REDATS-P-810-3-8-STD-2803_2-1000x916.jpg 1000w, https:\/\/toolhouse.fi\/wp-content\/uploads\/2023\/10\/eng_pl_Oil-separator-REDATS-P-810-3-8-STD-2803_2-1024x938.jpg 1024w, https:\/\/toolhouse.fi\/wp-content\/uploads\/2023\/10\/eng_pl_Oil-separator-REDATS-P-810-3-8-STD-2803_2-768x704.jpg 768w\" sizes=\"(max-width: 329px) 100vw, 329px\" \/><\/p>\n<p>&nbsp;<\/p>\n","protected":false},"featured_media":14572,"template":"","meta":{"_acf_changed":false,"_seopress_robots_primary_cat":"","_seopress_titles_title":"","_seopress_titles_desc":"","_seopress_robots_index":""},"product_cat":[217,331],"product_tag":[],"class_list":{"0":"post-14568","1":"product","2":"type-product","3":"status-publish","4":"has-post-thumbnail","6":"product_cat-kompressori-ja-paineilma","7":"product_cat-muut-paineilmalaitteet","8":"product_shipping_class-tillbehor-790e","10":"first","11":"instock","12":"taxable","13":"shipping-taxable","14":"purchasable","15":"product-type-simple","swatches":"rey-swatches","show_selected":""},"acf":[],"_links":{"self":[{"href":"https:\/\/toolhouse.fi\/fi\/wp-json\/wp\/v2\/product\/14568","targetHints":{"allow":["GET"]}}],"collection":[{"href":"https:\/\/toolhouse.fi\/fi\/wp-json\/wp\/v2\/product"}],"about":[{"href":"https:\/\/toolhouse.fi\/fi\/wp-json\/wp\/v2\/types\/product"}],"version-history":[{"count":0,"href":"https:\/\/toolhouse.fi\/fi\/wp-json\/wp\/v2\/product\/14568\/revisions"}],"wp:featuredmedia":[{"embeddable":true,"href":"https:\/\/toolhouse.fi\/fi\/wp-json\/wp\/v2\/media\/14572"}],"wp:attachment":[{"href":"https:\/\/toolhouse.fi\/fi\/wp-json\/wp\/v2\/media?parent=14568"}],"wp:term":[{"taxonomy":"product_cat","embeddable":true,"href":"https:\/\/toolhouse.fi\/fi\/wp-json\/wp\/v2\/product_cat?post=14568"},{"taxonomy":"product_tag","embeddable":true,"href":"https:\/\/toolhouse.fi\/fi\/wp-json\/wp\/v2\/product_tag?post=14568"}],"curies":[{"name":"wp","href":"https:\/\/api.w.org\/{rel}","templated":true}]}}