{"id":14614,"date":"2023-10-23T16:37:03","date_gmt":"2023-10-23T13:37:03","guid":{"rendered":"https:\/\/toolhouse.fi\/produkt\/rengasliitu-12-kpl\/"},"modified":"2026-01-27T21:37:45","modified_gmt":"2026-01-27T19:37:45","slug":"rengasliitu-12-kpl","status":"publish","type":"product","link":"https:\/\/toolhouse.fi\/fi\/tuote\/rengasliitu-12-kpl\/","title":{"rendered":"Rengasliitu 12 kpl"},"content":{"rendered":"","protected":false},"excerpt":{"rendered":"<p>Redats rengasliitu.<\/p>\n<p>Pakkaus sis\u00e4lt\u00e4\u00e4 12kpl valkoista liitua.<\/p>\n","protected":false},"featured_media":14611,"template":"","meta":{"_acf_changed":false,"_seopress_robots_primary_cat":"","_seopress_titles_title":"","_seopress_titles_desc":"","_seopress_robots_index":""},"product_cat":[163,39],"product_tag":[],"class_list":{"0":"post-14614","1":"product","2":"type-product","3":"status-publish","4":"has-post-thumbnail","6":"product_cat-rengaskoneiden-tarvikkeet","7":"product_cat-rengastyo","8":"product_shipping_class-tillbehor-790e","10":"first","11":"instock","12":"taxable","13":"shipping-taxable","14":"purchasable","15":"product-type-simple","swatches":"rey-swatches","show_selected":""},"acf":[],"_links":{"self":[{"href":"https:\/\/toolhouse.fi\/fi\/wp-json\/wp\/v2\/product\/14614","targetHints":{"allow":["GET"]}}],"collection":[{"href":"https:\/\/toolhouse.fi\/fi\/wp-json\/wp\/v2\/product"}],"about":[{"href":"https:\/\/toolhouse.fi\/fi\/wp-json\/wp\/v2\/types\/product"}],"version-history":[{"count":0,"href":"https:\/\/toolhouse.fi\/fi\/wp-json\/wp\/v2\/product\/14614\/revisions"}],"wp:featuredmedia":[{"embeddable":true,"href":"https:\/\/toolhouse.fi\/fi\/wp-json\/wp\/v2\/media\/14611"}],"wp:attachment":[{"href":"https:\/\/toolhouse.fi\/fi\/wp-json\/wp\/v2\/media?parent=14614"}],"wp:term":[{"taxonomy":"product_cat","embeddable":true,"href":"https:\/\/toolhouse.fi\/fi\/wp-json\/wp\/v2\/product_cat?post=14614"},{"taxonomy":"product_tag","embeddable":true,"href":"https:\/\/toolhouse.fi\/fi\/wp-json\/wp\/v2\/product_tag?post=14614"}],"curies":[{"name":"wp","href":"https:\/\/api.w.org\/{rel}","templated":true}]}}