{"id":14691,"date":"2023-11-06T19:23:46","date_gmt":"2023-11-06T17:23:46","guid":{"rendered":"https:\/\/toolhouse.fi\/produkt\/rengasnostin-rengaskoneelle\/"},"modified":"2025-10-02T18:09:08","modified_gmt":"2025-10-02T15:09:08","slug":"rengasnostin-rengaskoneelle","status":"publish","type":"product","link":"https:\/\/toolhouse.fi\/fi\/tuote\/rengasnostin-rengaskoneelle\/","title":{"rendered":"Rengasnostin rengaskoneille"},"content":{"rendered":"<table border=\"0\" width=\"423\" cellspacing=\"0\" cellpadding=\"2\">\n<tbody>\n<tr>\n<td width=\"322\"><span style=\"color: #282828;\"><strong>Nostokyky:<\/strong><\/span><\/td>\n<td width=\"93\"><span style=\"color: #282828;\"><strong>65 kg<\/strong><\/span><\/td>\n<\/tr>\n<tr>\n<td bgcolor=\"#f1f1f1\" width=\"322\"><span style=\"color: #282828;\"><strong>Nostokorkeus:<\/strong><\/span><\/td>\n<td bgcolor=\"#f1f1f1\" width=\"93\"><span style=\"color: #282828;\"><strong>780 mm<\/strong><\/span><\/td>\n<\/tr>\n<tr>\n<td width=\"322\"><span style=\"color: #282828;\"><strong>Ty\u00f6paine:<\/strong><\/span><\/td>\n<td width=\"93\"><span style=\"color: #282828;\"><strong>6 &#8211; 8 bar<\/strong><\/span><\/td>\n<\/tr>\n<tr>\n<td bgcolor=\"#f1f1f1\" width=\"322\"><span style=\"color: #282828;\"><strong>Korkeus ala-asennossa:<\/strong><\/span><\/td>\n<td bgcolor=\"#f1f1f1\" width=\"93\"><span style=\"color: #282828;\"><strong>600 mm<\/strong><\/span><\/td>\n<\/tr>\n<tr>\n<td width=\"322\"><span style=\"color: #282828;\"><strong>Leveys:<\/strong><\/span><\/td>\n<td width=\"93\"><span style=\"color: #282828;\"><strong>670 mm<\/strong><\/span><\/td>\n<\/tr>\n<tr>\n<td bgcolor=\"#f1f1f1\" width=\"322\"><span style=\"color: #282828;\"><strong>Pituus:<\/strong><\/span><\/td>\n<td bgcolor=\"#f1f1f1\" width=\"93\"><span style=\"color: #282828;\"><strong>640 mm<\/strong><\/span><\/td>\n<\/tr>\n<tr>\n<td width=\"322\"><span style=\"color: #282828;\"><strong>Paino:<\/strong><\/span><\/td>\n<td width=\"93\"><span style=\"color: #282828;\"><strong>52 kg<\/strong><\/span><\/td>\n<\/tr>\n<tr>\n<td bgcolor=\"#f1f1f1\" width=\"322\"><span style=\"color: #282828;\"><strong>Takuu:<\/strong><\/span><\/td>\n<td bgcolor=\"#f1f1f1\" width=\"93\"><span style=\"color: #282828;\"><strong>12 kuukautta<\/strong><\/span><\/td>\n<\/tr>\n<\/tbody>\n<\/table>\n","protected":false},"excerpt":{"rendered":"<p>Paineilmatoiminen rengasnostin kaikille rengaskoneille.<\/p>\n<p>Helppok\u00e4ytt\u00f6inen rengashissi, joka nostaa renkaan vaakasuoraan asentoon parissa sekunnissa, rengas on helposti siirrett\u00e4viss\u00e4 rengasnostimen ja rengaskoneen v\u00e4lill\u00e4 20 rullalla.<\/p>\n<ul>\n<li>K\u00e4ytt\u00f6 jalkapolkimella<\/li>\n<li>Nostokorkeus 780 mm<\/li>\n<li>Renkaan enimm\u00e4ispaino 65 kg<\/li>\n<\/ul>\n","protected":false},"featured_media":14688,"template":"","meta":{"_acf_changed":false,"_seopress_robots_primary_cat":"none","_seopress_titles_title":"","_seopress_titles_desc":"","_seopress_robots_index":""},"product_cat":[475,188,163,39,566],"product_tag":[],"class_list":{"0":"post-14691","1":"product","2":"type-product","3":"status-publish","4":"has-post-thumbnail","6":"product_cat-lisavarusteet-ja-varaosat","7":"product_cat-rengaskoneet","8":"product_cat-rengaskoneiden-tarvikkeet","9":"product_cat-rengastyo","10":"product_cat-renkaan-asennuskoneet","11":"product_shipping_class-w-220-230-fi","13":"first","14":"instock","15":"sale","16":"taxable","17":"shipping-taxable","18":"purchasable","19":"product-type-simple","swatches":"rey-swatches","show_selected":""},"acf":[],"_links":{"self":[{"href":"https:\/\/toolhouse.fi\/fi\/wp-json\/wp\/v2\/product\/14691","targetHints":{"allow":["GET"]}}],"collection":[{"href":"https:\/\/toolhouse.fi\/fi\/wp-json\/wp\/v2\/product"}],"about":[{"href":"https:\/\/toolhouse.fi\/fi\/wp-json\/wp\/v2\/types\/product"}],"version-history":[{"count":2,"href":"https:\/\/toolhouse.fi\/fi\/wp-json\/wp\/v2\/product\/14691\/revisions"}],"predecessor-version":[{"id":28954,"href":"https:\/\/toolhouse.fi\/fi\/wp-json\/wp\/v2\/product\/14691\/revisions\/28954"}],"wp:featuredmedia":[{"embeddable":true,"href":"https:\/\/toolhouse.fi\/fi\/wp-json\/wp\/v2\/media\/14688"}],"wp:attachment":[{"href":"https:\/\/toolhouse.fi\/fi\/wp-json\/wp\/v2\/media?parent=14691"}],"wp:term":[{"taxonomy":"product_cat","embeddable":true,"href":"https:\/\/toolhouse.fi\/fi\/wp-json\/wp\/v2\/product_cat?post=14691"},{"taxonomy":"product_tag","embeddable":true,"href":"https:\/\/toolhouse.fi\/fi\/wp-json\/wp\/v2\/product_tag?post=14691"}],"curies":[{"name":"wp","href":"https:\/\/api.w.org\/{rel}","templated":true}]}}