{"id":14713,"date":"2023-11-08T12:00:02","date_gmt":"2023-11-08T10:00:03","guid":{"rendered":"https:\/\/toolhouse.fi\/?post_type=product&#038;p=14713"},"modified":"2023-11-16T15:23:38","modified_gmt":"2023-11-16T13:23:38","slug":"mk-5600-raskaan-kaluston-rengaskone-14-56","status":"publish","type":"product","link":"https:\/\/toolhouse.fi\/fi\/tuote\/mk-5600-raskaan-kaluston-rengaskone-14-56\/","title":{"rendered":"MK-5600 raskaan kaluston rengaskone 14 &#8221;- 56&#8221;"},"content":{"rendered":"<table class=\"n54117_dictionary\">\n<tbody>\n<tr>\n<td class=\"n54117_item_a1\"><span style=\"color: #333333;\">Max renkaan leveys<span class=\"n67256colon\">:<\/span><\/span><\/td>\n<td class=\"n54117_item_b1\">\n<div class=\"n54117_item_b_sub\"><span style=\"color: #333333;\">1065 mm<\/span><\/div>\n<\/td>\n<\/tr>\n<tr>\n<td class=\"n54117_item_a2\"><span style=\"color: #333333;\">Max renkaan halkaisija <span class=\"n67256colon\">:<\/span><\/span><\/td>\n<td class=\"n54117_item_b2\">\n<div class=\"n54117_item_b_sub\"><span style=\"color: #333333;\">2300 mm<\/span><\/div>\n<\/td>\n<\/tr>\n<tr>\n<td class=\"n54117_item_a1\"><span style=\"color: #333333;\">Max renkaan paino<span class=\"n67256colon\">:<\/span><\/span><\/td>\n<td class=\"n54117_item_b1\">\n<div class=\"n54117_item_b_sub\"><span style=\"color: #333333;\">1500 kg<\/span><\/div>\n<\/td>\n<\/tr>\n<tr>\n<td class=\"n54117_item_a2\"><span class=\"n67256colon\" style=\"color: #333333;\">Vannekoot sis\u00e4:<\/span><\/td>\n<td class=\"n54117_item_b2\">\n<div class=\"n54117_item_b_sub\"><span style=\"color: #333333;\">14 &#8221;- 56&#8221;<\/span><\/div>\n<\/td>\n<\/tr>\n<tr>\n<td class=\"n54117_item_a1\"><span style=\"color: #333333;\">Py\u00f6ritysmoottori<span class=\"n67256colon\">:<\/span><\/span><\/td>\n<td class=\"n54117_item_b1\">\n<div class=\"n54117_item_b_sub\"><span style=\"color: #333333;\">2,2kW<\/span><\/div>\n<\/td>\n<\/tr>\n<tr>\n<td class=\"n54117_item_a2\"><span class=\"n67256colon\" style=\"color: #333333;\">Hydr. pumpun moottori:<\/span><\/td>\n<td class=\"n54117_item_b2\">\n<div class=\"n54117_item_b_sub\"><span style=\"color: #333333;\">2,2kW<\/span><\/div>\n<\/td>\n<\/tr>\n<tr>\n<td class=\"n54117_item_a1\"><span class=\"n67256colon\" style=\"color: #333333;\">Palteenirrottajan voima:<\/span><\/td>\n<td class=\"n54117_item_b1\">\n<div class=\"n54117_item_b_sub\"><span style=\"color: #333333;\">\u00a0kg<\/span><\/div>\n<\/td>\n<\/tr>\n<tr>\n<td class=\"n54117_item_a2\"><span style=\"color: #333333;\">K\u00e4ytt\u00f6j\u00e4nnite:<\/span><\/p>\n<p><span style=\"color: #333333;\">Ohjausj\u00e4nnite:\u00a0<\/span><\/td>\n<td class=\"n54117_item_b2\">\n<div class=\"n54117_item_b_sub\"><span style=\"color: #333333;\">400V<\/span><\/div>\n<div><\/div>\n<div><span style=\"color: #333333;\">24V<\/span><\/div>\n<\/td>\n<\/tr>\n<tr>\n<td class=\"n54117_item_a1\"><span style=\"color: #333333;\">Mitat (k x p x l)<span class=\"n67256colon\">:<\/span><\/span><\/td>\n<td class=\"n54117_item_b1\">\n<div class=\"n54117_item_b_sub\"><span style=\"color: #333333;\">100 x 220 x 230 cm<\/span><\/div>\n<\/td>\n<\/tr>\n<tr>\n<td class=\"n54117_item_a2\"><span style=\"color: #333333;\">Melun taso<span class=\"n67256colon\">:<\/span><\/span><\/td>\n<td class=\"n54117_item_b2\">\n<div class=\"n54117_item_b_sub\"><span style=\"color: #333333;\">&lt;70 dBA<\/span><\/div>\n<\/td>\n<\/tr>\n<tr>\n<td class=\"n54117_item_a1\"><span style=\"color: #333333;\">Soveltuvuus<span class=\"n67256colon\">:<\/span><\/span><\/td>\n<td class=\"n54117_item_b1\">\n<div class=\"n54117_item_b_sub\"><span class=\"n67256colon\" style=\"color: #333333;\">kuorma auto,linja auto,maatalous,teolisuus, ty\u00f6kone<\/span><\/div>\n<\/td>\n<\/tr>\n<tr>\n<td class=\"n54117_item_a2\"><span style=\"color: #333333;\">Takuu:<\/span><\/td>\n<td class=\"n54117_item_b2\"><span style=\"color: #333333;\">12 kuukautta<\/span><\/td>\n<\/tr>\n<tr>\n<td class=\"n54117_item_a1\"><span style=\"color: #333333;\">Paino:<\/span><\/td>\n<td class=\"n54117_item_b1\">\n<div class=\"n54117_item_b_sub\"><span style=\"color: #333333;\">800 kg<\/span><\/div>\n<\/td>\n<\/tr>\n<tr>\n<td class=\"n54117_item_a2\"><span style=\"color: #333333;\">Ce-hyv\u00e4ksytty<span class=\"n67256colon\">:<\/span><\/span><\/td>\n<td class=\"n54117_item_b2\">\n<div class=\"n54117_item_b_sub\"><span style=\"color: #333333;\">Kyll\u00e4<\/span><\/div>\n<\/td>\n<\/tr>\n<\/tbody>\n<\/table>\n","protected":false},"excerpt":{"rendered":"<p>MK-5600 raskaan kaluston rengaskone <span style=\"font-size: 14.4px;\">soveltuu k<\/span><span style=\"font-size: 14.4px;\">uorma-auton, traktorin sek\u00e4 ty\u00f6koneiden renkaille.<\/span><\/p>\n<ul>\n<li>Vanteen halkaisija 14&#8243; &#8211; 56&#8243;<\/li>\n<li>Max renkaan halkaisija 2300mm.<\/li>\n<li>Max renkaan paino 1500kg.<\/li>\n<li>Siirrett\u00e4v\u00e4 ohjausyksikk\u00f6<\/li>\n<li>Sis\u00e4lt\u00e4\u00e4 vannelukko, rengasraudat 60 ja 100 cm\n<div class=\"product-short-description\"><\/div>\n<\/li>\n<li>V\u00e4ri: punainen<\/li>\n<\/ul>\n","protected":false},"featured_media":14723,"template":"","meta":{"_acf_changed":false,"_seopress_robots_primary_cat":"","_seopress_titles_title":"","_seopress_titles_desc":"","_seopress_robots_index":"","_seopress_analysis_target_kw":""},"product_cat":[188,474,39],"product_tag":[],"class_list":{"0":"post-14713","1":"product","2":"type-product","3":"status-publish","4":"has-post-thumbnail","6":"product_cat-rengaskoneet","7":"product_cat-rengaskoneet-raskaalle-kalustolle","8":"product_cat-rengastyo","9":"product_shipping_class-frakt290e-fi","11":"first","12":"instock","13":"taxable","14":"shipping-taxable","15":"purchasable","16":"product-type-simple","swatches":"rey-swatches","show_selected":""},"acf":[],"_links":{"self":[{"href":"https:\/\/toolhouse.fi\/fi\/wp-json\/wp\/v2\/product\/14713","targetHints":{"allow":["GET"]}}],"collection":[{"href":"https:\/\/toolhouse.fi\/fi\/wp-json\/wp\/v2\/product"}],"about":[{"href":"https:\/\/toolhouse.fi\/fi\/wp-json\/wp\/v2\/types\/product"}],"version-history":[{"count":0,"href":"https:\/\/toolhouse.fi\/fi\/wp-json\/wp\/v2\/product\/14713\/revisions"}],"wp:featuredmedia":[{"embeddable":true,"href":"https:\/\/toolhouse.fi\/fi\/wp-json\/wp\/v2\/media\/14723"}],"wp:attachment":[{"href":"https:\/\/toolhouse.fi\/fi\/wp-json\/wp\/v2\/media?parent=14713"}],"wp:term":[{"taxonomy":"product_cat","embeddable":true,"href":"https:\/\/toolhouse.fi\/fi\/wp-json\/wp\/v2\/product_cat?post=14713"},{"taxonomy":"product_tag","embeddable":true,"href":"https:\/\/toolhouse.fi\/fi\/wp-json\/wp\/v2\/product_tag?post=14713"}],"curies":[{"name":"wp","href":"https:\/\/api.w.org\/{rel}","templated":true}]}}