{"id":14805,"date":"2023-11-18T18:00:45","date_gmt":"2023-11-18T16:00:45","guid":{"rendered":"https:\/\/toolhouse.fi\/produkt\/morsekartio-adapterisarja\/"},"modified":"2025-10-13T21:12:47","modified_gmt":"2025-10-13T18:12:47","slug":"morsekartio-adapterisarja","status":"publish","type":"product","link":"https:\/\/toolhouse.fi\/fi\/tuote\/morsekartio-adapterisarja\/","title":{"rendered":"Morsekartio adapterisarja"},"content":{"rendered":"","protected":false},"excerpt":{"rendered":"<p>Sarja sis\u00e4lt\u00e4\u00e4 kolme v\u00e4hennysholkit.<\/p>\n<ul>\n<li class=\"page-title-ui page-title-ui-isk-fix page-title-lq \">MK 4-3<\/li>\n<li class=\"page-title-ui page-title-ui-isk-fix page-title-lq \">MK 3-2<\/li>\n<li class=\"page-title-ui page-title-ui-isk-fix page-title-lq \">MK 2-1<\/li>\n<\/ul>\n","protected":false},"featured_media":14802,"template":"","meta":{"_acf_changed":false,"_seopress_robots_primary_cat":"","_seopress_titles_title":"","_seopress_titles_desc":"","_seopress_robots_index":""},"product_cat":[473,258],"product_tag":[],"class_list":{"0":"post-14805","1":"product","2":"type-product","3":"status-publish","4":"has-post-thumbnail","6":"product_cat-metallityon-tarvikkeet","7":"product_cat-pylvasporakoneet","8":"product_shipping_class-tillbehor-790e","10":"first","11":"instock","12":"taxable","13":"shipping-taxable","14":"purchasable","15":"product-type-simple","swatches":"rey-swatches","show_selected":""},"acf":[],"_links":{"self":[{"href":"https:\/\/toolhouse.fi\/fi\/wp-json\/wp\/v2\/product\/14805","targetHints":{"allow":["GET"]}}],"collection":[{"href":"https:\/\/toolhouse.fi\/fi\/wp-json\/wp\/v2\/product"}],"about":[{"href":"https:\/\/toolhouse.fi\/fi\/wp-json\/wp\/v2\/types\/product"}],"version-history":[{"count":1,"href":"https:\/\/toolhouse.fi\/fi\/wp-json\/wp\/v2\/product\/14805\/revisions"}],"predecessor-version":[{"id":20607,"href":"https:\/\/toolhouse.fi\/fi\/wp-json\/wp\/v2\/product\/14805\/revisions\/20607"}],"wp:featuredmedia":[{"embeddable":true,"href":"https:\/\/toolhouse.fi\/fi\/wp-json\/wp\/v2\/media\/14802"}],"wp:attachment":[{"href":"https:\/\/toolhouse.fi\/fi\/wp-json\/wp\/v2\/media?parent=14805"}],"wp:term":[{"taxonomy":"product_cat","embeddable":true,"href":"https:\/\/toolhouse.fi\/fi\/wp-json\/wp\/v2\/product_cat?post=14805"},{"taxonomy":"product_tag","embeddable":true,"href":"https:\/\/toolhouse.fi\/fi\/wp-json\/wp\/v2\/product_tag?post=14805"}],"curies":[{"name":"wp","href":"https:\/\/api.w.org\/{rel}","templated":true}]}}