{"id":14819,"date":"2023-11-18T19:31:26","date_gmt":"2023-11-18T17:31:26","guid":{"rendered":"https:\/\/toolhouse.fi\/produkt\/hydraulinen-ulosvetaja-10t\/"},"modified":"2026-03-19T10:09:00","modified_gmt":"2026-03-19T08:09:00","slug":"hydraulinen-ulosvetaja-10t","status":"publish","type":"product","link":"https:\/\/toolhouse.fi\/fi\/tuote\/hydraulinen-ulosvetaja-10t\/","title":{"rendered":"Hydraulinen ulosvet\u00e4j\u00e4 10T"},"content":{"rendered":"","protected":false},"excerpt":{"rendered":"<p>Nopea ja tehokas hydraulinen ulosvedin jota voidaan k\u00e4ytt\u00e4\u00e4 kaksi tai kolmeleukaisena.<\/p>\n<p>&nbsp;<\/p>\n<ul>\n<li>Voidaan k\u00e4ytt\u00e4\u00e4 kaikissa asennoissa.<\/li>\n<li>Kahva k\u00e4\u00e4nnett\u00e4viss\u00e4 360\u00b0.<\/li>\n<li>voima 100kN (10T).<\/li>\n<li>Aukeama 60-250 mm.<\/li>\n<li>Ulottuma 170 mm.<\/li>\n<li>Hydraulisylinterin liike 60 mm.<\/li>\n<li>Paino 10,2 kg.<\/li>\n<\/ul>\n","protected":false},"featured_media":14810,"template":"","meta":{"_acf_changed":false,"_seopress_robots_primary_cat":"","_seopress_titles_title":"","_seopress_titles_desc":"","_seopress_robots_index":""},"product_cat":[337,40,486],"product_tag":[],"class_list":{"0":"post-14819","1":"product","2":"type-product","3":"status-publish","4":"has-post-thumbnail","6":"product_cat-tyokalut","7":"product_cat-korjaamolaitteet","8":"product_cat-ulosvetajat","9":"product_shipping_class-tillbehor-790e","11":"first","12":"instock","13":"taxable","14":"shipping-taxable","15":"purchasable","16":"product-type-simple","swatches":"rey-swatches","show_selected":""},"acf":[],"_links":{"self":[{"href":"https:\/\/toolhouse.fi\/fi\/wp-json\/wp\/v2\/product\/14819","targetHints":{"allow":["GET"]}}],"collection":[{"href":"https:\/\/toolhouse.fi\/fi\/wp-json\/wp\/v2\/product"}],"about":[{"href":"https:\/\/toolhouse.fi\/fi\/wp-json\/wp\/v2\/types\/product"}],"version-history":[{"count":0,"href":"https:\/\/toolhouse.fi\/fi\/wp-json\/wp\/v2\/product\/14819\/revisions"}],"wp:featuredmedia":[{"embeddable":true,"href":"https:\/\/toolhouse.fi\/fi\/wp-json\/wp\/v2\/media\/14810"}],"wp:attachment":[{"href":"https:\/\/toolhouse.fi\/fi\/wp-json\/wp\/v2\/media?parent=14819"}],"wp:term":[{"taxonomy":"product_cat","embeddable":true,"href":"https:\/\/toolhouse.fi\/fi\/wp-json\/wp\/v2\/product_cat?post=14819"},{"taxonomy":"product_tag","embeddable":true,"href":"https:\/\/toolhouse.fi\/fi\/wp-json\/wp\/v2\/product_tag?post=14819"}],"curies":[{"name":"wp","href":"https:\/\/api.w.org\/{rel}","templated":true}]}}