{"id":14878,"date":"2023-11-20T13:46:53","date_gmt":"2023-11-20T11:46:53","guid":{"rendered":"https:\/\/toolhouse.fi\/produkt\/kuusiokoloavainsarja-9-osaa\/"},"modified":"2025-11-02T21:27:37","modified_gmt":"2025-11-02T19:27:37","slug":"kuusiokoloavainsarja-9-osaa","status":"publish","type":"product","link":"https:\/\/toolhouse.fi\/fi\/tuote\/kuusiokoloavainsarja-9-osaa\/","title":{"rendered":"Kuusiokoloavainsarja, 9 osaa"},"content":{"rendered":"","protected":false},"excerpt":{"rendered":"<p>Pitk\u00e4t kuusiokoloavaimet, joissa on sek\u00e4 tavallinen ett\u00e4 pallomainen p\u00e4\u00e4.<\/p>\n<p>&nbsp;<\/p>\n<ul>\n<li>Voidaan kallistaa 25\u00b0<\/li>\n<li>H10:n pituus 260 mm<\/li>\n<li>Kromivanadiiniter\u00e4s<\/li>\n<li>Toimitetaan taitettavassa muovipidikkeess\u00e4.<\/li>\n<\/ul>\n<p><strong>Sis\u00e4lt\u00f6 <\/strong><strong>9 kuusiokoloavainta\u00a0<\/strong><\/p>\n<p>H1,5, H2, H2,5, H3, H4, H5, H6, H8, H10.<\/p>\n<p>&nbsp;<\/p>\n","protected":false},"featured_media":14877,"template":"","meta":{"_acf_changed":false,"_seopress_robots_primary_cat":"","_seopress_titles_title":"","_seopress_titles_desc":"","_seopress_robots_index":""},"product_cat":[487,337,40],"product_tag":[],"class_list":{"0":"post-14878","1":"product","2":"type-product","3":"status-publish","4":"has-post-thumbnail","6":"product_cat-hylsytyokalut-vaantotyokalut","7":"product_cat-tyokalut","8":"product_cat-korjaamolaitteet","9":"product_shipping_class-tillbehor-790e","11":"first","12":"instock","13":"taxable","14":"shipping-taxable","15":"purchasable","16":"product-type-simple","swatches":"rey-swatches","show_selected":""},"acf":[],"_links":{"self":[{"href":"https:\/\/toolhouse.fi\/fi\/wp-json\/wp\/v2\/product\/14878","targetHints":{"allow":["GET"]}}],"collection":[{"href":"https:\/\/toolhouse.fi\/fi\/wp-json\/wp\/v2\/product"}],"about":[{"href":"https:\/\/toolhouse.fi\/fi\/wp-json\/wp\/v2\/types\/product"}],"version-history":[{"count":0,"href":"https:\/\/toolhouse.fi\/fi\/wp-json\/wp\/v2\/product\/14878\/revisions"}],"wp:featuredmedia":[{"embeddable":true,"href":"https:\/\/toolhouse.fi\/fi\/wp-json\/wp\/v2\/media\/14877"}],"wp:attachment":[{"href":"https:\/\/toolhouse.fi\/fi\/wp-json\/wp\/v2\/media?parent=14878"}],"wp:term":[{"taxonomy":"product_cat","embeddable":true,"href":"https:\/\/toolhouse.fi\/fi\/wp-json\/wp\/v2\/product_cat?post=14878"},{"taxonomy":"product_tag","embeddable":true,"href":"https:\/\/toolhouse.fi\/fi\/wp-json\/wp\/v2\/product_tag?post=14878"}],"curies":[{"name":"wp","href":"https:\/\/api.w.org\/{rel}","templated":true}]}}